{"id":12986,"date":"2021-06-28T14:38:32","date_gmt":"2021-06-28T19:38:32","guid":{"rendered":"https:\/\/dev.firesmartcanada.ca\/page-daccueil\/"},"modified":"2025-09-16T17:39:06","modified_gmt":"2025-09-16T22:39:06","slug":"page-daccueil","status":"publish","type":"page","link":"https:\/\/dev.firesmartcanada.ca\/fr\/","title":{"rendered":"Page d&rsquo;accueil"},"content":{"rendered":"<p>[et_pb_section fb_built=\u00a0\u00bb1&Prime; _builder_version=\u00a0\u00bb4.27.4&Prime; _module_preset=\u00a0\u00bbdefault\u00a0\u00bb background_video_mp4=\u00a0\u00bbhttps:\/\/firesmartcanada.ca\/wp-content\/uploads\/2025\/03\/CIFCC_2025_15s-ENG-WEBSITE-6000&#215;3450-CLEAN.mp4&Prime; background_video_width=\u00a0\u00bb6000&Prime; background_video_height=\u00a0\u00bb3450&Prime; background_video_pause_outside_viewport=\u00a0\u00bboff\u00a0\u00bb positioning=\u00a0\u00bbnone\u00a0\u00bb vertical_offset=\u00a0\u00bb0px\u00a0\u00bb horizontal_offset=\u00a0\u00bb0px\u00a0\u00bb z_index=\u00a0\u00bb500&Prime; max_width=\u00a0\u00bb100%\u00a0\u00bb module_alignment=\u00a0\u00bbcenter\u00a0\u00bb min_height=\u00a0\u00bb1000px\u00a0\u00bb min_height_tablet=\u00a0\u00bb1000px\u00a0\u00bb min_height_phone=\u00a0\u00bb1000px\u00a0\u00bb min_height_last_edited=\u00a0\u00bbon|desktop\u00a0\u00bb height=\u00a0\u00bb509px\u00a0\u00bb max_height=\u00a0\u00bb542px\u00a0\u00bb custom_margin=\u00a0\u00bbauto||||false|false\u00a0\u00bb custom_padding=\u00a0\u00bb||||false|false\u00a0\u00bb link_option_url=\u00a0\u00bbhttps:\/\/www.youtube.com\/watch?v=9aSGsCRZWUc&#038;feature=youtu.be\u00a0\u00bb background_last_edited=\u00a0\u00bbon|phone\u00a0\u00bb background_video_mp4_tablet=\u00a0\u00bbhttps:\/\/firesmartcanada.ca\/wp-content\/uploads\/2025\/03\/CIFFC_2025_15s_780p.mp4&Prime; background_video_mp4_phone=\u00a0\u00bbhttps:\/\/firesmartcanada.ca\/wp-content\/uploads\/2025\/03\/CIFFC_2025_15s_780p.mp4&Prime; background_enable_video_mp4_tablet=\u00a0\u00bbon\u00a0\u00bb background_enable_video_mp4_phone=\u00a0\u00bbon\u00a0\u00bb background_video_width_phone=\u00a0\u00bb1280&Prime; background_video_height_phone=\u00a0\u00bb720&Prime; background_video_pause_outside_viewport_phone=\u00a0\u00bbon\u00a0\u00bb global_colors_info=\u00a0\u00bb{}\u00a0\u00bb][et_pb_row _builder_version=\u00a0\u00bb4.27.4&Prime; _module_preset=\u00a0\u00bbdefault\u00a0\u00bb custom_margin=\u00a0\u00bb850px||||false|false\u00a0\u00bb global_colors_info=\u00a0\u00bb{}\u00a0\u00bb][et_pb_column type=\u00a0\u00bb4_4&Prime; _builder_version=\u00a0\u00bb4.27.4&Prime; _module_preset=\u00a0\u00bbdefault\u00a0\u00bb global_colors_info=\u00a0\u00bb{}\u00a0\u00bb][et_pb_button button_url=\u00a0\u00bbhttps:\/\/youtu.be\/9aSGsCRZWUc?si=etRI0enlVaVveExT\u00a0\u00bb url_new_window=\u00a0\u00bbon\u00a0\u00bb button_text=\u00a0\u00bbRegarder la vid\u00e9o compl\u00e8te\u00a0\u00bb button_alignment=\u00a0\u00bbright\u00a0\u00bb disabled_on=\u00a0\u00bboff|off|off\u00a0\u00bb _builder_version=\u00a0\u00bb4.27.4&Prime; _module_preset=\u00a0\u00bbdefault\u00a0\u00bb custom_button=\u00a0\u00bbon\u00a0\u00bb button_text_color=\u00a0\u00bb#FFFFFF\u00a0\u00bb button_bg_color=\u00a0\u00bb#24272A\u00a0\u00bb button_border_width=\u00a0\u00bb0px\u00a0\u00bb button_font=\u00a0\u00bb||||||||\u00a0\u00bb button_icon=\u00a0\u00bb&#xf167;||fa||400&Prime; button_text_shadow_style=\u00a0\u00bbpreset1&Prime; global_colors_info=\u00a0\u00bb{}\u00a0\u00bb button_bg_color__hover=\u00a0\u00bb#3a3f44&Prime; button_bg_color__hover_enabled=\u00a0\u00bbon|hover\u00a0\u00bb][\/et_pb_button][\/et_pb_column][\/et_pb_row][\/et_pb_section][et_pb_section fb_built=\u00a0\u00bb1&Prime; _builder_version=\u00a0\u00bb4.27.4&Prime; _module_preset=\u00a0\u00bbdefault\u00a0\u00bb min_height=\u00a0\u00bb480px\u00a0\u00bb custom_margin=\u00a0\u00bb-15px|||||\u00a0\u00bb custom_padding=\u00a0\u00bb33px||4px|||\u00a0\u00bb global_colors_info=\u00a0\u00bb{}\u00a0\u00bb][et_pb_row _builder_version=\u00a0\u00bb4.27.4&Prime; _module_preset=\u00a0\u00bbdefault\u00a0\u00bb global_colors_info=\u00a0\u00bb{}\u00a0\u00bb][et_pb_column type=\u00a0\u00bb4_4&Prime; _builder_version=\u00a0\u00bb4.27.4&Prime; _module_preset=\u00a0\u00bbdefault\u00a0\u00bb global_colors_info=\u00a0\u00bb{}\u00a0\u00bb][et_pb_image src=\u00a0\u00bbhttps:\/\/dev.firesmartcanada.ca\/wp-content\/uploads\/2025\/09\/DoNotFeedTheWildfires_French_Hor.png\u00a0\u00bb title_text=\u00a0\u00bbSign_EN\u00a0\u00bb align=\u00a0\u00bbcenter\u00a0\u00bb _builder_version=\u00a0\u00bb4.27.4&Prime; _module_preset=\u00a0\u00bbdefault\u00a0\u00bb module_alignment=\u00a0\u00bbcenter\u00a0\u00bb max_height=\u00a0\u00bb295px\u00a0\u00bb global_colors_info=\u00a0\u00bb{}\u00a0\u00bb][\/et_pb_image][\/et_pb_column][\/et_pb_row][\/et_pb_section][et_pb_section fb_built=\u00a0\u00bb1&Prime; _builder_version=\u00a0\u00bb4.27.4&Prime; _module_preset=\u00a0\u00bbdefault\u00a0\u00bb width=\u00a0\u00bb93%\u00a0\u00bb max_width=\u00a0\u00bb100%\u00a0\u00bb module_alignment=\u00a0\u00bbcenter\u00a0\u00bb min_height=\u00a0\u00bb624px\u00a0\u00bb height=\u00a0\u00bb1000px\u00a0\u00bb max_height=\u00a0\u00bb609px\u00a0\u00bb custom_margin=\u00a0\u00bb-114px||||false|false\u00a0\u00bb custom_padding=\u00a0\u00bb33px||0px|||\u00a0\u00bb global_colors_info=\u00a0\u00bb{}\u00a0\u00bb][et_pb_row _builder_version=\u00a0\u00bb4.27.4&Prime; _module_preset=\u00a0\u00bbdefault\u00a0\u00bb global_colors_info=\u00a0\u00bb{}\u00a0\u00bb][et_pb_column type=\u00a0\u00bb4_4&Prime; _builder_version=\u00a0\u00bb4.27.4&Prime; _module_preset=\u00a0\u00bbdefault\u00a0\u00bb global_colors_info=\u00a0\u00bb{}\u00a0\u00bb][et_pb_text _builder_version=\u00a0\u00bb4.27.4&Prime; _module_preset=\u00a0\u00bbdefault\u00a0\u00bb min_height=\u00a0\u00bb309px\u00a0\u00bb global_colors_info=\u00a0\u00bb{}\u00a0\u00bb]<\/p>\n<h3 style=\"text-align: center;\"><strong>Le risque d&rsquo;incendies de for\u00eat augmente partout au Canada.<\/strong><\/h3>\n<h3 style=\"text-align: center;\">Cette r\u00e9alit\u00e9 met en danger les r\u00e9sidences et les communaut\u00e9s canadiennes. La bonne nouvelle, c\u2019est qu\u2019il existe des mesures simples \u00e0 poser pour prot\u00e9ger votre foyer et vos voisins.<\/h3>\n<h3 style=\"text-align: center;\">Nous savons qu\u2019environ 90 % des \u00e9v\u00e9nements touchant les maisons lors d\u2019incendies de for\u00eat sont caus\u00e9s par des chutes de braises. Ces braises peuvent \u00eatre port\u00e9es par le vent sur plusieurs kilom\u00e8tres en amont d\u2019un incendie et enflammer des mat\u00e9riaux combustibles situ\u00e9s sur ou pr\u00e8s de votre maison. C\u2019est donc en retirant au feu son carburant, par l\u2019\u00e9limination des mat\u00e9riaux susceptibles de le nourrir, que vous pouvez pr\u00e9venir les flammes et prot\u00e9ger votre maison.<\/h3>\n<h3 style=\"text-align: center;\">En posant des gestes simples, vous pouvez r\u00e9duire le risque d&rsquo;incendie pour votre maison et votre voisinage, et ainsi assurer la s\u00e9curit\u00e9 de votre famille et celle de votre communaut\u00e9.<\/h3>\n<h3 style=\"text-align: center;\"><strong>S&rsquo;il vous pla\u00eet, <span style=\"color: #ff0000;\"><em>ne nourrissez pas les feux de for\u00eat<\/em>.<\/span><\/strong><\/h3>\n<p>[\/et_pb_text][\/et_pb_column][\/et_pb_row][\/et_pb_section][et_pb_section fb_built=\u00a0\u00bb1&Prime; _builder_version=\u00a0\u00bb4.16&Prime; _module_preset=\u00a0\u00bbdefault\u00a0\u00bb min_height=\u00a0\u00bb262.1px\u00a0\u00bb custom_margin=\u00a0\u00bb-15px|||||\u00a0\u00bb custom_padding=\u00a0\u00bb33px||4px|||\u00a0\u00bb global_colors_info=\u00a0\u00bb{}\u00a0\u00bb][et_pb_row column_structure=\u00a0\u00bb1_3,1_3,1_3&Prime; module_class=\u00a0\u00bbscalable-columns\u00a0\u00bb _builder_version=\u00a0\u00bb4.27.4&Prime; _module_preset=\u00a0\u00bbdefault\u00a0\u00bb global_colors_info=\u00a0\u00bb{}\u00a0\u00bb][et_pb_column type=\u00a0\u00bb1_3&Prime; _builder_version=\u00a0\u00bb4.27.4&Prime; _module_preset=\u00a0\u00bbdefault\u00a0\u00bb global_colors_info=\u00a0\u00bb{}\u00a0\u00bb][et_pb_slider _builder_version=\u00a0\u00bb4.27.4&Prime; _module_preset=\u00a0\u00bbdefault\u00a0\u00bb header_font=\u00a0\u00bbMontserrat|700|||||||\u00a0\u00bb background_color=\u00a0\u00bb#214775&Prime; custom_button=\u00a0\u00bbon\u00a0\u00bb button_text_size=\u00a0\u00bb1.25rem\u00a0\u00bb button_text_color=\u00a0\u00bb#000000&Prime; button_bg_color=\u00a0\u00bb#efcb17&Prime; button_border_width=\u00a0\u00bb0px\u00a0\u00bb button_icon=\u00a0\u00bb&#x35;||divi||400&Prime; button_icon_color=\u00a0\u00bb#000000&Prime; link_option_url=\u00a0\u00bb\/wp-content\/uploads\/2025\/09\/Home-Ignition-Zone-Poster-FR-PRINT.pdf\u00a0\u00bb global_colors_info=\u00a0\u00bb{}\u00a0\u00bb button_bg_color__hover=\u00a0\u00bb#e0b900&Prime; button_bg_color__hover_enabled=\u00a0\u00bbon|desktop\u00a0\u00bb button_icon_color__hover=\u00a0\u00bb#000000&Prime; button_icon_color__hover_enabled=\u00a0\u00bbon|desktop\u00a0\u00bb][et_pb_slide heading=\u00a0\u00bbLignes directrices de la zone d&rsquo;inflammabilit\u00e9 r\u00e9sidentielle\u00a0\u00bb button_text=\u00a0\u00bbCliquez ici\u00a0\u00bb button_link=\u00a0\u00bbhttps:\/\/firesmartcanada.ca\/wp-content\/uploads\/2023\/12\/Home-Ignition-Zone-Poster-EN.pdf\u00a0\u00bb _builder_version=\u00a0\u00bb4.27.4&Prime; _module_preset=\u00a0\u00bbdefault\u00a0\u00bb header_level=\u00a0\u00bbh2&Prime; header_font=\u00a0\u00bb&#8211;et_global_heading_font|700|||on|||RGBA(255,255,255,0)|\u00a0\u00bb background_color=\u00a0\u00bb#214775&Prime; background_enable_color=\u00a0\u00bbon\u00a0\u00bb link_option_url=\u00a0\u00bbhttps:\/\/firesmartcanada.ca\/wp-content\/uploads\/2023\/12\/Home-Ignition-Zone-Poster-EN.pdf\u00a0\u00bb global_colors_info=\u00a0\u00bb{}\u00a0\u00bb sticky_transition=\u00a0\u00bbon\u00a0\u00bb]<\/p>\n<p><a href=\"https:\/\/dev.firesmartcanada.ca\/wp-content\/uploads\/2025\/09\/Home-Ignition-Zone-FR-SCREEN-300x233.png\"><img decoding=\"async\" src=\"https:\/\/dev.firesmartcanada.ca\/wp-content\/uploads\/2025\/09\/Home-Ignition-Zone-FR-SCREEN-300x233.png\" width=\"100%\" height=\"162\" alt=\"\" class=\"wp-image-12175 alignnone size-medium\" \/><\/a><\/p>\n<h4><\/h4>\n<h4>Renseignez-vous sur la zone d\u2019inflammabilit\u00e9 r\u00e9sidentielle pour apprendre comment \u00e9viter de nourrir les feux.<\/h4>\n<p>&nbsp;<\/p>\n<p>[\/et_pb_slide][\/et_pb_slider][\/et_pb_column][et_pb_column type=\u00a0\u00bb1_3&Prime; _builder_version=\u00a0\u00bb4.27.4&Prime; _module_preset=\u00a0\u00bbdefault\u00a0\u00bb global_colors_info=\u00a0\u00bb{}\u00a0\u00bb][et_pb_slider _builder_version=\u00a0\u00bb4.27.4&Prime; _module_preset=\u00a0\u00bbdefault\u00a0\u00bb header_font=\u00a0\u00bbMontserrat|700|||||||\u00a0\u00bb background_color=\u00a0\u00bb#214775&Prime; custom_button=\u00a0\u00bbon\u00a0\u00bb link_option_url=\u00a0\u00bbhttps:\/\/firesmartcanada.ca\/wp-content\/uploads\/2023\/07\/HIZ-Self-Assessment-8.5&#215;11-WEB.pdf\u00a0\u00bb global_colors_info=\u00a0\u00bb{}\u00a0\u00bb][et_pb_slide heading=\u00a0\u00bbRemplir un formulaire d&rsquo;\u00e9valuation\u00a0\u00bb button_link=\u00a0\u00bbhttps:\/\/firesmartcanada.ca\/wp-content\/uploads\/2023\/07\/HIZ-Self-Assessment-8.5&#215;11-WEB.pdf\u00a0\u00bb _builder_version=\u00a0\u00bb4.27.4&Prime; _module_preset=\u00a0\u00bbdefault\u00a0\u00bb header_font=\u00a0\u00bb&#8211;et_global_heading_font|700|||on|||RGBA(255,255,255,0)|\u00a0\u00bb background_color=\u00a0\u00bb#214775&Prime; background_enable_color=\u00a0\u00bbon\u00a0\u00bb link_option_url=\u00a0\u00bbhttps:\/\/firesmartcanada.ca\/wp-content\/uploads\/2023\/07\/HIZ-Self-Assessment-8.5&#215;11-WEB.pdf\u00a0\u00bb global_colors_info=\u00a0\u00bb{}\u00a0\u00bb sticky_transition=\u00a0\u00bbon\u00a0\u00bb]<\/p>\n<h4><a href=\"https:\/\/dev.firesmartcanada.ca\/wp-content\/uploads\/2025\/09\/App_FR-300x300-1.png\"><img decoding=\"async\" src=\"https:\/\/dev.firesmartcanada.ca\/wp-content\/uploads\/2025\/09\/App_FR-300x300-1.png\" width=\"100%\" height=\"194\" alt=\"\" class=\"wp-image-12177 alignnone size-medium\" \/><\/a><\/h4>\n<h4>Compl\u00e9tez l\u2019auto\u00e9valuation de votre maison pour conna\u00eetre quels sont vos risques et les mesures \u00e0 prendre pour les att\u00e9nuer.<\/h4>\n<p><a href=\"https:\/\/play.google.com\/store\/apps\/details?id=com.firesmartcanada\" target=\"_blank\" rel=\"noopener\"><img loading=\"lazy\" decoding=\"async\" src=\"https:\/\/dev.firesmartcanada.ca\/wp-content\/uploads\/2025\/09\/google-play-french-300x105-1.png\" width=\"138\" height=\"42\" alt=\"\" class=\"wp-image-12219 alignnone size-medium\" \/><\/a><\/p>\n<p><a href=\"https:\/\/apps.apple.com\/ca\/app\/firesmart-begins-at-home\/id1473869628\" target=\"_blank\" rel=\"noopener\"><img loading=\"lazy\" decoding=\"async\" src=\"https:\/\/dev.firesmartcanada.ca\/wp-content\/uploads\/2025\/09\/app-store-fr-300x116-1.png\" width=\"142\" height=\"49\" alt=\"\" class=\"wp-image-12220 alignnone size-medium\" \/><\/a><\/p>\n<p>[\/et_pb_slide][\/et_pb_slider][\/et_pb_column][et_pb_column type=\u00a0\u00bb1_3&Prime; _builder_version=\u00a0\u00bb4.27.4&Prime; _module_preset=\u00a0\u00bbdefault\u00a0\u00bb global_colors_info=\u00a0\u00bb{}\u00a0\u00bb][et_pb_slider _builder_version=\u00a0\u00bb4.27.4&Prime; _module_preset=\u00a0\u00bbdefault\u00a0\u00bb header_font=\u00a0\u00bbMontserrat|700|||||||\u00a0\u00bb background_color=\u00a0\u00bb#214775&Prime; custom_button=\u00a0\u00bbon\u00a0\u00bb button_text_size=\u00a0\u00bb1.25rem\u00a0\u00bb button_text_color=\u00a0\u00bb#000000&Prime; button_bg_color=\u00a0\u00bb#efcb17&Prime; button_border_width=\u00a0\u00bb0px\u00a0\u00bb button_icon=\u00a0\u00bb&#x35;||divi||400&Prime; button_icon_color=\u00a0\u00bb#000000&Prime; link_option_url=\u00a0\u00bbhttps:\/\/firesmartcanada.ca\/resources\/\u00a0\u00bb global_colors_info=\u00a0\u00bb{}\u00a0\u00bb button_bg_color__hover=\u00a0\u00bb#e0b900&Prime; button_bg_color__hover_enabled=\u00a0\u00bbon|desktop\u00a0\u00bb button_icon_color__hover=\u00a0\u00bb#000000&Prime; button_icon_color__hover_enabled=\u00a0\u00bbon|desktop\u00a0\u00bb][et_pb_slide heading=\u00a0\u00bbConseils et ressources Intelli-feu Canada\u00a0\u00bb button_text=\u00a0\u00bbCliquez ici\u00a0\u00bb button_link=\u00a0\u00bbhttps:\/\/firesmartcanada.ca\/resources\/\u00a0\u00bb _builder_version=\u00a0\u00bb4.27.4&Prime; _module_preset=\u00a0\u00bbdefault\u00a0\u00bb link_option_url=\u00a0\u00bbhttps:\/\/firesmartcanada.ca\/resources\/\u00a0\u00bb global_colors_info=\u00a0\u00bb{}\u00a0\u00bb sticky_transition=\u00a0\u00bbon\u00a0\u00bb]<\/p>\n<p><a href=\"https:\/\/dev.firesmartcanada.ca\/wp-content\/uploads\/2025\/09\/Home-Ignition-Zone-FR-SCREEN-300x233.png\"><\/a><a href=\"https:\/\/firesmartcanada.ca\/wp-content\/uploads\/2025\/03\/10.19.20_FireSmartBC_FoxRakingLeaves.png\"><img decoding=\"async\" src=\"https:\/\/firesmartcanada.ca\/wp-content\/uploads\/2025\/03\/10.19.20_FireSmartBC_FoxRakingLeaves-300x300.png\" width=\"100%\" height=\"375\" alt=\"\" class=\"wp-image-12176 alignnone size-medium\" \/><\/a><a href=\"https:\/\/dev.firesmartcanada.ca\/wp-content\/uploads\/2025\/09\/Home-Ignition-Zone-FR-SCREEN-300x233.png\"><\/a><\/p>\n<h4>Explorez les conseils et ressources d\u2019Intelli-feu Canada.<\/h4>\n<p>&nbsp;<\/p>\n<p>[\/et_pb_slide][\/et_pb_slider][\/et_pb_column][\/et_pb_row][\/et_pb_section]<\/p>\n","protected":false},"excerpt":{"rendered":"<p>Le risque d&rsquo;incendies de for\u00eat augmente partout au Canada. Cette r\u00e9alit\u00e9 met en danger les r\u00e9sidences et les communaut\u00e9s canadiennes. La bonne nouvelle, c\u2019est qu\u2019il existe des mesures simples \u00e0 poser pour prot\u00e9ger votre foyer et vos voisins. Nous savons qu\u2019environ 90 % des \u00e9v\u00e9nements touchant les maisons lors d\u2019incendies de for\u00eat sont caus\u00e9s par [&hellip;]<\/p>\n","protected":false},"author":1,"featured_media":0,"parent":0,"menu_order":0,"comment_status":"closed","ping_status":"closed","template":"","meta":{"_et_pb_use_builder":"on","_et_pb_old_content":"","_et_gb_content_width":"","footnotes":""},"class_list":["post-12986","page","type-page","status-publish","hentry"],"_links":{"self":[{"href":"https:\/\/dev.firesmartcanada.ca\/fr\/wp-json\/wp\/v2\/pages\/12986","targetHints":{"allow":["GET"]}}],"collection":[{"href":"https:\/\/dev.firesmartcanada.ca\/fr\/wp-json\/wp\/v2\/pages"}],"about":[{"href":"https:\/\/dev.firesmartcanada.ca\/fr\/wp-json\/wp\/v2\/types\/page"}],"author":[{"embeddable":true,"href":"https:\/\/dev.firesmartcanada.ca\/fr\/wp-json\/wp\/v2\/users\/1"}],"replies":[{"embeddable":true,"href":"https:\/\/dev.firesmartcanada.ca\/fr\/wp-json\/wp\/v2\/comments?post=12986"}],"version-history":[{"count":28,"href":"https:\/\/dev.firesmartcanada.ca\/fr\/wp-json\/wp\/v2\/pages\/12986\/revisions"}],"predecessor-version":[{"id":14046,"href":"https:\/\/dev.firesmartcanada.ca\/fr\/wp-json\/wp\/v2\/pages\/12986\/revisions\/14046"}],"wp:attachment":[{"href":"https:\/\/dev.firesmartcanada.ca\/fr\/wp-json\/wp\/v2\/media?parent=12986"}],"curies":[{"name":"wp","href":"https:\/\/api.w.org\/{rel}","templated":true}]}}