{"id":12990,"date":"2021-08-29T14:32:24","date_gmt":"2021-08-29T19:32:24","guid":{"rendered":"https:\/\/dev.firesmartcanada.ca\/a-propos-de-firesmart\/"},"modified":"2025-09-16T13:29:34","modified_gmt":"2025-09-16T18:29:34","slug":"a-propos-dintelli-feu","status":"publish","type":"page","link":"https:\/\/dev.firesmartcanada.ca\/fr\/a-propos-dintelli-feu\/","title":{"rendered":"\u00c0 propos d\u2019Intelli-feu"},"content":{"rendered":"<p>[et_pb_section fb_built=\u00a0\u00bb1&Prime; fullwidth=\u00a0\u00bbon\u00a0\u00bb disabled_on=\u00a0\u00bboff|off|off\u00a0\u00bb _builder_version=\u00a0\u00bb4.27.0&Prime; _module_preset=\u00a0\u00bbdefault\u00a0\u00bb background_color=\u00a0\u00bb#24272A\u00a0\u00bb locked=\u00a0\u00bboff\u00a0\u00bb global_colors_info=\u00a0\u00bb{}\u00a0\u00bb][et_pb_fullwidth_post_title meta=\u00a0\u00bboff\u00a0\u00bb featured_image=\u00a0\u00bboff\u00a0\u00bb text_color=\u00a0\u00bblight\u00a0\u00bb _builder_version=\u00a0\u00bb4.27.0&Prime; _dynamic_attributes=\u00a0\u00bbbackground_image\u00a0\u00bb _module_preset=\u00a0\u00bbdefault\u00a0\u00bb title_font=\u00a0\u00bb|800||on|||||\u00a0\u00bb title_text_align=\u00a0\u00bbcenter\u00a0\u00bb title_text_color=\u00a0\u00bb#FFFFFF\u00a0\u00bb title_font_size=\u00a0\u00bb4em\u00a0\u00bb meta_font=\u00a0\u00bb|&#8211;et_global_heading_font_weight|||||||\u00a0\u00bb meta_text_align=\u00a0\u00bbright\u00a0\u00bb background_color=\u00a0\u00bbRGBA(255,255,255,0)\u00a0\u00bb background_image=\u00a0\u00bb@ET-DC@eyJkeW5hbWljIjp0cnVlLCJjb250ZW50IjoicG9zdF9mZWF0dXJlZF9pbWFnZSIsInNldHRpbmdzIjp7fX0=@\u00a0\u00bb parallax=\u00a0\u00bbon\u00a0\u00bb text_orientation=\u00a0\u00bbright\u00a0\u00bb max_width=\u00a0\u00bb100%\u00a0\u00bb custom_padding=\u00a0\u00bb119px||119px||true|false\u00a0\u00bb custom_css_main_element=\u00a0\u00bbz-index: 1;\u00a0\u00bb title_text_shadow_style=\u00a0\u00bbpreset1&Prime; title_text_shadow_color=\u00a0\u00bb#000000&Prime; text_shadow_style=\u00a0\u00bbpreset1&Prime; global_colors_info=\u00a0\u00bb{}\u00a0\u00bb][\/et_pb_fullwidth_post_title][\/et_pb_section][et_pb_section fb_built=\u00a0\u00bb1&Prime; _builder_version=\u00a0\u00bb4.19.0&Prime; _module_preset=\u00a0\u00bbdefault\u00a0\u00bb background_color=\u00a0\u00bbrgba(0,0,0,0.11)\u00a0\u00bb custom_margin=\u00a0\u00bb||||false|false\u00a0\u00bb bottom_divider_color=\u00a0\u00bb#24272A\u00a0\u00bb global_colors_info=\u00a0\u00bb{}\u00a0\u00bb][et_pb_row use_custom_gutter=\u00a0\u00bbon\u00a0\u00bb gutter_width=\u00a0\u00bb1&Prime; make_equal=\u00a0\u00bbon\u00a0\u00bb _builder_version=\u00a0\u00bb4.27.4&Prime; _module_preset=\u00a0\u00bbdefault\u00a0\u00bb width=\u00a0\u00bb100%\u00a0\u00bb max_width=\u00a0\u00bb80%\u00a0\u00bb module_alignment=\u00a0\u00bbcenter\u00a0\u00bb custom_margin=\u00a0\u00bb|0px||0px|false|false\u00a0\u00bb custom_padding=\u00a0\u00bb3px|0px|5px|0px|false|false\u00a0\u00bb global_colors_info=\u00a0\u00bb{}\u00a0\u00bb][et_pb_column type=\u00a0\u00bb4_4&Prime; _builder_version=\u00a0\u00bb4.16&Prime; _module_preset=\u00a0\u00bbdefault\u00a0\u00bb background_color=\u00a0\u00bb#FFFFFF\u00a0\u00bb custom_padding=\u00a0\u00bb20px|20px|20px|20px|false|false\u00a0\u00bb custom_css_main_element=\u00a0\u00bbdisplay: flex;||flex-direction: column;||justify-content: center;\u00a0\u00bb box_shadow_style=\u00a0\u00bbpreset2&Prime; global_colors_info=\u00a0\u00bb{}\u00a0\u00bb][et_pb_image src=\u00a0\u00bbhttps:\/\/dev.firesmartcanada.ca\/wp-content\/uploads\/2025\/09\/Intelli-feu_logo_dark_text-mc-1.png\u00a0\u00bb title_text=\u00a0\u00bbIntelli-feu_logo_dark_text-mc\u00a0\u00bb align=\u00a0\u00bbcenter\u00a0\u00bb module_id=\u00a0\u00bbabout\u00a0\u00bb _builder_version=\u00a0\u00bb4.27.4&Prime; _module_preset=\u00a0\u00bbdefault\u00a0\u00bb width=\u00a0\u00bb50%\u00a0\u00bb custom_padding=\u00a0\u00bb41px||41px||true|false\u00a0\u00bb hover_enabled=\u00a0\u00bb0&Prime; global_colors_info=\u00a0\u00bb{}\u00a0\u00bb sticky_enabled=\u00a0\u00bb0&Prime;][\/et_pb_image][et_pb_text admin_label=\u00a0\u00bbMap shortcode\u00a0\u00bb _builder_version=\u00a0\u00bb4.27.4&Prime; _module_preset=\u00a0\u00bbdefault\u00a0\u00bb background_image=\u00a0\u00bbhttps:\/\/firesmartcanada.ca\/wp-content\/uploads\/2019\/12\/Debout-1-1.png\u00a0\u00bb background_size=\u00a0\u00bbcustom\u00a0\u00bb background_image_width=\u00a0\u00bb30%\u00a0\u00bb background_position=\u00a0\u00bbtop_right\u00a0\u00bb global_colors_info=\u00a0\u00bb{}\u00a0\u00bb]<\/p>\n<div style=\"position: relative;\"> <!-- start Fla-shop.com HTML5 Map --> <div class='canadaprovincesHtml5Mapbottom htmlMapResponsive' style='max-width:1200px; width: 100%'><div id='canadaprovinces-html5-map-map-container_0' class='canadaprovincesHtml5MapContainer' data-map-variable='canadaprovinceshtml5map_map_0'><\/div><div style='clear:both; height: 20px;'><\/div> <style> #canadaprovinces-html5-map-map-container_0 { } #canadaprovinces-html5-map-map-container_0 .fm-tooltip-name { color: #000000; font-size: 20px; } #canadaprovinces-html5-map-map-container_0 .fm-tooltip-comment { } #canadaprovinces-html5-map-map-container_0 .fm-tooltip-comment p { } @media only screen and (max-width: 480px) { #canadaprovinces-html5-map-map-container_0 { float: none; width: 100%; } } <\/style><script type=\"text\/javascript\"> jQuery(function(){ var hightlighted = null; canadaprovinceshtml5map_map_0 = new FlaShopCanadaProvincesMap(canadaprovinceshtml5map_map_cfg_1); canadaprovinceshtml5map_map_0.draw('canadaprovinces-html5-map-map-container_0'); canadaprovinceshtml5map_map_0.on('mousein', function(ev, sid, map) { if (hightlighted && sid != hightlighted) { map.stateHighlightOut(hightlighted); hightlighted = null; } }); var current_info_sid = null; var html5map_onclick = function(ev, sid, map) { var cfg = canadaprovinceshtml5map_map_cfg_1; var link = map.fetchStateAttr(sid, 'link'); var is_group = map.fetchStateAttr(sid, 'group'); var popup_id = map.fetchStateAttr(sid, 'popup-id'); var is_group_info = false; var is_point = sid.substr(0,1) === 'p'; if (typeof cfg.map_data[sid] !== 'undefined') jQuery('#canadaprovinces-html5-map-selector_0').val(sid); else jQuery('#canadaprovinces-html5-map-selector_0').val(''); if (is_group == undefined) { if (is_point) { popup_id = map.fetchPointAttr(sid, 'popup_id'); link = map.fetchPointAttr(sid, 'link'); } } else if (typeof cfg.groups[is_group]['ignore_link'] == 'undefined' || ! cfg.groups[is_group].ignore_link) { link = cfg.groups[is_group].link; popup_id = cfg.groups[is_group]['popup_id']; is_group_info = true; } if (link === '#popup') { if (typeof SG_POPUP_DATA == \"object\") { if (popup_id in SG_POPUP_DATA) { SGPopup.prototype.showPopup(popup_id,false); } else { jQuery.ajax({ type: 'POST', url: 'https:\/\/dev.firesmartcanada.ca\/' + 'index.php' + '?map_id=1' + '&canadaprovinceshtml5map_get_popup', data: {popup_id:popup_id}, }).done(function(data) { jQuery('body').append(data); SGPopup.prototype.showPopup(popup_id,false); }); } } else if (typeof SGPBPopup == \"function\") { var popup = SGPBPopup.createPopupObjById(popup_id); popup.prepareOpen(); popup.open(); } return false; } if (link == '#info') { if (current_info_sid === sid) return; var info = is_group_info ? cfg.groups[is_group]['info'] : (is_point ? map.fetchPointAttr(sid, 'info') : map.fetchStateAttr(sid, 'info')); if (typeof info !== 'undefined') { current_info_sid = sid; jQuery('#canadaprovinces-html5-map-state-info_0').html(info); return; } var id = is_group_info ? is_group : (is_point ? sid : map.fetchStateAttr(sid, 'id')); jQuery('#canadaprovinces-html5-map-state-info_0').html('Loading...'); jQuery.ajax({ type: 'POST', url: (is_group_info ? 'https:\/\/dev.firesmartcanada.ca\/' + 'index.php' + '?map_id=1' + '&canadaprovinceshtml5map_get_group_info=' : 'https:\/\/dev.firesmartcanada.ca\/' + 'index.php' + '?map_id=1' + '&canadaprovinceshtml5map_get_state_info=') + id, success: function(data, textStatus, jqXHR){ current_info_sid = sid; jQuery('#canadaprovinces-html5-map-state-info_0').html(data); }, dataType: 'text' }); return false; } if (ev === null && link !== '') { if (!jQuery('.html5dummilink').length) { jQuery('body').append('<a href=\"#\" class=\"html5dummilink\" style=\"display:none\"><\/a>'); } jQuery('.html5dummilink').attr('href', link).attr('target', (map.fetchStateAttr(sid, 'isNewWindow') ? '_blank' : '_self'))[0].click(); } }; canadaprovinceshtml5map_map_0.on('click', html5map_onclick); }); <\/script><div id='canadaprovinces-html5-map-state-info_0' class='canadaprovincesHtml5MapStateInfo'><\/div> <\/div> <div style='clear: both'><\/div> <!-- end HTML5 Map --> <\/div>\n<p>[\/et_pb_text][et_pb_text _builder_version=\u00a0\u00bb4.27.4&Prime; _module_preset=\u00a0\u00bbdefault\u00a0\u00bb text_font_size=\u00a0\u00bb20px\u00a0\u00bb text_line_height=\u00a0\u00bb1.9em\u00a0\u00bb custom_padding=\u00a0\u00bb23px||23px||true|false\u00a0\u00bb hover_enabled=\u00a0\u00bb0&Prime; global_colors_info=\u00a0\u00bb{}\u00a0\u00bb sticky_enabled=\u00a0\u00bb0&Prime;]<\/p>\n<p>Intelli-feu<sup>MC <\/sup>Canada est un programme national qui aide les Canadiens et les Canadiennes \u00e0 am\u00e9liorer la r\u00e9silience de leur quartier face aux incendies de for\u00eat et \u00e0 minimiser les cons\u00e9quences de ces derniers. Ce programme a \u00e9t\u00e9 cr\u00e9\u00e9 en 1993 pour r\u00e9pondre aux pr\u00e9occupations\u00a0 concernant les incendies de for\u00eat en milieu p\u00e9riurbain.<\/p>\n<p>[\/et_pb_text][et_pb_text _builder_version=\u00a0\u00bb4.27.4&Prime; _module_preset=\u00a0\u00bbdefault\u00a0\u00bb text_font_size=\u00a0\u00bb1.7em\u00a0\u00bb text_orientation=\u00a0\u00bbcenter\u00a0\u00bb custom_padding=\u00a0\u00bb||24px||false|false\u00a0\u00bb hover_enabled=\u00a0\u00bb0&Prime; global_colors_info=\u00a0\u00bb{}\u00a0\u00bb sticky_enabled=\u00a0\u00bb0&Prime;]<\/p>\n<p>D\u00e9couvrez les programmes Intelli-feu dans votre province ou territoire. Cliquez sur votre province ou territoire pour en savoir plus.<\/p>\n<p>[\/et_pb_text][et_pb_text _builder_version=\u00a0\u00bb4.27.4&Prime; _module_preset=\u00a0\u00bbdefault\u00a0\u00bb text_font_size=\u00a0\u00bb20px\u00a0\u00bb text_line_height=\u00a0\u00bb1.9em\u00a0\u00bb custom_padding=\u00a0\u00bb23px||23px||true|false\u00a0\u00bb hover_enabled=\u00a0\u00bb0&Prime; global_colors_info=\u00a0\u00bb{}\u00a0\u00bb sticky_enabled=\u00a0\u00bb0&Prime;]<\/p>\n<h4><strong>Tout le monde peut \u00eatre Intelli-feu<br \/><\/strong><\/h4>\n<p>Avec le changement climatique, la menace d&rsquo;incendie de for\u00eat s&rsquo;est consid\u00e9rablement accrue pour tout le monde, y compris pour ceux et celles qui vivent en dehors des zones p\u00e9riurbaines. Nous avons tous un r\u00f4le \u00e0 jouer lorsqu&rsquo;il s&rsquo;agit de pr\u00e9venir les incendies de for\u00eat et de r\u00e9duire les risques. Intelli-feu Canada a con\u00e7u des programmes pratiques, efficaces et fond\u00e9s sur la science qui fournissent des outils pour mieux se pr\u00e9parer aux incendies de for\u00eat.<\/p>\n<p>Comment pouvez-vous commencer?<a href=\"https:\/\/www.intellifeucanada.ca\/#beginsathome\" target=\"_blank\" rel=\"noopener\"><\/a><\/p>\n<p>[\/et_pb_text][et_pb_button button_url=\u00a0\u00bb\/#beginsathome\u00a0\u00bb button_text=\u00a0\u00bbL\u2019application Soyez Intelli-feu \u00e0 domicile\u00a0\u00bb button_alignment=\u00a0\u00bbleft\u00a0\u00bb disabled_on=\u00a0\u00bboff|off|off\u00a0\u00bb _builder_version=\u00a0\u00bb4.27.4&Prime; _module_preset=\u00a0\u00bbdefault\u00a0\u00bb custom_button=\u00a0\u00bbon\u00a0\u00bb button_text_size=\u00a0\u00bb1.25rem\u00a0\u00bb button_text_color=\u00a0\u00bb#24272a\u00a0\u00bb button_bg_color=\u00a0\u00bbRGBA(255,255,255,0)\u00a0\u00bb button_border_width=\u00a0\u00bb0px\u00a0\u00bb button_border_radius=\u00a0\u00bb0px\u00a0\u00bb button_font=\u00a0\u00bb|600|||on||||\u00a0\u00bb button_icon=\u00a0\u00bb&#x35;||divi||400&Prime; button_icon_color=\u00a0\u00bb#24272a\u00a0\u00bb hover_enabled=\u00a0\u00bb0&Prime; locked=\u00a0\u00bboff\u00a0\u00bb global_colors_info=\u00a0\u00bb{}\u00a0\u00bb button_text_color__hover=\u00a0\u00bb#434444&Prime; button_text_color__hover_enabled=\u00a0\u00bbon|hover\u00a0\u00bb button_bg_color__hover=\u00a0\u00bbRGBA(255,255,255,0)\u00a0\u00bb button_bg_color__hover_enabled=\u00a0\u00bbon|desktop\u00a0\u00bb button_icon_color__hover=\u00a0\u00bb#24272a\u00a0\u00bb button_icon_color__hover_enabled=\u00a0\u00bbon|hover\u00a0\u00bb sticky_enabled=\u00a0\u00bb0&Prime;][\/et_pb_button][et_pb_button button_url=\u00a0\u00bbhttps:\/\/dev.firesmartcanada.ca\/programmes\/firesmart-101\/?lang=fr\u00a0\u00bb button_text=\u00a0\u00bbIntelli-feu\u202f101 et Ambassadeurs\u00a0\u00bb button_alignment=\u00a0\u00bbleft\u00a0\u00bb disabled_on=\u00a0\u00bboff|off|off\u00a0\u00bb _builder_version=\u00a0\u00bb4.27.4&Prime; _module_preset=\u00a0\u00bbdefault\u00a0\u00bb custom_button=\u00a0\u00bbon\u00a0\u00bb button_text_size=\u00a0\u00bb1.25rem\u00a0\u00bb button_text_color=\u00a0\u00bb#24272a\u00a0\u00bb button_bg_color=\u00a0\u00bbRGBA(255,255,255,0)\u00a0\u00bb button_border_width=\u00a0\u00bb0px\u00a0\u00bb button_border_radius=\u00a0\u00bb0px\u00a0\u00bb button_font=\u00a0\u00bb|600|||on||||\u00a0\u00bb button_icon=\u00a0\u00bb&#x35;||divi||400&Prime; button_icon_color=\u00a0\u00bb#24272a\u00a0\u00bb hover_enabled=\u00a0\u00bb0&Prime; locked=\u00a0\u00bboff\u00a0\u00bb global_colors_info=\u00a0\u00bb{}\u00a0\u00bb button_text_color__hover=\u00a0\u00bb#434444&Prime; button_text_color__hover_enabled=\u00a0\u00bbon|hover\u00a0\u00bb button_bg_color__hover=\u00a0\u00bbRGBA(255,255,255,0)\u00a0\u00bb button_bg_color__hover_enabled=\u00a0\u00bbon|desktop\u00a0\u00bb button_icon_color__hover=\u00a0\u00bb#24272a\u00a0\u00bb button_icon_color__hover_enabled=\u00a0\u00bbon|hover\u00a0\u00bb sticky_enabled=\u00a0\u00bb0&Prime;][\/et_pb_button][et_pb_button button_url=\u00a0\u00bbhttps:\/\/dev.firesmartcanada.ca\/programmes\/programme-devaluation-avancee-des-maisons\/?lang=fr\u00a0\u00bb button_text=\u00a0\u00bbProgramme d\u2019\u00e9valuation r\u00e9sidentielle avanc\u00e9e\u00a0\u00bb button_alignment=\u00a0\u00bbleft\u00a0\u00bb disabled_on=\u00a0\u00bboff|off|off\u00a0\u00bb _builder_version=\u00a0\u00bb4.27.4&Prime; _module_preset=\u00a0\u00bbdefault\u00a0\u00bb custom_button=\u00a0\u00bbon\u00a0\u00bb button_text_size=\u00a0\u00bb1.25rem\u00a0\u00bb button_text_color=\u00a0\u00bb#24272a\u00a0\u00bb button_bg_color=\u00a0\u00bbRGBA(255,255,255,0)\u00a0\u00bb button_border_width=\u00a0\u00bb0px\u00a0\u00bb button_border_radius=\u00a0\u00bb0px\u00a0\u00bb button_font=\u00a0\u00bb|600|||on||||\u00a0\u00bb button_icon=\u00a0\u00bb&#x35;||divi||400&Prime; button_icon_color=\u00a0\u00bb#24272a\u00a0\u00bb hover_enabled=\u00a0\u00bb0&Prime; locked=\u00a0\u00bboff\u00a0\u00bb global_colors_info=\u00a0\u00bb{}\u00a0\u00bb button_text_color__hover=\u00a0\u00bb#434444&Prime; button_text_color__hover_enabled=\u00a0\u00bbon|hover\u00a0\u00bb button_bg_color__hover=\u00a0\u00bbRGBA(255,255,255,0)\u00a0\u00bb button_bg_color__hover_enabled=\u00a0\u00bbon|desktop\u00a0\u00bb button_icon_color__hover=\u00a0\u00bb#24272a\u00a0\u00bb button_icon_color__hover_enabled=\u00a0\u00bbon|hover\u00a0\u00bb sticky_enabled=\u00a0\u00bb0&Prime;][\/et_pb_button][et_pb_button button_url=\u00a0\u00bbhttps:\/\/dev.firesmartcanada.ca\/programmes\/journee-de-preparation-communautaire-aux-feux-de-foret\/?lang=fr\u00a0\u00bb button_text=\u00a0\u00bbJourn\u00e9e de pr\u00e9paration des collectivit\u00e9s contre les incendies de for\u00eat\u00a0\u00bb button_alignment=\u00a0\u00bbleft\u00a0\u00bb disabled_on=\u00a0\u00bboff|off|off\u00a0\u00bb _builder_version=\u00a0\u00bb4.27.4&Prime; _module_preset=\u00a0\u00bbdefault\u00a0\u00bb custom_button=\u00a0\u00bbon\u00a0\u00bb button_text_size=\u00a0\u00bb1.25rem\u00a0\u00bb button_text_color=\u00a0\u00bb#24272a\u00a0\u00bb button_bg_color=\u00a0\u00bbRGBA(255,255,255,0)\u00a0\u00bb button_border_width=\u00a0\u00bb0px\u00a0\u00bb button_border_radius=\u00a0\u00bb0px\u00a0\u00bb button_font=\u00a0\u00bb|600|||on||||\u00a0\u00bb button_icon=\u00a0\u00bb&#x35;||divi||400&Prime; button_icon_color=\u00a0\u00bb#24272a\u00a0\u00bb hover_enabled=\u00a0\u00bb0&Prime; locked=\u00a0\u00bboff\u00a0\u00bb global_colors_info=\u00a0\u00bb{}\u00a0\u00bb button_text_color__hover=\u00a0\u00bb#434444&Prime; button_text_color__hover_enabled=\u00a0\u00bbon|hover\u00a0\u00bb button_bg_color__hover=\u00a0\u00bbRGBA(255,255,255,0)\u00a0\u00bb button_bg_color__hover_enabled=\u00a0\u00bbon|desktop\u00a0\u00bb button_icon_color__hover=\u00a0\u00bb#24272a\u00a0\u00bb button_icon_color__hover_enabled=\u00a0\u00bbon|hover\u00a0\u00bb sticky_enabled=\u00a0\u00bb0&Prime;][\/et_pb_button][et_pb_button button_url=\u00a0\u00bbhttps:\/\/dev.firesmartcanada.ca\/programmes\/programme-de-reconnaissance-des-quartiers\/?lang=fr\u00a0\u00bb button_text=\u00a0\u00bbProgramme de reconnaissance communautaire\u00a0\u00bb button_alignment=\u00a0\u00bbleft\u00a0\u00bb disabled_on=\u00a0\u00bboff|off|off\u00a0\u00bb _builder_version=\u00a0\u00bb4.27.4&Prime; _module_preset=\u00a0\u00bbdefault\u00a0\u00bb custom_button=\u00a0\u00bbon\u00a0\u00bb button_text_size=\u00a0\u00bb1.25rem\u00a0\u00bb button_text_color=\u00a0\u00bb#24272a\u00a0\u00bb button_bg_color=\u00a0\u00bbRGBA(255,255,255,0)\u00a0\u00bb button_border_width=\u00a0\u00bb0px\u00a0\u00bb button_border_radius=\u00a0\u00bb0px\u00a0\u00bb button_font=\u00a0\u00bb|600|||on||||\u00a0\u00bb button_icon=\u00a0\u00bb&#x35;||divi||400&Prime; button_icon_color=\u00a0\u00bb#24272a\u00a0\u00bb hover_enabled=\u00a0\u00bb0&Prime; locked=\u00a0\u00bboff\u00a0\u00bb global_colors_info=\u00a0\u00bb{}\u00a0\u00bb button_text_color__hover=\u00a0\u00bb#434444&Prime; button_text_color__hover_enabled=\u00a0\u00bbon|hover\u00a0\u00bb button_bg_color__hover=\u00a0\u00bbRGBA(255,255,255,0)\u00a0\u00bb button_bg_color__hover_enabled=\u00a0\u00bbon|desktop\u00a0\u00bb button_icon_color__hover=\u00a0\u00bb#24272a\u00a0\u00bb button_icon_color__hover_enabled=\u00a0\u00bbon|hover\u00a0\u00bb sticky_enabled=\u00a0\u00bb0&Prime;][\/et_pb_button][et_pb_text _builder_version=\u00a0\u00bb4.27.4&Prime; _module_preset=\u00a0\u00bbdefault\u00a0\u00bb text_font_size=\u00a0\u00bb20px\u00a0\u00bb text_line_height=\u00a0\u00bb1.9em\u00a0\u00bb custom_padding=\u00a0\u00bb23px||23px||true|false\u00a0\u00bb hover_enabled=\u00a0\u00bb0&Prime; global_colors_info=\u00a0\u00bb{}\u00a0\u00bb sticky_enabled=\u00a0\u00bb0&Prime;]<\/p>\n<p>Tout commence par l&rsquo;endroit o\u00f9 vous vivez. La recherche a d\u00e9montr\u00e9 que les maisons et leurs environs sont particuli\u00e8rement vuln\u00e9rables aux incendies de for\u00eat. C&rsquo;est pourquoi les principes d\u2019Intelli-feu sont ax\u00e9s sur des mesures pr\u00e9cises que les r\u00e9sidents peuvent mettre en \u0153uvre dans ces zones, \u00e9galement appel\u00e9es zones d&rsquo;inflammation r\u00e9sidentielle.<\/p>\n<p>Que vous soyez un propri\u00e9taire, un r\u00e9sident, une entreprise, un gouvernement, une Premi\u00e8re Nation ou une communaut\u00e9 autochtone, vous pouvez vous aussi adopter de petits gestes qui auront un effet durable.<\/p>\n<p>[\/et_pb_text][\/et_pb_column][\/et_pb_row][\/et_pb_section]<\/p>\n","protected":false},"excerpt":{"rendered":"<p> <!-- start Fla-shop.com HTML5 Map --> <div class='canadaprovincesHtml5Mapbottom htmlMapResponsive' style='max-width:1200px; width: 100%'><div id='canadaprovinces-html5-map-map-container_1' class='canadaprovincesHtml5MapContainer' data-map-variable='canadaprovinceshtml5map_map_1'><\/div><div style='clear:both; height: 20px;'><\/div> <style> #canadaprovinces-html5-map-map-container_1 { } #canadaprovinces-html5-map-map-container_1 .fm-tooltip-name { color: #000000; font-size: 20px; } #canadaprovinces-html5-map-map-container_1 .fm-tooltip-comment { } #canadaprovinces-html5-map-map-container_1 .fm-tooltip-comment p { } @media only screen and (max-width: 480px) { #canadaprovinces-html5-map-map-container_1 { float: none; width: 100%; } } <\/style><script type=\"text\/javascript\"> jQuery(function(){ var hightlighted = null; canadaprovinceshtml5map_map_1 = new FlaShopCanadaProvincesMap(canadaprovinceshtml5map_map_cfg_1); canadaprovinceshtml5map_map_1.draw('canadaprovinces-html5-map-map-container_1'); canadaprovinceshtml5map_map_1.on('mousein', function(ev, sid, map) { if (hightlighted && sid != hightlighted) { map.stateHighlightOut(hightlighted); hightlighted = null; } }); var current_info_sid = null; var html5map_onclick = function(ev, sid, map) { var cfg = canadaprovinceshtml5map_map_cfg_1; var link = map.fetchStateAttr(sid, 'link'); var is_group = map.fetchStateAttr(sid, 'group'); var popup_id = map.fetchStateAttr(sid, 'popup-id'); var is_group_info = false; var is_point = sid.substr(0,1) === 'p'; if (typeof cfg.map_data[sid] !== 'undefined') jQuery('#canadaprovinces-html5-map-selector_1').val(sid); else jQuery('#canadaprovinces-html5-map-selector_1').val(''); if (is_group == undefined) { if (is_point) { popup_id = map.fetchPointAttr(sid, 'popup_id'); link = map.fetchPointAttr(sid, 'link'); } } else if (typeof cfg.groups[is_group]['ignore_link'] == 'undefined' || ! cfg.groups[is_group].ignore_link) { link = cfg.groups[is_group].link; popup_id = cfg.groups[is_group]['popup_id']; is_group_info = true; } if (link === '#popup') { if (typeof SG_POPUP_DATA == \"object\") { if (popup_id in SG_POPUP_DATA) { SGPopup.prototype.showPopup(popup_id,false); } else { jQuery.ajax({ type: 'POST', url: 'https:\/\/dev.firesmartcanada.ca\/' + 'index.php' + '?map_id=1' + '&canadaprovinceshtml5map_get_popup', data: {popup_id:popup_id}, }).done(function(data) { jQuery('body').append(data); SGPopup.prototype.showPopup(popup_id,false); }); } } else if (typeof SGPBPopup == \"function\") { var popup = SGPBPopup.createPopupObjById(popup_id); popup.prepareOpen(); popup.open(); } return false; } if (link == '#info') { if (current_info_sid === sid) return; var info = is_group_info ? cfg.groups[is_group]['info'] : (is_point ? map.fetchPointAttr(sid, 'info') : map.fetchStateAttr(sid, 'info')); if (typeof info !== 'undefined') { current_info_sid = sid; jQuery('#canadaprovinces-html5-map-state-info_1').html(info); return; } var id = is_group_info ? is_group : (is_point ? sid : map.fetchStateAttr(sid, 'id')); jQuery('#canadaprovinces-html5-map-state-info_1').html('Loading...'); jQuery.ajax({ type: 'POST', url: (is_group_info ? 'https:\/\/dev.firesmartcanada.ca\/' + 'index.php' + '?map_id=1' + '&canadaprovinceshtml5map_get_group_info=' : 'https:\/\/dev.firesmartcanada.ca\/' + 'index.php' + '?map_id=1' + '&canadaprovinceshtml5map_get_state_info=') + id, success: function(data, textStatus, jqXHR){ current_info_sid = sid; jQuery('#canadaprovinces-html5-map-state-info_1').html(data); }, dataType: 'text' }); return false; } if (ev === null && link !== '') { if (!jQuery('.html5dummilink').length) { jQuery('body').append('<a href=\"#\" class=\"html5dummilink\" style=\"display:none\"><\/a>'); } jQuery('.html5dummilink').attr('href', link).attr('target', (map.fetchStateAttr(sid, 'isNewWindow') ? '_blank' : '_self'))[0].click(); } }; canadaprovinceshtml5map_map_1.on('click', html5map_onclick); }); <\/script><div id='canadaprovinces-html5-map-state-info_1' class='canadaprovincesHtml5MapStateInfo'><\/div> <\/div> <div style='clear: both'><\/div> <!-- end HTML5 Map --> Intelli-feuMC Canada est un programme national qui aide les Canadiens et les Canadiennes \u00e0 am\u00e9liorer la r\u00e9silience de leur quartier face aux incendies de for\u00eat et \u00e0 minimiser les cons\u00e9quences de ces derniers. Ce programme a \u00e9t\u00e9 cr\u00e9\u00e9 en 1993 pour r\u00e9pondre aux pr\u00e9occupations\u00a0 concernant les incendies de for\u00eat en milieu p\u00e9riurbain.D\u00e9couvrez les programmes [&hellip;]<\/p>\n","protected":false},"author":1,"featured_media":12991,"parent":0,"menu_order":0,"comment_status":"closed","ping_status":"closed","template":"","meta":{"_et_pb_use_builder":"on","_et_pb_old_content":"","_et_gb_content_width":"","footnotes":""},"class_list":["post-12990","page","type-page","status-publish","has-post-thumbnail","hentry"],"_links":{"self":[{"href":"https:\/\/dev.firesmartcanada.ca\/fr\/wp-json\/wp\/v2\/pages\/12990","targetHints":{"allow":["GET"]}}],"collection":[{"href":"https:\/\/dev.firesmartcanada.ca\/fr\/wp-json\/wp\/v2\/pages"}],"about":[{"href":"https:\/\/dev.firesmartcanada.ca\/fr\/wp-json\/wp\/v2\/types\/page"}],"author":[{"embeddable":true,"href":"https:\/\/dev.firesmartcanada.ca\/fr\/wp-json\/wp\/v2\/users\/1"}],"replies":[{"embeddable":true,"href":"https:\/\/dev.firesmartcanada.ca\/fr\/wp-json\/wp\/v2\/comments?post=12990"}],"version-history":[{"count":5,"href":"https:\/\/dev.firesmartcanada.ca\/fr\/wp-json\/wp\/v2\/pages\/12990\/revisions"}],"predecessor-version":[{"id":13993,"href":"https:\/\/dev.firesmartcanada.ca\/fr\/wp-json\/wp\/v2\/pages\/12990\/revisions\/13993"}],"wp:featuredmedia":[{"embeddable":true,"href":"https:\/\/dev.firesmartcanada.ca\/fr\/wp-json\/wp\/v2\/media\/12991"}],"wp:attachment":[{"href":"https:\/\/dev.firesmartcanada.ca\/fr\/wp-json\/wp\/v2\/media?parent=12990"}],"curies":[{"name":"wp","href":"https:\/\/api.w.org\/{rel}","templated":true}]}}