{"id":12996,"date":"2022-01-31T06:31:24","date_gmt":"2022-01-31T12:31:24","guid":{"rendered":"https:\/\/dev.firesmartcanada.ca\/firesmart-101\/"},"modified":"2025-09-16T14:20:56","modified_gmt":"2025-09-16T19:20:56","slug":"intelli-feu-101","status":"publish","type":"page","link":"https:\/\/dev.firesmartcanada.ca\/fr\/programmes\/intelli-feu-101\/","title":{"rendered":"Intelli-feu 101"},"content":{"rendered":"<p>[et_pb_section fb_built=\u00a0\u00bb1&Prime; fullwidth=\u00a0\u00bbon\u00a0\u00bb disabled_on=\u00a0\u00bboff|off|off\u00a0\u00bb admin_label=\u00a0\u00bbSection\u00a0\u00bb _builder_version=\u00a0\u00bb4.27.0&Prime; _module_preset=\u00a0\u00bbdefault\u00a0\u00bb background_color=\u00a0\u00bb#24272A\u00a0\u00bb locked=\u00a0\u00bboff\u00a0\u00bb global_colors_info=\u00a0\u00bb{}\u00a0\u00bb][et_pb_fullwidth_post_title meta=\u00a0\u00bboff\u00a0\u00bb featured_image=\u00a0\u00bboff\u00a0\u00bb text_color=\u00a0\u00bblight\u00a0\u00bb _builder_version=\u00a0\u00bb4.27.4&Prime; _module_preset=\u00a0\u00bbdefault\u00a0\u00bb title_font=\u00a0\u00bb|800||on|||||\u00a0\u00bb title_text_align=\u00a0\u00bbcenter\u00a0\u00bb title_text_color=\u00a0\u00bb#FFFFFF\u00a0\u00bb title_font_size=\u00a0\u00bb4em\u00a0\u00bb meta_font=\u00a0\u00bb|&#8211;et_global_heading_font_weight|||||||\u00a0\u00bb meta_text_align=\u00a0\u00bbright\u00a0\u00bb background_color=\u00a0\u00bbRGBA(255,255,255,0)\u00a0\u00bb background_image=\u00a0\u00bbhttps:\/\/firesmartcanada.ca\/wp-content\/uploads\/2025\/04\/landscape-4984348_1280.jpg\u00a0\u00bb parallax=\u00a0\u00bbon\u00a0\u00bb text_orientation=\u00a0\u00bbright\u00a0\u00bb max_width=\u00a0\u00bb100%\u00a0\u00bb custom_padding=\u00a0\u00bb119px||119px||true|false\u00a0\u00bb custom_css_main_element=\u00a0\u00bbz-index: 1;\u00a0\u00bb title_text_shadow_style=\u00a0\u00bbpreset1&Prime; title_text_shadow_color=\u00a0\u00bb#000000&Prime; text_shadow_style=\u00a0\u00bbpreset1&Prime; global_colors_info=\u00a0\u00bb{}\u00a0\u00bb][\/et_pb_fullwidth_post_title][\/et_pb_section][et_pb_section fb_built=\u00a0\u00bb1&Prime; _builder_version=\u00a0\u00bb4.16&Prime; _module_preset=\u00a0\u00bbdefault\u00a0\u00bb global_colors_info=\u00a0\u00bb{}\u00a0\u00bb][et_pb_row _builder_version=\u00a0\u00bb4.16&Prime; _module_preset=\u00a0\u00bbdefault\u00a0\u00bb global_colors_info=\u00a0\u00bb{}\u00a0\u00bb][et_pb_column type=\u00a0\u00bb4_4&Prime; _builder_version=\u00a0\u00bb4.16&Prime; _module_preset=\u00a0\u00bbdefault\u00a0\u00bb global_colors_info=\u00a0\u00bb{}\u00a0\u00bb][et_pb_image src=\u00a0\u00bbhttps:\/\/dev.firesmartcanada.ca\/wp-content\/uploads\/2025\/09\/intellifeu101-4.jpg\u00a0\u00bb title_text=\u00a0\u00bbintellifeu101&Prime; disabled_on=\u00a0\u00bboff|off|off\u00a0\u00bb _builder_version=\u00a0\u00bb4.27.4&Prime; _module_preset=\u00a0\u00bbdefault\u00a0\u00bb global_colors_info=\u00a0\u00bb{}\u00a0\u00bb][\/et_pb_image][et_pb_text _builder_version=\u00a0\u00bb4.27.4&Prime; _module_preset=\u00a0\u00bbdefault\u00a0\u00bb text_font_size=\u00a0\u00bb20px\u00a0\u00bb text_line_height=\u00a0\u00bb1.6em\u00a0\u00bb hover_enabled=\u00a0\u00bb0&Prime; global_colors_info=\u00a0\u00bb{}\u00a0\u00bb sticky_enabled=\u00a0\u00bb0&Prime;]<\/p>\n<p>Plus que jamais, les Canadiens ressentent les effets directs et indirects des incendies forestiers. Il existe un besoin croissant d&rsquo;\u00e9ducation sur Intelli-feu.<\/p>\n<p>Intelli-feu Canada a con\u00e7u un cours GRATUIT d&rsquo;une heure \u00e0 l&rsquo;intention des personnes qui s&rsquo;initient \u00e0 Intelli-feu et qui veulent en savoir plus.<\/p>\n<h4>Intelli-feu 101\u202f:<\/h4>\n<ul>\n<li>offre une introduction \u00e0 Intelli-feu et \u00e0 ses principes;<\/li>\n<li>aide les participants \u00e0 comprendre la n\u00e9cessit\u00e9 de prot\u00e9ger les habitations et les propri\u00e9t\u00e9s contre les incendies forestiers;<\/li>\n<li>d\u00e9finit le milieu p\u00e9rirurbain;<\/li>\n<li>d\u00e9crit les sept volets Intelli-feu;<\/li>\n<li>explique la zone d&rsquo;inflammation r\u00e9sidentielle Intelli-feu.<\/li>\n<\/ul>\n<p>Un petit questionnaire \u00e0 la fin permet de s&rsquo;assurer que les participants ont bien compris la mati\u00e8re.<\/p>\n<p>Intelli-feu 101 permet aux propri\u00e9taires de passer \u00e0 l&rsquo;action!<\/p>\n<p>[\/et_pb_text][\/et_pb_column][\/et_pb_row][et_pb_row _builder_version=\u00a0\u00bb4.17.4&Prime; _module_preset=\u00a0\u00bbdefault\u00a0\u00bb background_color=\u00a0\u00bb#24272A\u00a0\u00bb custom_padding=\u00a0\u00bb||50px||false|false\u00a0\u00bb global_colors_info=\u00a0\u00bb{}\u00a0\u00bb][et_pb_column type=\u00a0\u00bb4_4&Prime; _builder_version=\u00a0\u00bb4.16&Prime; _module_preset=\u00a0\u00bbdefault\u00a0\u00bb global_colors_info=\u00a0\u00bb{}\u00a0\u00bb][et_pb_cta title=\u00a0\u00bbCommencer Intelli-feu 101&Prime; button_url=\u00a0\u00bbhttps:\/\/firesmart101.com\/\u00a0\u00bb button_text=\u00a0\u00bbCommencer le cours\u00a0\u00bb _builder_version=\u00a0\u00bb4.27.4&Prime; _module_preset=\u00a0\u00bbdefault\u00a0\u00bb body_font_size=\u00a0\u00bb20px\u00a0\u00bb body_line_height=\u00a0\u00bb1.6em\u00a0\u00bb background_color=\u00a0\u00bb#24272A\u00a0\u00bb custom_button=\u00a0\u00bbon\u00a0\u00bb button_text_size=\u00a0\u00bb1.25rem\u00a0\u00bb button_text_color=\u00a0\u00bb#24272a\u00a0\u00bb button_bg_color=\u00a0\u00bb#efcb17&Prime; button_border_width=\u00a0\u00bb0px\u00a0\u00bb button_border_color=\u00a0\u00bbRGBA(255,255,255,0)\u00a0\u00bb button_border_radius=\u00a0\u00bb3px\u00a0\u00bb button_icon=\u00a0\u00bb&#x35;||divi||400&Prime; button_icon_color=\u00a0\u00bb#24272a\u00a0\u00bb hover_enabled=\u00a0\u00bb0&Prime; border_color_all=\u00a0\u00bbRGBA(255,255,255,0)\u00a0\u00bb box_shadow_style_button=\u00a0\u00bbpreset2&Prime; locked=\u00a0\u00bboff\u00a0\u00bb global_colors_info=\u00a0\u00bb{}\u00a0\u00bb button_bg_color__hover_enabled=\u00a0\u00bbon|hover\u00a0\u00bb button_bg_color__hover=\u00a0\u00bb#e0b900&Prime; button_bg_enable_color__hover=\u00a0\u00bbon\u00a0\u00bb transform_styles__hover_enabled=\u00a0\u00bboff|desktop\u00a0\u00bb transform_scale__hover_enabled=\u00a0\u00bboff|desktop\u00a0\u00bb transform_translate__hover_enabled=\u00a0\u00bboff|desktop\u00a0\u00bb transform_rotate__hover_enabled=\u00a0\u00bboff|desktop\u00a0\u00bb transform_skew__hover_enabled=\u00a0\u00bboff|desktop\u00a0\u00bb transform_origin__hover_enabled=\u00a0\u00bboff|desktop\u00a0\u00bb sticky_enabled=\u00a0\u00bb0&Prime;][\/et_pb_cta][\/et_pb_column][\/et_pb_row][\/et_pb_section]<\/p>\n","protected":false},"excerpt":{"rendered":"<p>Plus que jamais, les Canadiens ressentent les effets directs et indirects des incendies forestiers. Il existe un besoin croissant d&rsquo;\u00e9ducation sur Intelli-feu. Intelli-feu Canada a con\u00e7u un cours GRATUIT d&rsquo;une heure \u00e0 l&rsquo;intention des personnes qui s&rsquo;initient \u00e0 Intelli-feu et qui veulent en savoir plus. Intelli-feu 101\u202f: offre une introduction \u00e0 Intelli-feu et \u00e0 ses [&hellip;]<\/p>\n","protected":false},"author":1,"featured_media":0,"parent":12998,"menu_order":0,"comment_status":"closed","ping_status":"closed","template":"","meta":{"_et_pb_use_builder":"on","_et_pb_old_content":"","_et_gb_content_width":"","footnotes":""},"class_list":["post-12996","page","type-page","status-publish","hentry"],"_links":{"self":[{"href":"https:\/\/dev.firesmartcanada.ca\/fr\/wp-json\/wp\/v2\/pages\/12996","targetHints":{"allow":["GET"]}}],"collection":[{"href":"https:\/\/dev.firesmartcanada.ca\/fr\/wp-json\/wp\/v2\/pages"}],"about":[{"href":"https:\/\/dev.firesmartcanada.ca\/fr\/wp-json\/wp\/v2\/types\/page"}],"author":[{"embeddable":true,"href":"https:\/\/dev.firesmartcanada.ca\/fr\/wp-json\/wp\/v2\/users\/1"}],"replies":[{"embeddable":true,"href":"https:\/\/dev.firesmartcanada.ca\/fr\/wp-json\/wp\/v2\/comments?post=12996"}],"version-history":[{"count":5,"href":"https:\/\/dev.firesmartcanada.ca\/fr\/wp-json\/wp\/v2\/pages\/12996\/revisions"}],"predecessor-version":[{"id":14008,"href":"https:\/\/dev.firesmartcanada.ca\/fr\/wp-json\/wp\/v2\/pages\/12996\/revisions\/14008"}],"up":[{"embeddable":true,"href":"https:\/\/dev.firesmartcanada.ca\/fr\/wp-json\/wp\/v2\/pages\/12998"}],"wp:attachment":[{"href":"https:\/\/dev.firesmartcanada.ca\/fr\/wp-json\/wp\/v2\/media?parent=12996"}],"curies":[{"name":"wp","href":"https:\/\/api.w.org\/{rel}","templated":true}]}}