{"id":13002,"date":"2023-12-27T02:34:01","date_gmt":"2023-12-27T08:34:01","guid":{"rendered":"https:\/\/dev.firesmartcanada.ca\/soutien-au-programme\/"},"modified":"2025-09-16T14:20:03","modified_gmt":"2025-09-16T19:20:03","slug":"soutien-au-programme","status":"publish","type":"page","link":"https:\/\/dev.firesmartcanada.ca\/fr\/soutien-au-programme\/","title":{"rendered":"Soutien au programme"},"content":{"rendered":"<p>[et_pb_section fb_built=\u00a0\u00bb1&Prime; fullwidth=\u00a0\u00bbon\u00a0\u00bb disabled_on=\u00a0\u00bboff|off|off\u00a0\u00bb admin_label=\u00a0\u00bbSection\u00a0\u00bb _builder_version=\u00a0\u00bb4.27.0&Prime; _module_preset=\u00a0\u00bbdefault\u00a0\u00bb background_color=\u00a0\u00bb#24272A\u00a0\u00bb locked=\u00a0\u00bboff\u00a0\u00bb global_colors_info=\u00a0\u00bb{}\u00a0\u00bb][et_pb_fullwidth_post_title meta=\u00a0\u00bboff\u00a0\u00bb featured_image=\u00a0\u00bboff\u00a0\u00bb text_color=\u00a0\u00bblight\u00a0\u00bb _builder_version=\u00a0\u00bb4.27.4&Prime; _module_preset=\u00a0\u00bbdefault\u00a0\u00bb title_font=\u00a0\u00bb|800||on|||||\u00a0\u00bb title_text_align=\u00a0\u00bbcenter\u00a0\u00bb title_text_color=\u00a0\u00bb#FFFFFF\u00a0\u00bb title_font_size=\u00a0\u00bb4em\u00a0\u00bb meta_font=\u00a0\u00bb|&#8211;et_global_heading_font_weight|||||||\u00a0\u00bb meta_text_align=\u00a0\u00bbright\u00a0\u00bb background_color=\u00a0\u00bbRGBA(255,255,255,0)\u00a0\u00bb background_image=\u00a0\u00bbhttps:\/\/firesmartcanada.ca\/wp-content\/uploads\/2025\/04\/mountains-5936682_1280.jpg\u00a0\u00bb parallax=\u00a0\u00bbon\u00a0\u00bb text_orientation=\u00a0\u00bbright\u00a0\u00bb max_width=\u00a0\u00bb100%\u00a0\u00bb custom_padding=\u00a0\u00bb119px||119px||true|false\u00a0\u00bb custom_css_main_element=\u00a0\u00bbz-index: 1;\u00a0\u00bb title_text_shadow_style=\u00a0\u00bbpreset1&Prime; title_text_shadow_color=\u00a0\u00bb#000000&Prime; text_shadow_style=\u00a0\u00bbpreset1&Prime; global_colors_info=\u00a0\u00bb{}\u00a0\u00bb][\/et_pb_fullwidth_post_title][\/et_pb_section][et_pb_section fb_built=\u00a0\u00bb1&Prime; module_id=\u00a0\u00bbtop\u00a0\u00bb _builder_version=\u00a0\u00bb4.27.4&Prime; _module_preset=\u00a0\u00bbdefault\u00a0\u00bb custom_padding=\u00a0\u00bb4px||4px|||\u00a0\u00bb global_colors_info=\u00a0\u00bb{}\u00a0\u00bb][et_pb_row column_structure=\u00a0\u00bb1_2,1_2&Prime; _builder_version=\u00a0\u00bb4.27.4&Prime; _module_preset=\u00a0\u00bbdefault\u00a0\u00bb global_colors_info=\u00a0\u00bb{}\u00a0\u00bb][et_pb_column type=\u00a0\u00bb1_2&Prime; _builder_version=\u00a0\u00bb4.16&Prime; _module_preset=\u00a0\u00bbdefault\u00a0\u00bb global_colors_info=\u00a0\u00bb{}\u00a0\u00bb][et_pb_text _builder_version=\u00a0\u00bb4.27.4&Prime; _module_preset=\u00a0\u00bbdefault\u00a0\u00bb text_font_size=\u00a0\u00bb20px\u00a0\u00bb text_line_height=\u00a0\u00bb1.6em\u00a0\u00bb hover_enabled=\u00a0\u00bb0&Prime; global_colors_info=\u00a0\u00bb{}\u00a0\u00bb sticky_enabled=\u00a0\u00bb0&Prime;]<\/p>\n<p>L\u2019objectif d\u2019Intelli-feu Canada est de cr\u00e9er des communaut\u00e9s r\u00e9silientes aux feux de v\u00e9g\u00e9tation d\u2019un oc\u00e9an \u00e0 l\u2019autre. Nous savons que pour y parvenir, chaque province et territoire doit disposer des bons outils pour mettre en \u0153uvre ses programmes d\u2019att\u00e9nuation Intelli-feu. Voil\u00e0 pourquoi nous avons mis au point une formation afin de d\u00e9velopper et de renforcer les capacit\u00e9s des \u00e9quipes provinciales et territoriales d\u2019Intelli-feu. Pour l&rsquo;instant, seules les formations pour le niveau 1 (<a href=\"#level1\">Ambassadeur Intelli-feu<\/a>) et 2 sont disponibles en fran\u00e7ais.<\/p>\n<p>La formation de niveau 2, <a href=\"#level2\">sp\u00e9cialiste du Programme de reconnaissance communautaire<\/a>, n&rsquo;est pour le moment pas disponible au Qu\u00e9bec.<\/p>\n<ul><\/ul>\n<p>[\/et_pb_text][\/et_pb_column][et_pb_column type=\u00a0\u00bb1_2&Prime; _builder_version=\u00a0\u00bb4.16&Prime; _module_preset=\u00a0\u00bbdefault\u00a0\u00bb border_width_all=\u00a0\u00bb3px\u00a0\u00bb border_color_all=\u00a0\u00bb#EFCB17&Prime; global_colors_info=\u00a0\u00bb{}\u00a0\u00bb][et_pb_image src=\u00a0\u00bbhttps:\/\/firesmartcanada.ca\/wp-content\/uploads\/2022\/01\/F1A399F8-55D5-4598-9F8C-BD9A7C1C7D2E.jpg\u00a0\u00bb title_text=\u00a0\u00bbF1A399F8-55D5-4598-9F8C-BD9A7C1C7D2E\u00a0\u00bb _builder_version=\u00a0\u00bb4.16&Prime; _module_preset=\u00a0\u00bbdefault\u00a0\u00bb transform_translate=\u00a0\u00bb5px|5px\u00a0\u00bb transform_translate_linked=\u00a0\u00bboff\u00a0\u00bb custom_padding=\u00a0\u00bb|||2px||\u00a0\u00bb global_colors_info=\u00a0\u00bb{}\u00a0\u00bb][\/et_pb_image][\/et_pb_column][\/et_pb_row][\/et_pb_section][et_pb_section fb_built=\u00a0\u00bb1&Prime; prev_background_color=\u00a0\u00bb#ffffff\u00a0\u00bb next_background_color=\u00a0\u00bb#ffffff\u00a0\u00bb module_id=\u00a0\u00bbniveau1&Prime; _builder_version=\u00a0\u00bb4.27.4&Prime; _module_preset=\u00a0\u00bbdefault\u00a0\u00bb background_color=\u00a0\u00bb#24272A\u00a0\u00bb custom_padding=\u00a0\u00bb84px||84px||true|false\u00a0\u00bb top_divider_style=\u00a0\u00bbarrow2&Prime; bottom_divider_style=\u00a0\u00bbarrow2&Prime; global_colors_info=\u00a0\u00bb{}\u00a0\u00bb][et_pb_row _builder_version=\u00a0\u00bb4.27.4&Prime; _module_preset=\u00a0\u00bbdefault\u00a0\u00bb custom_padding=\u00a0\u00bb27px|||||\u00a0\u00bb global_colors_info=\u00a0\u00bb{}\u00a0\u00bb][et_pb_column type=\u00a0\u00bb4_4&Prime; _builder_version=\u00a0\u00bb4.27.4&Prime; _module_preset=\u00a0\u00bbdefault\u00a0\u00bb global_colors_info=\u00a0\u00bb{}\u00a0\u00bb][et_pb_text _builder_version=\u00a0\u00bb4.27.4&Prime; _module_preset=\u00a0\u00bbdefault\u00a0\u00bb text_font_size=\u00a0\u00bb20px\u00a0\u00bb text_line_height=\u00a0\u00bb1.6em\u00a0\u00bb background_layout=\u00a0\u00bbdark\u00a0\u00bb hover_enabled=\u00a0\u00bb0&Prime; global_colors_info=\u00a0\u00bb{}\u00a0\u00bb sticky_enabled=\u00a0\u00bb0&Prime;]<\/p>\n<h2>Niveau 1 &#8211; Ambassadeur Intelli-feu<\/h2>\n<p>Les ambassadeurs Intelli-feu sont des repr\u00e9sentants de premi\u00e8re ligne qui ma\u00eetrisent le programme Intelli-feu et qui se trouvent au sein de la communaut\u00e9 locale. En tant que promoteurs des lignes directrices, des programmes et des concepts Intelli-feu, ils jouent un r\u00f4le fondamental dans la sensibilisation et la promotion de la pr\u00e9vention des feux de v\u00e9g\u00e9tation et dans l\u2019encouragement \u00e0 l\u2019action au sein de leur communaut\u00e9. Les ambassadeurs ne proc\u00e8dent pas \u00e0 des \u00e9valuations techniques.<\/p>\n<p>Pour en savoir plus sur le poste et ses exigences : <a href=\"https:\/\/intellifeucanada.ca\/wp-content\/uploads\/2024\/02\/Ambassadeur-Intelli-feu-Description-du-poste.pdf\" target=\"_blank\" rel=\"noopener\">Description du poste d\u2019ambassadeur Intelli-feu<\/a>.<\/p>\n<h3>Formation<\/h3>\n<p>La formation d\u2019ambassadeur Intelli-feu est un cours en ligne comprenant quatre modules et qui est ouvert \u00e0 tous, quels que soient leurs ant\u00e9c\u00e9dents ou leur r\u00f4le dans la communaut\u00e9. La formation dure environ 3 heures et peut \u00eatre interrompue et reprise \u00e0 tout moment. L\u2019objectif de la formation de niveau 1 est d\u2019avoir autant d\u2019ambassadeurs Intelli-feu que possible dans les communaut\u00e9s, car plus les r\u00e9sidents et les dirigeants des communaut\u00e9s sont form\u00e9s sur les principes Intelli-feu, plus ils sont en mesure de mieux r\u00e9sister aux feux de v\u00e9g\u00e9tation. Toute personne souhaitant acc\u00e9der aux niveaux 2 \u00e0 4 doit avoir suivi la formation d\u2019ambassadeur.<\/p>\n<p>Acc\u00e9dez \u00e0 la formation d\u2019<a href=\"https:\/\/www.firesmartcanadatraining.ca\/level1_fr\/\" target=\"_blank\" rel=\"noopener\">ambassadeur Intelli-feu de niveau 1<\/a> ici.<\/p>\n<p>[\/et_pb_text][et_pb_icon font_icon=\u00a0\u00bb&#xf139;||fa||900&Prime; icon_color=\u00a0\u00bb#FFFFFF\u00a0\u00bb icon_width=\u00a0\u00bb50px\u00a0\u00bb url=\u00a0\u00bb#top\u00a0\u00bb _builder_version=\u00a0\u00bb4.27.4&Prime; _module_preset=\u00a0\u00bbdefault\u00a0\u00bb global_colors_info=\u00a0\u00bb{}\u00a0\u00bb][\/et_pb_icon][\/et_pb_column][\/et_pb_row][\/et_pb_section][et_pb_section fb_built=\u00a0\u00bb1&Prime; module_id=\u00a0\u00bbniveau2&Prime; _builder_version=\u00a0\u00bb4.27.4&Prime; _module_preset=\u00a0\u00bbdefault\u00a0\u00bb custom_padding=\u00a0\u00bb19px||23px|||\u00a0\u00bb global_colors_info=\u00a0\u00bb{}\u00a0\u00bb][et_pb_row _builder_version=\u00a0\u00bb4.27.4&Prime; _module_preset=\u00a0\u00bbdefault\u00a0\u00bb global_colors_info=\u00a0\u00bb{}\u00a0\u00bb][et_pb_column type=\u00a0\u00bb4_4&Prime; _builder_version=\u00a0\u00bb4.27.4&Prime; _module_preset=\u00a0\u00bbdefault\u00a0\u00bb global_colors_info=\u00a0\u00bb{}\u00a0\u00bb][et_pb_text _builder_version=\u00a0\u00bb4.27.4&Prime; _module_preset=\u00a0\u00bbdefault\u00a0\u00bb text_font_size=\u00a0\u00bb20px\u00a0\u00bb text_line_height=\u00a0\u00bb1.6em\u00a0\u00bb custom_margin=\u00a0\u00bb||1px|||\u00a0\u00bb custom_padding=\u00a0\u00bb||0px|||\u00a0\u00bb hover_enabled=\u00a0\u00bb0&Prime; global_colors_info=\u00a0\u00bb{}\u00a0\u00bb sticky_enabled=\u00a0\u00bb0&Prime;]<\/p>\n<h2><strong>Niveau 2 &#8211; sp\u00e9cialiste du Programme de reconnaissance communautaire<\/strong><\/h2>\n<p>Le sp\u00e9cialiste du PRC est charg\u00e9 de coordonner et de soutenir le programme de reconnaissance communautaire d&rsquo;Intelli-feu Canada dans sa r\u00e9gion. Il doit notamment guider les r\u00e9sidents et les quartiers tout au long du processus du PRC, de la formation des comit\u00e9s \u00e0 la r\u00e9alisation des \u00e9valuations des risques de feux de for\u00eat dans les quartiers en et passant par l&rsquo;organisation d&rsquo;\u00e9v\u00e9nements Intelli-feu. Pour devenir sp\u00e9cialiste du PRC, vous devez avoir suivi la formation d&rsquo;ambassadeur de niveau 1 et suivre la formation de niveau 2.<span><\/span><\/p>\n<p>Des crit\u00e8res d&rsquo;\u00e9ligibilit\u00e9 sp\u00e9cifiques doivent \u00eatre remplis pour pouvoir pr\u00e9tendre \u00e0 ce r\u00f4le. Une fois la formation achev\u00e9e avec succ\u00e8s, un engagement actif \u00e0 remplir le r\u00f4le est attendu.<\/p>\n<p>Plus d&rsquo;informations sur le poste et ses exigences : <a href=\"https:\/\/intellifeucanada.ca\/wp-content\/uploads\/2024\/06\/Description-du-role-du-specialiste-de-PRC.pdf\">Description du poste de sp\u00e9cialiste PRC<\/a>.<\/p>\n<p>&nbsp;<\/p>\n<h3>Formation<\/h3>\n<p>[\/et_pb_text][et_pb_button button_url=\u00a0\u00bbhttps:\/\/firesmartcanada.ca\/firesmart-canada-nrp-specialist-training-request\/\u00a0\u00bb button_text=\u00a0\u00bbDemander l\u2019acc\u00e8s au code de formation du PRC\u00a0\u00bb button_alignment=\u00a0\u00bbcenter\u00a0\u00bb disabled_on=\u00a0\u00bboff|off|off\u00a0\u00bb _builder_version=\u00a0\u00bb4.27.4&Prime; _module_preset=\u00a0\u00bbdefault\u00a0\u00bb custom_button=\u00a0\u00bbon\u00a0\u00bb button_text_color=\u00a0\u00bb#FFFFFF\u00a0\u00bb button_bg_color=\u00a0\u00bb#24272A\u00a0\u00bb button_border_width=\u00a0\u00bb0px\u00a0\u00bb button_font=\u00a0\u00bb||||||||\u00a0\u00bb button_icon=\u00a0\u00bb&#x35;||divi||400&Prime; button_icon_color=\u00a0\u00bb#FFFFFF\u00a0\u00bb button_text_shadow_style=\u00a0\u00bbpreset1&Prime; global_colors_info=\u00a0\u00bb{}\u00a0\u00bb button_bg_color__hover=\u00a0\u00bb#3a3f44&Prime; button_bg_color__hover_enabled=\u00a0\u00bbon|hover\u00a0\u00bb][\/et_pb_button][et_pb_text _builder_version=\u00a0\u00bb4.27.4&Prime; _module_preset=\u00a0\u00bbdefault\u00a0\u00bb text_font_size=\u00a0\u00bb20px\u00a0\u00bb text_line_height=\u00a0\u00bb1.6em\u00a0\u00bb hover_enabled=\u00a0\u00bb0&Prime; global_colors_info=\u00a0\u00bb{}\u00a0\u00bb sticky_enabled=\u00a0\u00bb0&Prime;]<\/p>\n<p>Un code d&rsquo;acc\u00e8s est n\u00e9cessaire pour acc\u00e9der \u00e0 la formation pour le r\u00f4le de sp\u00e9cialiste PRC de niveau 2.<br \/><span><a href=\"https:\/\/intellifeucanada.ca\/demande-de-formation-de-specialiste-du-prc-dintelli-feu-canada\/\/\" target=\"_blank\" rel=\"noopener\">Veuillez remplir le formulaire de demande de code d&rsquo;acc\u00e8s <\/a> pour demander un code \u00e0 votre agent de liaison provincial ou territorial.<\/span><\/p>\n<p>Une fois que votre demande est approuv\u00e9e et que vous avez re\u00e7u le code, vous pouvez revenir ici pour acc\u00e9der \u00e0 la formation : <a href=\"https:\/\/firesmartcanadatraining.ca\/level2_fr\/\" target=\"_blank\" rel=\"noopener\">Formation de sp\u00e9cialiste du PRC<\/a>.<\/p>\n<p>La formation de niveau 2, sp\u00e9cialiste du Programme de reconnaissance communautaire, n&rsquo;est pour le moment pas disponible au Qu\u00e9bec.<\/p>\n<p>[\/et_pb_text][et_pb_icon font_icon=\u00a0\u00bb&#xf139;||fa||900&Prime; icon_color=\u00a0\u00bb#24272A\u00a0\u00bb icon_width=\u00a0\u00bb50px\u00a0\u00bb url=\u00a0\u00bb#top\u00a0\u00bb _builder_version=\u00a0\u00bb4.27.4&Prime; _module_preset=\u00a0\u00bbdefault\u00a0\u00bb global_colors_info=\u00a0\u00bb{}\u00a0\u00bb][\/et_pb_icon][\/et_pb_column][\/et_pb_row][\/et_pb_section][et_pb_section fb_built=\u00a0\u00bb1&Prime; prev_background_color=\u00a0\u00bb#ffffff\u00a0\u00bb next_background_color=\u00a0\u00bb#ffffff\u00a0\u00bb module_id=\u00a0\u00bbniveau3&Prime; _builder_version=\u00a0\u00bb4.27.4&Prime; _module_preset=\u00a0\u00bbdefault\u00a0\u00bb background_color=\u00a0\u00bb#24272A\u00a0\u00bb custom_padding=\u00a0\u00bb84px||84px||true|false\u00a0\u00bb top_divider_style=\u00a0\u00bbarrow2&Prime; bottom_divider_style=\u00a0\u00bbarrow2&Prime; global_colors_info=\u00a0\u00bb{}\u00a0\u00bb][et_pb_row _builder_version=\u00a0\u00bb4.27.4&Prime; _module_preset=\u00a0\u00bbdefault\u00a0\u00bb global_colors_info=\u00a0\u00bb{}\u00a0\u00bb][et_pb_column type=\u00a0\u00bb4_4&Prime; _builder_version=\u00a0\u00bb4.27.4&Prime; _module_preset=\u00a0\u00bbdefault\u00a0\u00bb global_colors_info=\u00a0\u00bb{}\u00a0\u00bb][et_pb_text _builder_version=\u00a0\u00bb4.27.4&Prime; _module_preset=\u00a0\u00bbdefault\u00a0\u00bb text_font_size=\u00a0\u00bb20px\u00a0\u00bb text_line_height=\u00a0\u00bb1.6em\u00a0\u00bb background_layout=\u00a0\u00bbdark\u00a0\u00bb global_colors_info=\u00a0\u00bb{}\u00a0\u00bb]<\/p>\n<h2><strong>Niveau 3 &#8211; <span>Sp\u00e9cialiste de la zone d&rsquo;allumage des habitations<\/span><\/strong><\/h2>\n<p>[\/et_pb_text][et_pb_image src=\u00a0\u00bbhttps:\/\/dev.firesmartcanada.ca\/wp-content\/uploads\/2025\/09\/Home-Ignition-Zone-FR-SCREEN-1-scaled.png\u00a0\u00bb title_text=\u00a0\u00bbZone d&rsquo;ignition r\u00e9sidentielle &#8211; \u00c9CRAN\u00a0\u00bb _builder_version=\u00a0\u00bb4.27.4&Prime; _module_preset=\u00a0\u00bbdefault\u00a0\u00bb global_colors_info=\u00a0\u00bb{}\u00a0\u00bb][\/et_pb_image][et_pb_text _builder_version=\u00a0\u00bb4.27.4&Prime; _module_preset=\u00a0\u00bbdefault\u00a0\u00bb text_font_size=\u00a0\u00bb20px\u00a0\u00bb text_line_height=\u00a0\u00bb1.6em\u00a0\u00bb background_layout=\u00a0\u00bbdark\u00a0\u00bb global_colors_info=\u00a0\u00bb{}\u00a0\u00bb]<\/p>\n<p>Le sp\u00e9cialiste de la zone d&rsquo;allumage des habitations (ZAH) est responsable de la facilitation du Programme d&rsquo;\u00e9valuation avanc\u00e9e des habitations de FireSmart Canada, du Programme Partenaires Habitation (actuellement disponible uniquement en C.-B.) ou d&rsquo;autres programmes d&rsquo;\u00e9valuation des habitations approuv\u00e9s par FireSmart Canada dans leur zone locale, pour aider les r\u00e9sidents \u00e0 identifier et r\u00e9duire les risques potentiels li\u00e9s aux feux de for\u00eat.<\/p>\n<p>Sous la direction d&rsquo;un coordinateur de programme FireSmart ou d&rsquo;une autre autorit\u00e9 communautaire, le sp\u00e9cialiste ZAH effectue des \u00e9valuations approuv\u00e9es des habitations FireSmart \u00e0 la demande des r\u00e9sidents, soumet les \u00e9valuations pour approbation, communique les r\u00e9sultats aux r\u00e9sidents et fournit des conseils et des orientations sur la mise en \u0153uvre des directives de la zone d&rsquo;allumage des habitations de FireSmart Canada.<\/p>\n<p>Trouvez plus d&rsquo;informations sur le poste et ses exigences :<span> <\/span><a href=\"https:\/\/firesmartcanada.ca\/wp-content\/uploads\/2024\/01\/FSC-HIZ-Specialist-Role-Description-Jan-2024.pdf\" target=\"_blank\" rel=\"noopener\">Description du r\u00f4le de sp\u00e9cialiste ZAH<\/a><\/p>\n<h3><strong>Formation<\/strong><\/h3>\n<p>La formation de sp\u00e9cialiste ZAH aura lieu uniquement en personne lors d&rsquo;ateliers pr\u00e9d\u00e9termin\u00e9s. La formation d&rsquo;ambassadeur de niveau 1 doit \u00eatre compl\u00e9t\u00e9e avec succ\u00e8s avant de participer \u00e0 la formation de sp\u00e9cialiste ZAH. <\/p>\n<p><em><strong>Si vous souhaitez participer au Programme d&rsquo;att\u00e9nuation des feux de for\u00eat de FireSmart BC, veuillez visiter <a href=\"https:\/\/firesmartbcplatform.ca\/home\" target=\"_blank\" rel=\"noopener\">FireSmart BC<\/a>.<\/strong><\/em><\/p>\n<p><em><strong>Pour la formation d&rsquo;\u00e9valuation avanc\u00e9e des habitations, veuillez envoyer un courriel \u00e0 FireSmart Canada \u00e0 <a href=\"mailto:general@firesmartcanada.ca\">general@firesmartcanada.ca<\/a> en indiquant votre int\u00e9r\u00eat, votre certificat d&rsquo;ach\u00e8vement de la <a href=\"#level1\">formation d&rsquo;ambassadeur de niveau 1<\/a>, et votre emplacement.<\/strong><\/em><\/p>\n<p>[\/et_pb_text][et_pb_icon font_icon=\u00a0\u00bb&#xf139;||fa||900&Prime; icon_color=\u00a0\u00bb#FFFFFF\u00a0\u00bb icon_width=\u00a0\u00bb50px\u00a0\u00bb url=\u00a0\u00bb#top\u00a0\u00bb _builder_version=\u00a0\u00bb4.27.4&Prime; _module_preset=\u00a0\u00bbdefault\u00a0\u00bb global_colors_info=\u00a0\u00bb{}\u00a0\u00bb][\/et_pb_icon][\/et_pb_column][\/et_pb_row][\/et_pb_section][et_pb_section fb_built=\u00a0\u00bb1&Prime; module_id=\u00a0\u00bbniveau4&Prime; _builder_version=\u00a0\u00bb4.27.4&Prime; _module_preset=\u00a0\u00bbdefault\u00a0\u00bb custom_padding=\u00a0\u00bb19px||23px|||\u00a0\u00bb global_colors_info=\u00a0\u00bb{}\u00a0\u00bb][et_pb_row _builder_version=\u00a0\u00bb4.27.4&Prime; _module_preset=\u00a0\u00bbdefault\u00a0\u00bb global_colors_info=\u00a0\u00bb{}\u00a0\u00bb][et_pb_column type=\u00a0\u00bb4_4&Prime; _builder_version=\u00a0\u00bb4.27.4&Prime; _module_preset=\u00a0\u00bbdefault\u00a0\u00bb global_colors_info=\u00a0\u00bb{}\u00a0\u00bb][et_pb_text _builder_version=\u00a0\u00bb4.27.4&Prime; _module_preset=\u00a0\u00bbdefault\u00a0\u00bb text_font_size=\u00a0\u00bb20px\u00a0\u00bb text_line_height=\u00a0\u00bb1.6em\u00a0\u00bb global_colors_info=\u00a0\u00bb{}\u00a0\u00bb]<\/p>\n<h2><strong>Niveau 4 <span>\u2013 Coordinateur de programme<\/span><\/strong><\/h2>\n<p><a href=\"https:\/\/firesmartcanada.ca\/wp-content\/uploads\/2024\/01\/program-coordinator-icon.png\"><img loading=\"lazy\" decoding=\"async\" src=\"https:\/\/firesmartcanada.ca\/wp-content\/uploads\/2024\/01\/program-coordinator-icon-229x300.png\" width=\"229\" height=\"300\" alt=\"\" class=\"wp-image-10461 alignleft size-medium\" srcset=\"https:\/\/dev.firesmartcanada.ca\/wp-content\/uploads\/2024\/01\/program-coordinator-icon-229x300.png 229w, https:\/\/dev.firesmartcanada.ca\/wp-content\/uploads\/2024\/01\/program-coordinator-icon.png 251w\" sizes=\"(max-width: 229px) 100vw, 229px\" \/><\/a>Le coordinateur de programme FireSmart est charg\u00e9 de coordonner les programmes FireSmart Canada dans une communaut\u00e9, une municipalit\u00e9 ou une juridiction r\u00e9gionale, afin d&rsquo;am\u00e9liorer la pr\u00e9paration, la pr\u00e9vention et l&rsquo;att\u00e9nuation des feux de for\u00eat et de minimiser les risques communautaires. Ce r\u00f4le implique la collaboration avec les agences communautaires, les municipalit\u00e9s et\/ou les gouvernements r\u00e9gionaux, et l&rsquo;agence provinciale\/territoriale de gestion des feux de for\u00eat pour coordonner les programmes et activit\u00e9s FireSmart, g\u00e9rer les projets connexes, la planification et les budgets, les demandes de subventions, et peut participer aux Plans de protection communautaire contre les feux de for\u00eat. <\/p>\n<p>Trouvez plus d&rsquo;informations sur le poste et ses exigences :<span> <\/span><a href=\"https:\/\/firesmartcanada.ca\/wp-content\/uploads\/2024\/01\/FSC-Program-Coordinator-Role-Description-Jan-2024.pdf\" target=\"_blank\" rel=\"noopener\">Description du r\u00f4le de coordinateur de programme<\/a><\/p>\n<h3><strong>Formation<\/strong><\/h3>\n<p>La formation pour le r\u00f4le de coordinateur de programme sera dispens\u00e9e\/fournie par l&rsquo;organisation qui embauche. Les formations de niveau 1 \u00e0 3 et une participation active dans chaque r\u00f4le doivent \u00eatre compl\u00e9t\u00e9es avec succ\u00e8s pour suivre la formation de coordinateur de programme de niveau 4. <\/p>\n<p>Si vous \u00eates int\u00e9ress\u00e9 \u00e0 poursuivre un r\u00f4le de coordinateur de programme FireSmart, veuillez contacter votre<span> <\/span><a href=\"https:\/\/firesmartcanada.ca\/about-firesmart-2\/contact-us\/provincial-territorial-liaisons\/\" target=\"_blank\" rel=\"noopener\">agent de liaison FireSmart provincial ou territorial<\/a>.<\/p>\n<p>[\/et_pb_text][et_pb_icon font_icon=\u00a0\u00bb&#xf139;||fa||900&Prime; icon_color=\u00a0\u00bb#24272A\u00a0\u00bb icon_width=\u00a0\u00bb50px\u00a0\u00bb url=\u00a0\u00bb#top\u00a0\u00bb _builder_version=\u00a0\u00bb4.27.4&Prime; _module_preset=\u00a0\u00bbdefault\u00a0\u00bb global_colors_info=\u00a0\u00bb{}\u00a0\u00bb][\/et_pb_icon][\/et_pb_column][\/et_pb_row][\/et_pb_section]<\/p>\n","protected":false},"excerpt":{"rendered":"<p>L\u2019objectif d\u2019Intelli-feu Canada est de cr\u00e9er des communaut\u00e9s r\u00e9silientes aux feux de v\u00e9g\u00e9tation d\u2019un oc\u00e9an \u00e0 l\u2019autre. Nous savons que pour y parvenir, chaque province et territoire doit disposer des bons outils pour mettre en \u0153uvre ses programmes d\u2019att\u00e9nuation Intelli-feu. Voil\u00e0 pourquoi nous avons mis au point une formation afin de d\u00e9velopper et de renforcer [&hellip;]<\/p>\n","protected":false},"author":1,"featured_media":13003,"parent":0,"menu_order":0,"comment_status":"closed","ping_status":"closed","template":"","meta":{"_et_pb_use_builder":"on","_et_pb_old_content":"","_et_gb_content_width":"","footnotes":""},"class_list":["post-13002","page","type-page","status-publish","has-post-thumbnail","hentry"],"_links":{"self":[{"href":"https:\/\/dev.firesmartcanada.ca\/fr\/wp-json\/wp\/v2\/pages\/13002","targetHints":{"allow":["GET"]}}],"collection":[{"href":"https:\/\/dev.firesmartcanada.ca\/fr\/wp-json\/wp\/v2\/pages"}],"about":[{"href":"https:\/\/dev.firesmartcanada.ca\/fr\/wp-json\/wp\/v2\/types\/page"}],"author":[{"embeddable":true,"href":"https:\/\/dev.firesmartcanada.ca\/fr\/wp-json\/wp\/v2\/users\/1"}],"replies":[{"embeddable":true,"href":"https:\/\/dev.firesmartcanada.ca\/fr\/wp-json\/wp\/v2\/comments?post=13002"}],"version-history":[{"count":5,"href":"https:\/\/dev.firesmartcanada.ca\/fr\/wp-json\/wp\/v2\/pages\/13002\/revisions"}],"predecessor-version":[{"id":14007,"href":"https:\/\/dev.firesmartcanada.ca\/fr\/wp-json\/wp\/v2\/pages\/13002\/revisions\/14007"}],"wp:featuredmedia":[{"embeddable":true,"href":"https:\/\/dev.firesmartcanada.ca\/fr\/wp-json\/wp\/v2\/media\/13003"}],"wp:attachment":[{"href":"https:\/\/dev.firesmartcanada.ca\/fr\/wp-json\/wp\/v2\/media?parent=13002"}],"curies":[{"name":"wp","href":"https:\/\/api.w.org\/{rel}","templated":true}]}}