{"id":13009,"date":"2022-08-11T14:38:00","date_gmt":"2022-08-11T19:38:00","guid":{"rendered":"https:\/\/dev.firesmartcanada.ca\/programmes\/programme-devaluation-avancee-des-maisons\/"},"modified":"2025-09-16T14:49:57","modified_gmt":"2025-09-16T19:49:57","slug":"programme-devaluation-residentielle-avancee","status":"publish","type":"page","link":"https:\/\/dev.firesmartcanada.ca\/fr\/programmes\/programme-devaluation-residentielle-avancee\/","title":{"rendered":"Programme d\u2019\u00c9valuation R\u00e9sidentielle Avanc\u00e9e"},"content":{"rendered":"<p>[et_pb_section fb_built=\u00a0\u00bb1&Prime; fullwidth=\u00a0\u00bbon\u00a0\u00bb disabled_on=\u00a0\u00bboff|off|off\u00a0\u00bb admin_label=\u00a0\u00bbSection\u00a0\u00bb _builder_version=\u00a0\u00bb4.27.0&Prime; _module_preset=\u00a0\u00bbdefault\u00a0\u00bb background_color=\u00a0\u00bb#24272A\u00a0\u00bb locked=\u00a0\u00bboff\u00a0\u00bb global_colors_info=\u00a0\u00bb{}\u00a0\u00bb][et_pb_fullwidth_post_title meta=\u00a0\u00bboff\u00a0\u00bb featured_image=\u00a0\u00bboff\u00a0\u00bb text_color=\u00a0\u00bblight\u00a0\u00bb _builder_version=\u00a0\u00bb4.27.4&Prime; _module_preset=\u00a0\u00bbdefault\u00a0\u00bb title_font=\u00a0\u00bb|800||on|||||\u00a0\u00bb title_text_align=\u00a0\u00bbcenter\u00a0\u00bb title_text_color=\u00a0\u00bb#FFFFFF\u00a0\u00bb title_font_size=\u00a0\u00bb4em\u00a0\u00bb meta_font=\u00a0\u00bb|&#8211;et_global_heading_font_weight|||||||\u00a0\u00bb meta_text_align=\u00a0\u00bbright\u00a0\u00bb background_color=\u00a0\u00bbRGBA(255,255,255,0)\u00a0\u00bb background_image=\u00a0\u00bbhttps:\/\/firesmartcanada.ca\/wp-content\/uploads\/2025\/04\/landscape-5381068_1280.jpg\u00a0\u00bb parallax=\u00a0\u00bbon\u00a0\u00bb text_orientation=\u00a0\u00bbright\u00a0\u00bb max_width=\u00a0\u00bb100%\u00a0\u00bb custom_padding=\u00a0\u00bb119px||119px||true|false\u00a0\u00bb custom_css_main_element=\u00a0\u00bbz-index: 1;\u00a0\u00bb title_text_shadow_style=\u00a0\u00bbpreset1&Prime; title_text_shadow_color=\u00a0\u00bb#000000&Prime; text_shadow_style=\u00a0\u00bbpreset1&Prime; global_colors_info=\u00a0\u00bb{}\u00a0\u00bb][\/et_pb_fullwidth_post_title][\/et_pb_section][et_pb_section fb_built=\u00a0\u00bb1&Prime; _builder_version=\u00a0\u00bb4.27.3&Prime; _module_preset=\u00a0\u00bbdefault\u00a0\u00bb custom_padding=\u00a0\u00bb6px||5px|||\u00a0\u00bb global_colors_info=\u00a0\u00bb{}\u00a0\u00bb][et_pb_row _builder_version=\u00a0\u00bb4.27.3&Prime; _module_preset=\u00a0\u00bbdefault\u00a0\u00bb global_colors_info=\u00a0\u00bb{}\u00a0\u00bb][et_pb_column type=\u00a0\u00bb4_4&Prime; _builder_version=\u00a0\u00bb4.27.3&Prime; _module_preset=\u00a0\u00bbdefault\u00a0\u00bb global_colors_info=\u00a0\u00bb{}\u00a0\u00bb][et_pb_text _builder_version=\u00a0\u00bb4.27.4&Prime; _module_preset=\u00a0\u00bbdefault\u00a0\u00bb text_font_size=\u00a0\u00bb20px\u00a0\u00bb text_line_height=\u00a0\u00bb1.6em\u00a0\u00bb hover_enabled=\u00a0\u00bb0&Prime; global_colors_info=\u00a0\u00bb{}\u00a0\u00bb sticky_enabled=\u00a0\u00bb0&Prime;]<\/p>\n<p>Le Programme d\u2019\u00e9valuation r\u00e9sidentielle avanc\u00e9e est un programme volontaire d\u2019\u00e9valuation des propri\u00e9t\u00e9s destin\u00e9 aux r\u00e9sidents qui cherchent \u00e0 d\u00e9terminer et \u00e0 att\u00e9nuer la vuln\u00e9rabilit\u00e9 de leur maison et de leur propri\u00e9t\u00e9 aux incendies de for\u00eat. C\u2019est la prochaine \u00e9tape \u00e0 franchir apr\u00e8s avoir utilis\u00e9 l\u2019application Soyez Intelli-feu \u00e0 domicile ou rempli la carte de pointage d\u2019auto-\u00e9valuation.<\/p>\n<p>L\u2019\u00e9valuation avanc\u00e9e du domicile est effectu\u00e9e par un \u00e9valuateur ayant re\u00e7u une formation officielle. L\u2019\u00e9valuateur se rendra sur place avec le r\u00e9sident et passera en revue les principales zones de<span>\u00a0<\/span><a href=\"https:\/\/intellifeucanada.ca\/programs\/advanced-home-assessment-program\/#zdr\">la zone d\u2019inflammation r\u00e9sidentielle<\/a>. L\u2019\u00e9valuation mettra en \u00e9vidence les zones \u00e0 risque et fournira des recommandations pr\u00e9cises sur les mesures et les am\u00e9liorations que les r\u00e9sidents peuvent prendre pour augmenter la r\u00e9sistance de leur propri\u00e9t\u00e9 aux incendies forestiers. L\u2019\u00e9valuateur fournira un rapport complet une fois l\u2019\u00e9valuation termin\u00e9e.<\/p>\n<p>Communiquez avec Intelli-feu Canada ou avec l\u2019agent de liaison provincial ou territorial de votre r\u00e9gion pour conna\u00eetre la disponibilit\u00e9 du programme ou pour obtenir de plus amples renseignements sur la fa\u00e7on de commencer.<\/p>\n<p>[\/et_pb_text][et_pb_button button_url=\u00a0\u00bbhttps:\/\/firesmartcanada.ca\/about-firesmart-2\/contact-us\/provincial-territorial-liaisons\/\u00a0\u00bb button_text=\u00a0\u00bbAgent de liaisons\u00a0\u00bb button_alignment=\u00a0\u00bbcenter\u00a0\u00bb disabled_on=\u00a0\u00bboff|off|off\u00a0\u00bb _builder_version=\u00a0\u00bb4.27.4&Prime; _module_preset=\u00a0\u00bbdefault\u00a0\u00bb custom_button=\u00a0\u00bbon\u00a0\u00bb button_text_color=\u00a0\u00bb#FFFFFF\u00a0\u00bb button_bg_color=\u00a0\u00bb#24272A\u00a0\u00bb button_border_width=\u00a0\u00bb0px\u00a0\u00bb button_font=\u00a0\u00bb||||||||\u00a0\u00bb button_icon=\u00a0\u00bb&#xe010;||divi||400&Prime; button_icon_color=\u00a0\u00bb#FFFFFF\u00a0\u00bb hover_enabled=\u00a0\u00bb0&Prime; button_text_shadow_style=\u00a0\u00bbpreset1&Prime; global_colors_info=\u00a0\u00bb{}\u00a0\u00bb button_bg_color__hover=\u00a0\u00bb#3a3f44&Prime; button_bg_color__hover_enabled=\u00a0\u00bbon|hover\u00a0\u00bb sticky_enabled=\u00a0\u00bb0&Prime;][\/et_pb_button][\/et_pb_column][\/et_pb_row][\/et_pb_section][et_pb_section fb_built=\u00a0\u00bb1&Prime; _builder_version=\u00a0\u00bb4.27.3&Prime; _module_preset=\u00a0\u00bbdefault\u00a0\u00bb custom_padding=\u00a0\u00bb3px|||||\u00a0\u00bb global_colors_info=\u00a0\u00bb{}\u00a0\u00bb][et_pb_row _builder_version=\u00a0\u00bb4.27.3&Prime; _module_preset=\u00a0\u00bbdefault\u00a0\u00bb global_colors_info=\u00a0\u00bb{}\u00a0\u00bb][et_pb_column type=\u00a0\u00bb4_4&Prime; _builder_version=\u00a0\u00bb4.27.3&Prime; _module_preset=\u00a0\u00bbdefault\u00a0\u00bb global_colors_info=\u00a0\u00bb{}\u00a0\u00bb][et_pb_image src=\u00a0\u00bbhttps:\/\/dev.firesmartcanada.ca\/wp-content\/uploads\/2025\/09\/Home-Ignition-Zone-FR-SCREEN-2-scaled.png\u00a0\u00bb title_text=\u00a0\u00bbZone d&rsquo;ignition r\u00e9sidentielle &#8211; \u00c9CRAN\u00a0\u00bb module_id=\u00a0\u00bbhiz\u00a0\u00bb _builder_version=\u00a0\u00bb4.27.4&Prime; _module_preset=\u00a0\u00bbdefault\u00a0\u00bb global_colors_info=\u00a0\u00bb{}\u00a0\u00bb][\/et_pb_image][\/et_pb_column][\/et_pb_row][\/et_pb_section]<\/p>\n","protected":false},"excerpt":{"rendered":"<p>Le Programme d\u2019\u00e9valuation r\u00e9sidentielle avanc\u00e9e est un programme volontaire d\u2019\u00e9valuation des propri\u00e9t\u00e9s destin\u00e9 aux r\u00e9sidents qui cherchent \u00e0 d\u00e9terminer et \u00e0 att\u00e9nuer la vuln\u00e9rabilit\u00e9 de leur maison et de leur propri\u00e9t\u00e9 aux incendies de for\u00eat. C\u2019est la prochaine \u00e9tape \u00e0 franchir apr\u00e8s avoir utilis\u00e9 l\u2019application Soyez Intelli-feu \u00e0 domicile ou rempli la carte de pointage [&hellip;]<\/p>\n","protected":false},"author":1,"featured_media":13010,"parent":12998,"menu_order":0,"comment_status":"closed","ping_status":"closed","template":"","meta":{"_et_pb_use_builder":"on","_et_pb_old_content":"","_et_gb_content_width":"","footnotes":""},"class_list":["post-13009","page","type-page","status-publish","has-post-thumbnail","hentry"],"_links":{"self":[{"href":"https:\/\/dev.firesmartcanada.ca\/fr\/wp-json\/wp\/v2\/pages\/13009","targetHints":{"allow":["GET"]}}],"collection":[{"href":"https:\/\/dev.firesmartcanada.ca\/fr\/wp-json\/wp\/v2\/pages"}],"about":[{"href":"https:\/\/dev.firesmartcanada.ca\/fr\/wp-json\/wp\/v2\/types\/page"}],"author":[{"embeddable":true,"href":"https:\/\/dev.firesmartcanada.ca\/fr\/wp-json\/wp\/v2\/users\/1"}],"replies":[{"embeddable":true,"href":"https:\/\/dev.firesmartcanada.ca\/fr\/wp-json\/wp\/v2\/comments?post=13009"}],"version-history":[{"count":5,"href":"https:\/\/dev.firesmartcanada.ca\/fr\/wp-json\/wp\/v2\/pages\/13009\/revisions"}],"predecessor-version":[{"id":14017,"href":"https:\/\/dev.firesmartcanada.ca\/fr\/wp-json\/wp\/v2\/pages\/13009\/revisions\/14017"}],"up":[{"embeddable":true,"href":"https:\/\/dev.firesmartcanada.ca\/fr\/wp-json\/wp\/v2\/pages\/12998"}],"wp:featuredmedia":[{"embeddable":true,"href":"https:\/\/dev.firesmartcanada.ca\/fr\/wp-json\/wp\/v2\/media\/13010"}],"wp:attachment":[{"href":"https:\/\/dev.firesmartcanada.ca\/fr\/wp-json\/wp\/v2\/media?parent=13009"}],"curies":[{"name":"wp","href":"https:\/\/api.w.org\/{rel}","templated":true}]}}