{"id":13011,"date":"2022-10-26T14:43:07","date_gmt":"2022-10-26T19:43:07","guid":{"rendered":"https:\/\/dev.firesmartcanada.ca\/ressources-pour-la-journee-de-preparation-communautaire-aux-feux-de-foret\/"},"modified":"2025-09-08T08:46:47","modified_gmt":"2025-09-08T13:46:47","slug":"ressources-pour-la-journee-de-preparation-communautaire-aux-feux-de-foret","status":"publish","type":"page","link":"https:\/\/dev.firesmartcanada.ca\/fr\/programmes\/la-journee-de-preparation-des-collectivites-contre-les-incendies-de-foret\/ressources-pour-la-journee-de-preparation-communautaire-aux-feux-de-foret\/","title":{"rendered":"Ressources pour la Journ\u00e9e de pr\u00e9paration communautaire aux feux de for\u00eat"},"content":{"rendered":"\n[et_pb_section fb_built=\u00a0\u00bb1&Prime; _builder_version=\u00a0\u00bb4.18.0&Prime; _module_preset=\u00a0\u00bbdefault\u00a0\u00bb global_colors_info=\u00a0\u00bb{}\u00a0\u00bb][et_pb_row _builder_version=\u00a0\u00bb4.18.0&Prime; _module_preset=\u00a0\u00bbdefault\u00a0\u00bb global_colors_info=\u00a0\u00bb{}\u00a0\u00bb][et_pb_column type=\u00a0\u00bb4_4&Prime; _builder_version=\u00a0\u00bb4.18.0&Prime; _module_preset=\u00a0\u00bbdefault\u00a0\u00bb global_colors_info=\u00a0\u00bb{}\u00a0\u00bb][et_pb_text _builder_version=\u00a0\u00bb4.18.0&Prime; _module_preset=\u00a0\u00bbdefault\u00a0\u00bb global_colors_info=\u00a0\u00bb{}\u00a0\u00bb]<h1>Ressources pour la Journ\u00e9e de pr\u00e9paration communautaire aux feux de for\u00eat<\/h1>[\/et_pb_text][\/et_pb_column][\/et_pb_row][et_pb_row _builder_version=\u00a0\u00bb4.18.0&Prime; _module_preset=\u00a0\u00bbdefault\u00a0\u00bb global_colors_info=\u00a0\u00bb{}\u00a0\u00bb][et_pb_column type=\u00a0\u00bb4_4&Prime; _builder_version=\u00a0\u00bb4.18.0&Prime; _module_preset=\u00a0\u00bbdefault\u00a0\u00bb global_colors_info=\u00a0\u00bb{}\u00a0\u00bb][et_pb_text _builder_version=\u00a0\u00bb4.24.3&Prime; _module_preset=\u00a0\u00bbdefault\u00a0\u00bb global_colors_info=\u00a0\u00bb{}\u00a0\u00bb]<h3 style=\"text-align: left;\">Trousse d&rsquo;outils pour la Journ\u00e9e de pr\u00e9paration<\/h3>[\/et_pb_text][\/et_pb_column][\/et_pb_row][et_pb_row _builder_version=\u00a0\u00bb4.20.4&Prime; _module_preset=\u00a0\u00bbdefault\u00a0\u00bb global_colors_info=\u00a0\u00bb{}\u00a0\u00bb][et_pb_column type=\u00a0\u00bb4_4&Prime; _builder_version=\u00a0\u00bb4.18.0&Prime; _module_preset=\u00a0\u00bbdefault\u00a0\u00bb global_colors_info=\u00a0\u00bb{}\u00a0\u00bb][et_pb_image src=\u00a0\u00bbhttps:\/\/firesmartcanada.ca\/wp-content\/uploads\/2025\/02\/Toolkit-cover.png\u00a0\u00bb alt=\u00a0\u00bbPage de couverture de la trousse d&#039;outils\u00a0\u00bb title_text=\u00a0\u00bbPage de couverture de la trousse d&#039;outils\u00a0\u00bb url=\u00a0\u00bbhttps:\/\/firesmartcanada.ca\/wp-content\/uploads\/2025\/02\/Prep-Day-Toolkit-EN_10y.pdf\u00a0\u00bb url_new_window=\u00a0\u00bbon\u00a0\u00bb _builder_version=\u00a0\u00bb4.27.4&Prime; _module_preset=\u00a0\u00bbdefault\u00a0\u00bb width=\u00a0\u00bb85%\u00a0\u00bb global_colors_info=\u00a0\u00bb{}\u00a0\u00bb][\/et_pb_image][\/et_pb_column][\/et_pb_row][et_pb_row column_structure=\u00a0\u00bb1_2,1_2&Prime; _builder_version=\u00a0\u00bb4.24.3&Prime; _module_preset=\u00a0\u00bbdefault\u00a0\u00bb global_colors_info=\u00a0\u00bb{}\u00a0\u00bb][et_pb_column type=\u00a0\u00bb1_2&Prime; _builder_version=\u00a0\u00bb4.18.0&Prime; _module_preset=\u00a0\u00bbdefault\u00a0\u00bb global_colors_info=\u00a0\u00bb{}\u00a0\u00bb][et_pb_text _builder_version=\u00a0\u00bb4.24.3&Prime; _module_preset=\u00a0\u00bbdefault\u00a0\u00bb global_colors_info=\u00a0\u00bb{}\u00a0\u00bb]<h3 style=\"text-align: left;\">Mod\u00e8le d&rsquo;avis aux m\u00e9dias<\/h3>[\/et_pb_text][\/et_pb_column][et_pb_column type=\u00a0\u00bb1_2&Prime; _builder_version=\u00a0\u00bb4.18.0&Prime; _module_preset=\u00a0\u00bbdefault\u00a0\u00bb global_colors_info=\u00a0\u00bb{}\u00a0\u00bb][et_pb_button button_url=\u00a0\u00bbhttps:\/\/firesmartcanada.ca\/wp-content\/uploads\/2024\/10\/Media_Advisory_WCPD-2025.pdf\u00a0\u00bb url_new_window=\u00a0\u00bbon\u00a0\u00bb button_text=\u00a0\u00bbT\u00e9l\u00e9chargez-le ici\u00a0\u00bb button_alignment=\u00a0\u00bbcenter\u00a0\u00bb _builder_version=\u00a0\u00bb4.27.4&Prime; _module_preset=\u00a0\u00bbdefault\u00a0\u00bb custom_button=\u00a0\u00bbon\u00a0\u00bb button_text_color=\u00a0\u00bb#FFFFFF\u00a0\u00bb button_icon=\u00a0\u00bb&#xe092;||divi||400&Prime; hover_enabled=\u00a0\u00bb0&Prime; global_colors_info=\u00a0\u00bb{}\u00a0\u00bb button_icon_color=\u00a0\u00bb#FFFFFF\u00a0\u00bb sticky_enabled=\u00a0\u00bb0&Prime;][\/et_pb_button][\/et_pb_column][\/et_pb_row][et_pb_row _builder_version=\u00a0\u00bb4.18.0&Prime; _module_preset=\u00a0\u00bbdefault\u00a0\u00bb global_colors_info=\u00a0\u00bb{}\u00a0\u00bb][et_pb_column type=\u00a0\u00bb4_4&Prime; _builder_version=\u00a0\u00bb4.18.0&Prime; _module_preset=\u00a0\u00bbdefault\u00a0\u00bb global_colors_info=\u00a0\u00bb{}\u00a0\u00bb][et_pb_text _builder_version=\u00a0\u00bb4.24.3&Prime; _module_preset=\u00a0\u00bbdefault\u00a0\u00bb global_colors_info=\u00a0\u00bb{}\u00a0\u00bb]<h3 style=\"text-align: left;\">Ressources pour les m\u00e9dias sociaux<\/h3>[\/et_pb_text][et_pb_text _builder_version=\u00a0\u00bb4.18.0&Prime; _module_preset=\u00a0\u00bbdefault\u00a0\u00bb global_colors_info=\u00a0\u00bb{}\u00a0\u00bb]<p><em>Nous vous encourageons \u00e0 utiliser ces ressources sur vos r\u00e9seaux sociaux pour promouvoir la Journ\u00e9e de pr\u00e9paration. Ouvrez le fichier et faites un clic droit pour les t\u00e9l\u00e9charger directement sur votre ordinateur <\/em><\/p>[\/et_pb_text][\/et_pb_column][\/et_pb_row][et_pb_row column_structure=\u00a0\u00bb1_4,1_4,1_4,1_4&Prime; _builder_version=\u00a0\u00bb4.18.0&Prime; _module_preset=\u00a0\u00bbdefault\u00a0\u00bb custom_padding=\u00a0\u00bb||5px||false|false\u00a0\u00bb global_colors_info=\u00a0\u00bb{}\u00a0\u00bb][et_pb_column type=\u00a0\u00bb1_4&Prime; _builder_version=\u00a0\u00bb4.18.0&Prime; _module_preset=\u00a0\u00bbdefault\u00a0\u00bb global_colors_info=\u00a0\u00bb{}\u00a0\u00bb][et_pb_image src=\u00a0\u00bbhttps:\/\/firesmartcanada.ca\/wp-content\/uploads\/2024\/10\/Applications-Now-Open-Yorkton-Tribal-Council.png\u00a0\u00bb title_text=\u00a0\u00bbCandidatures maintenant ouvertes &#8211; Conseil tribal de Yorkton\u00a0\u00bb url=\u00a0\u00bbhttps:\/\/firesmartcanada.ca\/wp-content\/uploads\/2024\/10\/Applications-Now-Open-Yorkton-Tribal-Council.png\u00a0\u00bb url_new_window=\u00a0\u00bbon\u00a0\u00bb _builder_version=\u00a0\u00bb4.27.2&Prime; _module_preset=\u00a0\u00bbdefault\u00a0\u00bb global_colors_info=\u00a0\u00bb{}\u00a0\u00bb][\/et_pb_image][\/et_pb_column][et_pb_column type=\u00a0\u00bb1_4&Prime; _builder_version=\u00a0\u00bb4.18.0&Prime; _module_preset=\u00a0\u00bbdefault\u00a0\u00bb global_colors_info=\u00a0\u00bb{}\u00a0\u00bb][et_pb_image src=\u00a0\u00bbhttps:\/\/firesmartcanada.ca\/wp-content\/uploads\/2024\/10\/Applications-Now-Open-Yorkton-Tribal-Council_Twitter.png\u00a0\u00bb title_text=\u00a0\u00bbCandidatures maintenant ouvertes &#8211; Conseil tribal de Yorkton_Twitter\u00a0\u00bb url=\u00a0\u00bbhttps:\/\/firesmartcanada.ca\/wp-content\/uploads\/2024\/10\/Applications-Now-Open-Yorkton-Tribal-Council_Twitter.png\u00a0\u00bb url_new_window=\u00a0\u00bbon\u00a0\u00bb _builder_version=\u00a0\u00bb4.27.2&Prime; _module_preset=\u00a0\u00bbdefault\u00a0\u00bb global_colors_info=\u00a0\u00bb{}\u00a0\u00bb][\/et_pb_image][\/et_pb_column][et_pb_column type=\u00a0\u00bb1_4&Prime; _builder_version=\u00a0\u00bb4.18.0&Prime; _module_preset=\u00a0\u00bbdefault\u00a0\u00bb global_colors_info=\u00a0\u00bb{}\u00a0\u00bb][et_pb_image src=\u00a0\u00bbhttps:\/\/firesmartcanada.ca\/wp-content\/uploads\/2024\/10\/Applications-Open-Nov-1st_EN_Promo-2025.png\u00a0\u00bb title_text=\u00a0\u00bbCandidatures ouvertes le 1er nov._FR_Promo 2025&Prime; url=\u00a0\u00bbhttps:\/\/firesmartcanada.ca\/wp-content\/uploads\/2024\/10\/Applications-Open-Nov-1st_EN_Promo-2025.png\u00a0\u00bb url_new_window=\u00a0\u00bbon\u00a0\u00bb _builder_version=\u00a0\u00bb4.27.2&Prime; _module_preset=\u00a0\u00bbdefault\u00a0\u00bb global_colors_info=\u00a0\u00bb{}\u00a0\u00bb][\/et_pb_image][\/et_pb_column][et_pb_column type=\u00a0\u00bb1_4&Prime; _builder_version=\u00a0\u00bb4.18.0&Prime; _module_preset=\u00a0\u00bbdefault\u00a0\u00bb global_colors_info=\u00a0\u00bb{}\u00a0\u00bb][et_pb_image src=\u00a0\u00bbhttps:\/\/firesmartcanada.ca\/wp-content\/uploads\/2024\/10\/Applications-Open-Nov-1st_EN_Promo-2025_Twitter.png\u00a0\u00bb title_text=\u00a0\u00bbCandidatures ouvertes le 1er nov._FR_Promo 2025_Twitter\u00a0\u00bb url=\u00a0\u00bbhttps:\/\/firesmartcanada.ca\/wp-content\/uploads\/2024\/10\/Applications-Open-Nov-1st_EN_Promo-2025_Twitter.png\u00a0\u00bb url_new_window=\u00a0\u00bbon\u00a0\u00bb _builder_version=\u00a0\u00bb4.27.2&Prime; _module_preset=\u00a0\u00bbdefault\u00a0\u00bb global_colors_info=\u00a0\u00bb{}\u00a0\u00bb][\/et_pb_image][\/et_pb_column][\/et_pb_row][et_pb_row column_structure=\u00a0\u00bb1_4,1_4,1_4,1_4&Prime; disabled_on=\u00a0\u00bbon|off|off\u00a0\u00bb _builder_version=\u00a0\u00bb4.18.0&Prime; _module_preset=\u00a0\u00bbdefault\u00a0\u00bb custom_padding=\u00a0\u00bb0px||||false|false\u00a0\u00bb global_colors_info=\u00a0\u00bb{}\u00a0\u00bb][et_pb_column type=\u00a0\u00bb1_4&Prime; _builder_version=\u00a0\u00bb4.18.0&Prime; _module_preset=\u00a0\u00bbdefault\u00a0\u00bb global_colors_info=\u00a0\u00bb{}\u00a0\u00bb][et_pb_text disabled_on=\u00a0\u00bbon|on|off\u00a0\u00bb _builder_version=\u00a0\u00bb4.18.1&Prime; _module_preset=\u00a0\u00bbdefault\u00a0\u00bb link_option_url=\u00a0\u00bbhttps:\/\/firesmartcanada.ca\/wp-content\/uploads\/2022\/10\/Applications-Now-Open-FB-INSTAGRAM-EN.png\u00a0\u00bb link_option_url_new_window=\u00a0\u00bbon\u00a0\u00bb global_colors_info=\u00a0\u00bb{}\u00a0\u00bb]<p>Candidatures maintenant ouvertes FB\/Instagram &#8211; Fran\u00e7ais<\/p>[\/et_pb_text][\/et_pb_column][et_pb_column type=\u00a0\u00bb1_4&Prime; _builder_version=\u00a0\u00bb4.18.0&Prime; _module_preset=\u00a0\u00bbdefault\u00a0\u00bb global_colors_info=\u00a0\u00bb{}\u00a0\u00bb][et_pb_text disabled_on=\u00a0\u00bbon|on|off\u00a0\u00bb _builder_version=\u00a0\u00bb4.18.1&Prime; _module_preset=\u00a0\u00bbdefault\u00a0\u00bb link_option_url=\u00a0\u00bbhttps:\/\/firesmartcanada.ca\/wp-content\/uploads\/2022\/10\/Applications-Now-Open-Twitter-EN.png\u00a0\u00bb link_option_url_new_window=\u00a0\u00bbon\u00a0\u00bb global_colors_info=\u00a0\u00bb{}\u00a0\u00bb]<p>Candidatures maintenant ouvertes Twitter &#8211; Fran\u00e7ais<\/p>[\/et_pb_text][\/et_pb_column][et_pb_column type=\u00a0\u00bb1_4&Prime; _builder_version=\u00a0\u00bb4.18.0&Prime; _module_preset=\u00a0\u00bbdefault\u00a0\u00bb global_colors_info=\u00a0\u00bb{}\u00a0\u00bb][et_pb_text disabled_on=\u00a0\u00bbon|on|off\u00a0\u00bb _builder_version=\u00a0\u00bb4.18.1&Prime; _module_preset=\u00a0\u00bbdefault\u00a0\u00bb link_option_url=\u00a0\u00bbhttps:\/\/firesmartcanada.ca\/wp-content\/uploads\/2022\/10\/Applications-Open-Nov-1st-FB-INSTAGRAM-EN.png\u00a0\u00bb link_option_url_new_window=\u00a0\u00bbon\u00a0\u00bb global_colors_info=\u00a0\u00bb{}\u00a0\u00bb]<p>Candidatures ouvertes le 1er novembre FB\/Instagram &#8211; Fran\u00e7ais<\/p>[\/et_pb_text][\/et_pb_column][et_pb_column type=\u00a0\u00bb1_4&Prime; _builder_version=\u00a0\u00bb4.18.0&Prime; _module_preset=\u00a0\u00bbdefault\u00a0\u00bb global_colors_info=\u00a0\u00bb{}\u00a0\u00bb][et_pb_text disabled_on=\u00a0\u00bbon|on|off\u00a0\u00bb _builder_version=\u00a0\u00bb4.18.1&Prime; _module_preset=\u00a0\u00bbdefault\u00a0\u00bb link_option_url=\u00a0\u00bbhttps:\/\/firesmartcanada.ca\/wp-content\/uploads\/2022\/10\/Applications-Open-Nov-1st-TWITTER-EN.png\u00a0\u00bb link_option_url_new_window=\u00a0\u00bbon\u00a0\u00bb global_colors_info=\u00a0\u00bb{}\u00a0\u00bb]<p>Candidatures ouvertes le 1er novembre Twitter &#8211; Fran\u00e7ais<\/p>[\/et_pb_text][\/et_pb_column][\/et_pb_row][et_pb_row _builder_version=\u00a0\u00bb4.18.0&Prime; _module_preset=\u00a0\u00bbdefault\u00a0\u00bb global_colors_info=\u00a0\u00bb{}\u00a0\u00bb][et_pb_column type=\u00a0\u00bb4_4&Prime; _builder_version=\u00a0\u00bb4.18.0&Prime; _module_preset=\u00a0\u00bbdefault\u00a0\u00bb global_colors_info=\u00a0\u00bb{}\u00a0\u00bb][et_pb_text _builder_version=\u00a0\u00bb4.24.3&Prime; _module_preset=\u00a0\u00bbdefault\u00a0\u00bb global_colors_info=\u00a0\u00bb{}\u00a0\u00bb]<h3 style=\"text-align: left;\">Affiches de la Journ\u00e9e de pr\u00e9paration<\/h3>[\/et_pb_text][\/et_pb_column][\/et_pb_row][et_pb_row column_structure=\u00a0\u00bb1_2,1_2&Prime; _builder_version=\u00a0\u00bb4.20.4&Prime; _module_preset=\u00a0\u00bbdefault\u00a0\u00bb global_colors_info=\u00a0\u00bb{}\u00a0\u00bb][et_pb_column type=\u00a0\u00bb1_2&Prime; _builder_version=\u00a0\u00bb4.20.4&Prime; _module_preset=\u00a0\u00bbdefault\u00a0\u00bb global_colors_info=\u00a0\u00bb{}\u00a0\u00bb][et_pb_image src=\u00a0\u00bbhttps:\/\/firesmartcanada.ca\/wp-content\/uploads\/2025\/02\/Poster-10Y.png\u00a0\u00bb title_text=\u00a0\u00bbAffiche 10A\u00a0\u00bb url=\u00a0\u00bbhttps:\/\/firesmartcanada.ca\/wp-content\/uploads\/2025\/02\/Prep-Day-Community-Poster_EN_10Y.pdf\u00a0\u00bb url_new_window=\u00a0\u00bbon\u00a0\u00bb _builder_version=\u00a0\u00bb4.27.4&Prime; _module_preset=\u00a0\u00bbdefault\u00a0\u00bb global_colors_info=\u00a0\u00bb{}\u00a0\u00bb][\/et_pb_image][\/et_pb_column][et_pb_column type=\u00a0\u00bb1_2&Prime; _builder_version=\u00a0\u00bb4.20.4&Prime; _module_preset=\u00a0\u00bbdefault\u00a0\u00bb global_colors_info=\u00a0\u00bb{}\u00a0\u00bb][et_pb_image src=\u00a0\u00bbhttps:\/\/firesmartcanada.ca\/wp-content\/uploads\/2024\/10\/WCPD_Poster_EN_2025_Image.png\u00a0\u00bb title_text=\u00a0\u00bbJPCF_Affiche_FR_2025_Image\u00a0\u00bb url=\u00a0\u00bbhttps:\/\/firesmartcanada.ca\/wp-content\/uploads\/2024\/10\/WCPD-Poster_EN_2025.pdf\u00a0\u00bb url_new_window=\u00a0\u00bbon\u00a0\u00bb _builder_version=\u00a0\u00bb4.27.2&Prime; _module_preset=\u00a0\u00bbdefault\u00a0\u00bb width=\u00a0\u00bb85%\u00a0\u00bb global_colors_info=\u00a0\u00bb{}\u00a0\u00bb][\/et_pb_image][\/et_pb_column][\/et_pb_row][et_pb_row _builder_version=\u00a0\u00bb4.18.0&Prime; _module_preset=\u00a0\u00bbdefault\u00a0\u00bb global_colors_info=\u00a0\u00bb{}\u00a0\u00bb][et_pb_column type=\u00a0\u00bb4_4&Prime; _builder_version=\u00a0\u00bb4.18.0&Prime; _module_preset=\u00a0\u00bbdefault\u00a0\u00bb global_colors_info=\u00a0\u00bb{}\u00a0\u00bb][et_pb_button button_url=\u00a0\u00bbhttps:\/\/dev.firesmartcanada.ca\/programmes\/journee-de-preparation-communautaire-aux-feux-de-foret\/ressources-pour-la-journee-de-preparation-communautaire-aux-feux-de-foret\/?lang=fr\u00a0\u00bb button_text=\u00a0\u00bbD\u00e9tails de la Journ\u00e9e de pr\u00e9paration communautaire aux feux de for\u00eat\u00a0\u00bb button_alignment=\u00a0\u00bbcenter\u00a0\u00bb _builder_version=\u00a0\u00bb4.27.4&Prime; _module_preset=\u00a0\u00bbdefault\u00a0\u00bb custom_button=\u00a0\u00bbon\u00a0\u00bb button_text_color=\u00a0\u00bb#FFFFFF\u00a0\u00bb button_icon=\u00a0\u00bb&#xf054;||fa||900&Prime; hover_enabled=\u00a0\u00bb0&Prime; global_colors_info=\u00a0\u00bb{}\u00a0\u00bb sticky_enabled=\u00a0\u00bb0&Prime;][\/et_pb_button][\/et_pb_column][\/et_pb_row][\/et_pb_section]\n","protected":false},"excerpt":{"rendered":"<p>Ressources pour la Journ\u00e9e de pr\u00e9paration communautaire aux feux de for\u00eatTrousse d&rsquo;outils pour la Journ\u00e9e de pr\u00e9parationMod\u00e8le d&rsquo;avis aux m\u00e9diasRessources pour les m\u00e9dias sociauxNous vous encourageons \u00e0 utiliser ces ressources sur vos r\u00e9seaux sociaux pour promouvoir la Journ\u00e9e de pr\u00e9paration. Ouvrez le fichier et faites un clic droit pour les t\u00e9l\u00e9charger directement sur votre ordinateur [&hellip;]<\/p>\n","protected":false},"author":1,"featured_media":0,"parent":13056,"menu_order":0,"comment_status":"closed","ping_status":"closed","template":"","meta":{"_et_pb_use_builder":"on","_et_pb_old_content":"","_et_gb_content_width":"","footnotes":""},"class_list":["post-13011","page","type-page","status-publish","hentry"],"_links":{"self":[{"href":"https:\/\/dev.firesmartcanada.ca\/fr\/wp-json\/wp\/v2\/pages\/13011","targetHints":{"allow":["GET"]}}],"collection":[{"href":"https:\/\/dev.firesmartcanada.ca\/fr\/wp-json\/wp\/v2\/pages"}],"about":[{"href":"https:\/\/dev.firesmartcanada.ca\/fr\/wp-json\/wp\/v2\/types\/page"}],"author":[{"embeddable":true,"href":"https:\/\/dev.firesmartcanada.ca\/fr\/wp-json\/wp\/v2\/users\/1"}],"replies":[{"embeddable":true,"href":"https:\/\/dev.firesmartcanada.ca\/fr\/wp-json\/wp\/v2\/comments?post=13011"}],"version-history":[{"count":4,"href":"https:\/\/dev.firesmartcanada.ca\/fr\/wp-json\/wp\/v2\/pages\/13011\/revisions"}],"predecessor-version":[{"id":13825,"href":"https:\/\/dev.firesmartcanada.ca\/fr\/wp-json\/wp\/v2\/pages\/13011\/revisions\/13825"}],"up":[{"embeddable":true,"href":"https:\/\/dev.firesmartcanada.ca\/fr\/wp-json\/wp\/v2\/pages\/13056"}],"wp:attachment":[{"href":"https:\/\/dev.firesmartcanada.ca\/fr\/wp-json\/wp\/v2\/media?parent=13011"}],"curies":[{"name":"wp","href":"https:\/\/api.w.org\/{rel}","templated":true}]}}