{"id":13029,"date":"2021-11-04T20:16:27","date_gmt":"2021-11-05T01:16:27","guid":{"rendered":"https:\/\/dev.firesmartcanada.ca\/firesmart-a-la-maison\/protegez-votre-maison\/"},"modified":"2025-09-16T13:47:33","modified_gmt":"2025-09-16T18:47:33","slug":"protegez-votre-maison","status":"publish","type":"page","link":"https:\/\/dev.firesmartcanada.ca\/fr\/intelli-feu-a-la-maison\/protegez-votre-maison\/","title":{"rendered":"Prot\u00e9gez votre maison"},"content":{"rendered":"<p>[et_pb_section fb_built=\u00a0\u00bb1&Prime; fullwidth=\u00a0\u00bbon\u00a0\u00bb disabled_on=\u00a0\u00bboff|off|off\u00a0\u00bb admin_label=\u00a0\u00bbSection\u00a0\u00bb _builder_version=\u00a0\u00bb4.27.0&Prime; _module_preset=\u00a0\u00bbdefault\u00a0\u00bb background_color=\u00a0\u00bb#24272A\u00a0\u00bb locked=\u00a0\u00bboff\u00a0\u00bb global_colors_info=\u00a0\u00bb{}\u00a0\u00bb][et_pb_fullwidth_post_title meta=\u00a0\u00bboff\u00a0\u00bb featured_image=\u00a0\u00bboff\u00a0\u00bb text_color=\u00a0\u00bblight\u00a0\u00bb _builder_version=\u00a0\u00bb4.27.4&Prime; _module_preset=\u00a0\u00bbdefault\u00a0\u00bb title_font=\u00a0\u00bb|800||on|||||\u00a0\u00bb title_text_align=\u00a0\u00bbcenter\u00a0\u00bb title_text_color=\u00a0\u00bb#FFFFFF\u00a0\u00bb title_font_size=\u00a0\u00bb4em\u00a0\u00bb meta_font=\u00a0\u00bb|&#8211;et_global_heading_font_weight|||||||\u00a0\u00bb meta_text_align=\u00a0\u00bbright\u00a0\u00bb background_color=\u00a0\u00bbRGBA(255,255,255,0)\u00a0\u00bb background_image=\u00a0\u00bbhttps:\/\/firesmartcanada.ca\/wp-content\/uploads\/2025\/03\/Central-Saanich_BC_Chpping-Event_2.jpg\u00a0\u00bb parallax=\u00a0\u00bbon\u00a0\u00bb background_blend=\u00a0\u00bbmultiply\u00a0\u00bb text_orientation=\u00a0\u00bbright\u00a0\u00bb max_width=\u00a0\u00bb100%\u00a0\u00bb custom_padding=\u00a0\u00bb119px||119px||true|false\u00a0\u00bb custom_css_main_element=\u00a0\u00bbz-index: 1;\u00a0\u00bb title_text_shadow_style=\u00a0\u00bbpreset1&Prime; title_text_shadow_color=\u00a0\u00bb#000000&Prime; text_shadow_style=\u00a0\u00bbpreset1&Prime; global_colors_info=\u00a0\u00bb{}\u00a0\u00bb][\/et_pb_fullwidth_post_title][\/et_pb_section][et_pb_section fb_built=\u00a0\u00bb1&Prime; _builder_version=\u00a0\u00bb4.16&Prime; _module_preset=\u00a0\u00bbdefault\u00a0\u00bb collapsed=\u00a0\u00bbon\u00a0\u00bb global_colors_info=\u00a0\u00bb{}\u00a0\u00bb][et_pb_row column_structure=\u00a0\u00bb1_2,1_2&Prime; _builder_version=\u00a0\u00bb4.16&Prime; _module_preset=\u00a0\u00bbdefault\u00a0\u00bb global_colors_info=\u00a0\u00bb{}\u00a0\u00bb][et_pb_column type=\u00a0\u00bb1_2&Prime; _builder_version=\u00a0\u00bb4.16&Prime; _module_preset=\u00a0\u00bbdefault\u00a0\u00bb global_colors_info=\u00a0\u00bb{}\u00a0\u00bb][et_pb_blurb url=\u00a0\u00bb\/\u00a0\u00bb image=\u00a0\u00bbhttps:\/\/dev.firesmartcanada.ca\/wp-content\/uploads\/2025\/09\/FSC_FSYourHomeGraphicSeries_Wide_French_1-2.jpg\u00a0\u00bb _builder_version=\u00a0\u00bb4.27.4&Prime; _module_preset=\u00a0\u00bbdefault\u00a0\u00bb header_text_align=\u00a0\u00bbcenter\u00a0\u00bb link_option_url=\u00a0\u00bb\/\u00a0\u00bb global_colors_info=\u00a0\u00bb{}\u00a0\u00bb][\/et_pb_blurb][\/et_pb_column][et_pb_column type=\u00a0\u00bb1_2&Prime; _builder_version=\u00a0\u00bb4.16&Prime; _module_preset=\u00a0\u00bbdefault\u00a0\u00bb global_colors_info=\u00a0\u00bb{}\u00a0\u00bb][et_pb_blurb image=\u00a0\u00bbhttps:\/\/dev.firesmartcanada.ca\/wp-content\/uploads\/2025\/09\/FSC_FSYourHomeGraphicSeries_Wide_French_2-1.jpg\u00a0\u00bb _builder_version=\u00a0\u00bb4.27.4&Prime; _module_preset=\u00a0\u00bbdefault\u00a0\u00bb global_colors_info=\u00a0\u00bb{}\u00a0\u00bb][\/et_pb_blurb][\/et_pb_column][\/et_pb_row][et_pb_row column_structure=\u00a0\u00bb1_2,1_2&Prime; _builder_version=\u00a0\u00bb4.16&Prime; _module_preset=\u00a0\u00bbdefault\u00a0\u00bb global_colors_info=\u00a0\u00bb{}\u00a0\u00bb][et_pb_column type=\u00a0\u00bb1_2&Prime; _builder_version=\u00a0\u00bb4.16&Prime; _module_preset=\u00a0\u00bbdefault\u00a0\u00bb global_colors_info=\u00a0\u00bb{}\u00a0\u00bb][et_pb_blurb url=\u00a0\u00bb\/\u00a0\u00bb image=\u00a0\u00bbhttps:\/\/dev.firesmartcanada.ca\/wp-content\/uploads\/2025\/09\/FSC_FSYourHomeGraphicSeries_Wide_French_3.jpg\u00a0\u00bb _builder_version=\u00a0\u00bb4.27.4&Prime; _module_preset=\u00a0\u00bbdefault\u00a0\u00bb header_text_align=\u00a0\u00bbcenter\u00a0\u00bb link_option_url=\u00a0\u00bb\/\u00a0\u00bb global_colors_info=\u00a0\u00bb{}\u00a0\u00bb][\/et_pb_blurb][\/et_pb_column][et_pb_column type=\u00a0\u00bb1_2&Prime; _builder_version=\u00a0\u00bb4.16&Prime; _module_preset=\u00a0\u00bbdefault\u00a0\u00bb global_colors_info=\u00a0\u00bb{}\u00a0\u00bb][et_pb_blurb image=\u00a0\u00bbhttps:\/\/dev.firesmartcanada.ca\/wp-content\/uploads\/2025\/09\/FSC_FSYourHomeGraphicSeries_Wide_French_4.jpg\u00a0\u00bb _builder_version=\u00a0\u00bb4.27.4&Prime; _module_preset=\u00a0\u00bbdefault\u00a0\u00bb global_colors_info=\u00a0\u00bb{}\u00a0\u00bb][\/et_pb_blurb][\/et_pb_column][\/et_pb_row][et_pb_row column_structure=\u00a0\u00bb1_2,1_2&Prime; _builder_version=\u00a0\u00bb4.16&Prime; _module_preset=\u00a0\u00bbdefault\u00a0\u00bb global_colors_info=\u00a0\u00bb{}\u00a0\u00bb][et_pb_column type=\u00a0\u00bb1_2&Prime; _builder_version=\u00a0\u00bb4.16&Prime; _module_preset=\u00a0\u00bbdefault\u00a0\u00bb global_colors_info=\u00a0\u00bb{}\u00a0\u00bb][et_pb_blurb url=\u00a0\u00bb\/\u00a0\u00bb image=\u00a0\u00bbhttps:\/\/dev.firesmartcanada.ca\/wp-content\/uploads\/2025\/09\/FSC_FSYourHomeGraphicSeries_Wide_French_5.jpg\u00a0\u00bb _builder_version=\u00a0\u00bb4.27.4&Prime; _module_preset=\u00a0\u00bbdefault\u00a0\u00bb header_text_align=\u00a0\u00bbcenter\u00a0\u00bb link_option_url=\u00a0\u00bb\/\u00a0\u00bb global_colors_info=\u00a0\u00bb{}\u00a0\u00bb][\/et_pb_blurb][\/et_pb_column][et_pb_column type=\u00a0\u00bb1_2&Prime; _builder_version=\u00a0\u00bb4.16&Prime; _module_preset=\u00a0\u00bbdefault\u00a0\u00bb global_colors_info=\u00a0\u00bb{}\u00a0\u00bb][et_pb_blurb image=\u00a0\u00bbhttps:\/\/dev.firesmartcanada.ca\/wp-content\/uploads\/2025\/09\/FSC_FSYourHomeGraphicSeries_Wide_French_6.jpg\u00a0\u00bb _builder_version=\u00a0\u00bb4.27.4&Prime; _module_preset=\u00a0\u00bbdefault\u00a0\u00bb global_colors_info=\u00a0\u00bb{}\u00a0\u00bb][\/et_pb_blurb][\/et_pb_column][\/et_pb_row][et_pb_row column_structure=\u00a0\u00bb1_2,1_2&Prime; _builder_version=\u00a0\u00bb4.16&Prime; _module_preset=\u00a0\u00bbdefault\u00a0\u00bb global_colors_info=\u00a0\u00bb{}\u00a0\u00bb][et_pb_column type=\u00a0\u00bb1_2&Prime; _builder_version=\u00a0\u00bb4.16&Prime; _module_preset=\u00a0\u00bbdefault\u00a0\u00bb global_colors_info=\u00a0\u00bb{}\u00a0\u00bb][et_pb_blurb url=\u00a0\u00bb\/\u00a0\u00bb image=\u00a0\u00bbhttps:\/\/dev.firesmartcanada.ca\/wp-content\/uploads\/2025\/09\/FSC_FSYourHomeGraphicSeries_Wide_French_7-1.jpg\u00a0\u00bb _builder_version=\u00a0\u00bb4.27.4&Prime; _module_preset=\u00a0\u00bbdefault\u00a0\u00bb header_text_align=\u00a0\u00bbcenter\u00a0\u00bb link_option_url=\u00a0\u00bb\/\u00a0\u00bb global_colors_info=\u00a0\u00bb{}\u00a0\u00bb][\/et_pb_blurb][\/et_pb_column][et_pb_column type=\u00a0\u00bb1_2&Prime; _builder_version=\u00a0\u00bb4.16&Prime; _module_preset=\u00a0\u00bbdefault\u00a0\u00bb global_colors_info=\u00a0\u00bb{}\u00a0\u00bb][et_pb_blurb image=\u00a0\u00bbhttps:\/\/dev.firesmartcanada.ca\/wp-content\/uploads\/2025\/09\/FSC_FSYourHomeGraphicSeries_Wide_French_8-1.jpg\u00a0\u00bb _builder_version=\u00a0\u00bb4.27.4&Prime; _module_preset=\u00a0\u00bbdefault\u00a0\u00bb global_colors_info=\u00a0\u00bb{}\u00a0\u00bb][\/et_pb_blurb][\/et_pb_column][\/et_pb_row][et_pb_row column_structure=\u00a0\u00bb1_2,1_2&Prime; _builder_version=\u00a0\u00bb4.16&Prime; _module_preset=\u00a0\u00bbdefault\u00a0\u00bb global_colors_info=\u00a0\u00bb{}\u00a0\u00bb][et_pb_column type=\u00a0\u00bb1_2&Prime; _builder_version=\u00a0\u00bb4.16&Prime; _module_preset=\u00a0\u00bbdefault\u00a0\u00bb global_colors_info=\u00a0\u00bb{}\u00a0\u00bb][et_pb_blurb url=\u00a0\u00bb\/\u00a0\u00bb image=\u00a0\u00bbhttps:\/\/dev.firesmartcanada.ca\/wp-content\/uploads\/2025\/09\/FSC_FSYourHomeGraphicSeries_Wide_French_9-2.jpg\u00a0\u00bb _builder_version=\u00a0\u00bb4.27.4&Prime; _module_preset=\u00a0\u00bbdefault\u00a0\u00bb header_text_align=\u00a0\u00bbcenter\u00a0\u00bb link_option_url=\u00a0\u00bb\/\u00a0\u00bb global_colors_info=\u00a0\u00bb{}\u00a0\u00bb][\/et_pb_blurb][\/et_pb_column][et_pb_column type=\u00a0\u00bb1_2&Prime; _builder_version=\u00a0\u00bb4.16&Prime; _module_preset=\u00a0\u00bbdefault\u00a0\u00bb global_colors_info=\u00a0\u00bb{}\u00a0\u00bb][et_pb_blurb image=\u00a0\u00bbhttps:\/\/dev.firesmartcanada.ca\/wp-content\/uploads\/2025\/09\/FSC_FSYourHomeGraphicSeries_Wide_French_10-2.jpg\u00a0\u00bb _builder_version=\u00a0\u00bb4.27.4&Prime; _module_preset=\u00a0\u00bbdefault\u00a0\u00bb global_colors_info=\u00a0\u00bb{}\u00a0\u00bb][\/et_pb_blurb][\/et_pb_column][\/et_pb_row][et_pb_row column_structure=\u00a0\u00bb1_2,1_2&Prime; _builder_version=\u00a0\u00bb4.27.4&Prime; _module_preset=\u00a0\u00bbdefault\u00a0\u00bb global_colors_info=\u00a0\u00bb{}\u00a0\u00bb][et_pb_column type=\u00a0\u00bb1_2&Prime; _builder_version=\u00a0\u00bb4.16&Prime; _module_preset=\u00a0\u00bbdefault\u00a0\u00bb global_colors_info=\u00a0\u00bb{}\u00a0\u00bb][et_pb_blurb url=\u00a0\u00bb\/\u00a0\u00bb image=\u00a0\u00bbhttps:\/\/dev.firesmartcanada.ca\/wp-content\/uploads\/2025\/09\/FSC_FSYourHomeGraphicSeries_Wide_French_11-1.jpg\u00a0\u00bb _builder_version=\u00a0\u00bb4.27.4&Prime; _module_preset=\u00a0\u00bbdefault\u00a0\u00bb header_text_align=\u00a0\u00bbcenter\u00a0\u00bb link_option_url=\u00a0\u00bb\/\u00a0\u00bb global_colors_info=\u00a0\u00bb{}\u00a0\u00bb][\/et_pb_blurb][\/et_pb_column][et_pb_column type=\u00a0\u00bb1_2&Prime; _builder_version=\u00a0\u00bb4.16&Prime; _module_preset=\u00a0\u00bbdefault\u00a0\u00bb global_colors_info=\u00a0\u00bb{}\u00a0\u00bb][\/et_pb_column][\/et_pb_row][\/et_pb_section][et_pb_section fb_built=\u00a0\u00bb1&Prime; fullwidth=\u00a0\u00bbon\u00a0\u00bb _builder_version=\u00a0\u00bb4.27.4&Prime; _module_preset=\u00a0\u00bbdefault\u00a0\u00bb module_alignment=\u00a0\u00bbcenter\u00a0\u00bb global_colors_info=\u00a0\u00bb{}\u00a0\u00bb][et_pb_fullwidth_header title=\u00a0\u00bbProjets plus importants\u00a0\u00bb header_scroll_down=\u00a0\u00bbon\u00a0\u00bb _builder_version=\u00a0\u00bb4.27.4&Prime; _module_preset=\u00a0\u00bbdefault\u00a0\u00bb title_text_align=\u00a0\u00bbcenter\u00a0\u00bb title_text_color=\u00a0\u00bb#FFFFFF\u00a0\u00bb background_color=\u00a0\u00bb#24272a\u00a0\u00bb custom_padding=\u00a0\u00bb150px||150px||false|false\u00a0\u00bb hover_enabled=\u00a0\u00bb0&Prime; global_colors_info=\u00a0\u00bb{}\u00a0\u00bb sticky_enabled=\u00a0\u00bb0&Prime;][\/et_pb_fullwidth_header][\/et_pb_section][et_pb_section fb_built=\u00a0\u00bb1&Prime; _builder_version=\u00a0\u00bb4.16&Prime; _module_preset=\u00a0\u00bbdefault\u00a0\u00bb global_colors_info=\u00a0\u00bb{}\u00a0\u00bb][et_pb_row _builder_version=\u00a0\u00bb4.16&Prime; _module_preset=\u00a0\u00bbdefault\u00a0\u00bb global_colors_info=\u00a0\u00bb{}\u00a0\u00bb][et_pb_column type=\u00a0\u00bb4_4&Prime; _builder_version=\u00a0\u00bb4.16&Prime; _module_preset=\u00a0\u00bbdefault\u00a0\u00bb global_colors_info=\u00a0\u00bb{}\u00a0\u00bb][et_pb_text _builder_version=\u00a0\u00bb4.27.4&Prime; _module_preset=\u00a0\u00bbdefault\u00a0\u00bb text_font_size=\u00a0\u00bb18px\u00a0\u00bb hover_enabled=\u00a0\u00bb0&Prime; global_colors_info=\u00a0\u00bb{}\u00a0\u00bb sticky_enabled=\u00a0\u00bb0&Prime;]<\/p>\n<ol>\n<li>Remplacez le bardage combustible par un mat\u00e9riau de rev\u00eatement incombustible ou r\u00e9sistant aux flammes. <a href=\"https:\/\/intellifeucanada.ca\/wp-content\/uploads\/2023\/04\/FSA_FireSmart-Fact-Sheet_Siding-FR.pdf\">Apprenez en plus<\/a>.<\/li>\n<li>Remplacez les mat\u00e9riaux combustibles de la terrasse ou du porche par des mat\u00e9riaux non combustibles ou r\u00e9sistants au feu. <a href=\"https:\/\/intellifeucanada.ca\/wp-content\/uploads\/2023\/04\/FSA_FireSmart-Fact-Sheet_Decks-FR.pdf\">Apprenez en plus<\/a>.<\/li>\n<li>Recouvrez les solives de la terrasse d\u2019un solin ou d\u2019un ruban m\u00e9tallique. <a href=\"https:\/\/intellifeucanada.ca\/wp-content\/uploads\/2023\/04\/FSA_FireSmart-Fact-Sheet_Decks-FR.pdf\">Apprenez en plus<\/a>.<\/li>\n<li>Gainez ou prot\u00e9gez la partie inf\u00e9rieure expos\u00e9e des terrasses, porches et fondations avec des mat\u00e9riaux r\u00e9sistants au feu, tels que des panneaux en fibrociment ou des grillages m\u00e9talliques. <a href=\"https:\/\/intellifeucanada.ca\/wp-content\/uploads\/2023\/04\/FSA_FireSmart-Fact-Sheet_Decks-FR.pdf\">Apprenez en plus<\/a>.<\/li>\n<li>En pr\u00e9sence d\u2019une cl\u00f4ture en bois, assurez-vous qu\u2019il y a un espace incombustible d\u2019au moins 1,5 m\u00e8tre entre la partie en bois de la cl\u00f4ture et votre maison. Installez une grille m\u00e9tallique, par exemple, pour isoler la cl\u00f4ture combustible et prot\u00e9ger votre maison. <a href=\"https:\/\/intellifeucanada.ca\/wp-content\/uploads\/2023\/04\/FSA_FireSmart-Fact-Sheet_Fences-FR.pdf\">Apprenez en plus<\/a>.<\/li>\n<li>Remplacez les mat\u00e9riaux de toiture non class\u00e9s ou anciens par des mat\u00e9riaux ignifuges qui satisfont ou d\u00e9passent les exigences locales. <a href=\"https:\/\/intellifeucanada.ca\/wp-content\/uploads\/2023\/04\/FSA_FireSmart-Fact-Sheet_Roof-FR.pdf\">Apprenez en plus<\/a>.<\/li>\n<li>Utilisez des fen\u00eatres \u00e0 vitres multiples et en verre tremp\u00e9, et fermez-les en cas de menace de feux de for\u00eat. <a href=\"https:\/\/intellifeucanada.ca\/wp-content\/uploads\/2023\/04\/FSA_FireSmart-Fact-Sheet_Windows-1-FR.pdf\">Apprenez en plus<\/a>.<\/li>\n<li>Veillez \u00e0 ce que les portes de garage et les portes ext\u00e9rieures soient bien ajust\u00e9es et que les coupe-froid soient entretenus afin d\u2019emp\u00eacher les braises de p\u00e9n\u00e9trer dans les interstices. <a href=\"https:\/\/intellifeucanada.ca\/wp-content\/uploads\/2023\/04\/FSA_FireSmart-Fact-Sheet_Windows-1-FR.pdf\">Apprenez en plus<\/a>.<\/li>\n<li>Assurez-vous qu\u2019un larmier et un soffite non combustibles, ou un solin, sont install\u00e9s entre la partie sup\u00e9rieure de vos goutti\u00e8res et la couverture du toit, afin qu\u2019aucun mat\u00e9riau combustible ne soit expos\u00e9. <a href=\"https:\/\/intellifeucanada.ca\/wp-content\/uploads\/2023\/04\/FSA_FireSmart-Fact-Sheet_Gutters-FR.pdf\">Apprenez en plus<\/a>.<\/li>\n<li>Envisagez de prot\u00e9ger vos goutti\u00e8res avec un grillage m\u00e9tallique pour r\u00e9duire la quantit\u00e9 de d\u00e9bris qui peuvent s\u2019accumuler. <a href=\"https:\/\/intellifeucanada.ca\/wp-content\/uploads\/2023\/04\/FSA_FireSmart-Fact-Sheet_Gutters-FR.pdf\">Apprenez en plus<\/a>.<\/li>\n<li><\/li>\n<\/ol>\n<p>[\/et_pb_text][\/et_pb_column][\/et_pb_row][\/et_pb_section]<\/p>\n","protected":false},"excerpt":{"rendered":"<p>Remplacez le bardage combustible par un mat\u00e9riau de rev\u00eatement incombustible ou r\u00e9sistant aux flammes. Apprenez en plus. Remplacez les mat\u00e9riaux combustibles de la terrasse ou du porche par des mat\u00e9riaux non combustibles ou r\u00e9sistants au feu. Apprenez en plus. Recouvrez les solives de la terrasse d\u2019un solin ou d\u2019un ruban m\u00e9tallique. Apprenez en plus. Gainez [&hellip;]<\/p>\n","protected":false},"author":1,"featured_media":13032,"parent":13014,"menu_order":0,"comment_status":"closed","ping_status":"closed","template":"","meta":{"_et_pb_use_builder":"on","_et_pb_old_content":"","_et_gb_content_width":"","footnotes":""},"class_list":["post-13029","page","type-page","status-publish","has-post-thumbnail","hentry"],"_links":{"self":[{"href":"https:\/\/dev.firesmartcanada.ca\/fr\/wp-json\/wp\/v2\/pages\/13029","targetHints":{"allow":["GET"]}}],"collection":[{"href":"https:\/\/dev.firesmartcanada.ca\/fr\/wp-json\/wp\/v2\/pages"}],"about":[{"href":"https:\/\/dev.firesmartcanada.ca\/fr\/wp-json\/wp\/v2\/types\/page"}],"author":[{"embeddable":true,"href":"https:\/\/dev.firesmartcanada.ca\/fr\/wp-json\/wp\/v2\/users\/1"}],"replies":[{"embeddable":true,"href":"https:\/\/dev.firesmartcanada.ca\/fr\/wp-json\/wp\/v2\/comments?post=13029"}],"version-history":[{"count":6,"href":"https:\/\/dev.firesmartcanada.ca\/fr\/wp-json\/wp\/v2\/pages\/13029\/revisions"}],"predecessor-version":[{"id":13998,"href":"https:\/\/dev.firesmartcanada.ca\/fr\/wp-json\/wp\/v2\/pages\/13029\/revisions\/13998"}],"up":[{"embeddable":true,"href":"https:\/\/dev.firesmartcanada.ca\/fr\/wp-json\/wp\/v2\/pages\/13014"}],"wp:featuredmedia":[{"embeddable":true,"href":"https:\/\/dev.firesmartcanada.ca\/fr\/wp-json\/wp\/v2\/media\/13032"}],"wp:attachment":[{"href":"https:\/\/dev.firesmartcanada.ca\/fr\/wp-json\/wp\/v2\/media?parent=13029"}],"curies":[{"name":"wp","href":"https:\/\/api.w.org\/{rel}","templated":true}]}}