{"id":13038,"date":"2024-10-21T17:08:45","date_gmt":"2024-10-21T22:08:45","guid":{"rendered":"https:\/\/dev.firesmartcanada.ca\/programme-dincitation-a-la-reconnaissance-des-quartiers\/"},"modified":"2025-09-16T14:49:03","modified_gmt":"2025-09-16T19:49:03","slug":"prime-pour-le-programme-de-reconnaissance-communautaire","status":"publish","type":"page","link":"https:\/\/dev.firesmartcanada.ca\/fr\/programmes\/programme-de-reconnaissance-communautaire\/prime-pour-le-programme-de-reconnaissance-communautaire\/","title":{"rendered":"Prime pour le Programme de Reconnaissance Communautaire"},"content":{"rendered":"<p>[et_pb_section fb_built=\u00a0\u00bb1&Prime; fullwidth=\u00a0\u00bbon\u00a0\u00bb disabled_on=\u00a0\u00bboff|off|off\u00a0\u00bb admin_label=\u00a0\u00bbSection\u00a0\u00bb _builder_version=\u00a0\u00bb4.27.0&Prime; _module_preset=\u00a0\u00bbdefault\u00a0\u00bb background_color=\u00a0\u00bb#24272A\u00a0\u00bb locked=\u00a0\u00bboff\u00a0\u00bb global_colors_info=\u00a0\u00bb{}\u00a0\u00bb][et_pb_fullwidth_post_title meta=\u00a0\u00bboff\u00a0\u00bb featured_image=\u00a0\u00bboff\u00a0\u00bb text_color=\u00a0\u00bblight\u00a0\u00bb _builder_version=\u00a0\u00bb4.27.0&Prime; _dynamic_attributes=\u00a0\u00bbbackground_image\u00a0\u00bb _module_preset=\u00a0\u00bbdefault\u00a0\u00bb title_font=\u00a0\u00bb|800||on|||||\u00a0\u00bb title_text_align=\u00a0\u00bbcenter\u00a0\u00bb title_text_color=\u00a0\u00bb#FFFFFF\u00a0\u00bb title_font_size=\u00a0\u00bb4em\u00a0\u00bb meta_font=\u00a0\u00bb|&#8211;et_global_heading_font_weight|||||||\u00a0\u00bb meta_text_align=\u00a0\u00bbright\u00a0\u00bb background_color=\u00a0\u00bbRGBA(255,255,255,0)\u00a0\u00bb background_image=\u00a0\u00bb@ET-DC@eyJkeW5hbWljIjp0cnVlLCJjb250ZW50IjoicG9zdF9mZWF0dXJlZF9pbWFnZSIsInNldHRpbmdzIjp7fX0=@\u00a0\u00bb parallax=\u00a0\u00bbon\u00a0\u00bb text_orientation=\u00a0\u00bbright\u00a0\u00bb max_width=\u00a0\u00bb100%\u00a0\u00bb custom_padding=\u00a0\u00bb119px||119px||true|false\u00a0\u00bb custom_css_main_element=\u00a0\u00bbz-index: 1;\u00a0\u00bb title_text_shadow_style=\u00a0\u00bbpreset1&Prime; title_text_shadow_color=\u00a0\u00bb#000000&Prime; text_shadow_style=\u00a0\u00bbpreset1&Prime; global_colors_info=\u00a0\u00bb{}\u00a0\u00bb][\/et_pb_fullwidth_post_title][\/et_pb_section][et_pb_section fb_built=\u00a0\u00bb1&Prime; _builder_version=\u00a0\u00bb4.27.2&Prime; _module_preset=\u00a0\u00bbdefault\u00a0\u00bb custom_padding=\u00a0\u00bb6px|||||\u00a0\u00bb global_colors_info=\u00a0\u00bb{}\u00a0\u00bb][et_pb_row _builder_version=\u00a0\u00bb4.27.2&Prime; _module_preset=\u00a0\u00bbdefault\u00a0\u00bb global_colors_info=\u00a0\u00bb{}\u00a0\u00bb][et_pb_column type=\u00a0\u00bb4_4&Prime; _builder_version=\u00a0\u00bb4.27.2&Prime; _module_preset=\u00a0\u00bbdefault\u00a0\u00bb global_colors_info=\u00a0\u00bb{}\u00a0\u00bb][et_pb_text _builder_version=\u00a0\u00bb4.27.4&Prime; _module_preset=\u00a0\u00bbdefault\u00a0\u00bb text_font_size=\u00a0\u00bb1.25rem\u00a0\u00bb hover_enabled=\u00a0\u00bb0&Prime; global_colors_info=\u00a0\u00bb{}\u00a0\u00bb sticky_enabled=\u00a0\u00bb0&Prime;]<\/p>\n<div class=\"et_pb_module et_pb_text et_pb_text_0  et_pb_text_align_left et_pb_bg_layout_light\">\n<div class=\"et_pb_text_inner\">\n<div class=\"et_pb_module et_pb_text et_pb_text_0  et_pb_text_align_left et_pb_bg_layout_light\">\n<div class=\"et_pb_text_inner\">\n<h2>Les demandes de prime pour le Programme de reconnaissance communautaire d\u00e9marrent le 1er novembre 2024 et se terminent le 28 f\u00e9vrier 2025!<\/h2>\n<\/div>\n<\/div>\n<div class=\"et_pb_module et_pb_text et_pb_text_1  et_pb_text_align_left et_pb_bg_layout_light\">\n<div class=\"et_pb_text_inner\"><\/div>\n<\/div>\n<\/div>\n<\/div>\n<div class=\"et_pb_module et_pb_text et_pb_text_1  et_pb_text_align_left et_pb_bg_layout_light\">\n<div class=\"et_pb_text_inner\"><\/div>\n<\/div>\n<p>[\/et_pb_text][et_pb_text _builder_version=\u00a0\u00bb4.27.4&Prime; _module_preset=\u00a0\u00bbdefault\u00a0\u00bb text_font_size=\u00a0\u00bb1.25rem\u00a0\u00bb hover_enabled=\u00a0\u00bb0&Prime; global_colors_info=\u00a0\u00bb{}\u00a0\u00bb sticky_enabled=\u00a0\u00bb0&Prime;]<\/p>\n<p>Afin de soutenir les collectivit\u00e9s qui s\u2019efforcent d\u2019obtenir le statut de \u00ab\u00a0quartier homologu\u00e9 Intelli-feu\u00a0\u00bb ou qui l\u2019ont d\u00e9j\u00e0 obtenu, Intelli-feu Canada lance un nouveau programme incitatif.<\/p>\n<h3>Prime pour le PRC\u00a0:<\/h3>\n<ul>\n<li>Un montant de 1\u2009000\u00a0$ sera accord\u00e9 aux nouveaux candidats au Programme de reconnaissance communautaire qui r\u00e9pondent aux crit\u00e8res \u00e9num\u00e9r\u00e9s ci-dessous;<\/li>\n<li>Un montant de 750\u00a0$ sera accord\u00e9 aux quartiers homologu\u00e9s Intelli-feu qui renouvellent leur statut.<\/li>\n<\/ul>\n<h3>Crit\u00e8res pour la prime pour le PRC\u00a0:<\/h3>\n<ul>\n<li>avoir un quartier configur\u00e9 dans le portail du PRC;<\/li>\n<li>avoir d\u00e9pos\u00e9 une \u00e9valuation des risques dans le portail du PRC (par le sp\u00e9cialiste du PRC);<\/li>\n<li>avoir d\u00e9pos\u00e9 un plan d\u2019att\u00e9nuation dans le portail du PRC;<\/li>\n<li>remplir et soumettre un<span>\u00a0<\/span><u>formulaire de demande de prime<\/u>;<\/li>\n<li>dans votre demande, d\u00e9crivez comment votre collectivit\u00e9 utilisera les fonds pour accomplir une t\u00e2che dans le cadre du plan d\u2019att\u00e9nuation de quartier.<\/li>\n<\/ul>\n<h3>Admissibilit\u00e9\u00a0:<\/h3>\n<p>Pour \u00eatre admissibles \u00e0 cette prime, les demandeurs doivent r\u00e9pondre aux crit\u00e8res mentionn\u00e9s pr\u00e9c\u00e9demment et \u00e9nonc\u00e9s dans le formulaire de demande.<\/p>\n<p>Les candidatures seront ouvertes du 1er\u00a0novembre\u00a02024 au 28\u00a0f\u00e9vrier\u00a02025.<\/p>\n<p>*Remarque\u00a0: les participants au PRC ne peuvent pas pr\u00e9senter une demande \u00e0 la fois de la prime pour le PRC et du prix de la Journ\u00e9e de pr\u00e9paration des collectivit\u00e9s contre les feux de for\u00eat. Ces deux programmes de financement d\u2019Intelli-feu Canada ne peuvent pas \u00eatre combin\u00e9s.<\/p>\n<p>[\/et_pb_text][\/et_pb_column][\/et_pb_row][et_pb_row column_structure=\u00a0\u00bb1_2,1_2&Prime; _builder_version=\u00a0\u00bb4.27.2&Prime; _module_preset=\u00a0\u00bbdefault\u00a0\u00bb global_colors_info=\u00a0\u00bb{}\u00a0\u00bb][et_pb_column type=\u00a0\u00bb1_2&Prime; _builder_version=\u00a0\u00bb4.27.2&Prime; _module_preset=\u00a0\u00bbdefault\u00a0\u00bb global_colors_info=\u00a0\u00bb{}\u00a0\u00bb][et_pb_button button_url=\u00a0\u00bbhttps:\/\/firesmartcanada.ca\/wp-content\/uploads\/2024\/10\/FireSmart-NRP-Incentive-2024-Terms-and-Conditions-FINAL.pdf\u00a0\u00bb url_new_window=\u00a0\u00bbon\u00a0\u00bb button_text=\u00a0\u00bbConditions du programme\u00a0\u00bb button_alignment=\u00a0\u00bbleft\u00a0\u00bb disabled_on=\u00a0\u00bboff|off|off\u00a0\u00bb _builder_version=\u00a0\u00bb4.27.4&Prime; _module_preset=\u00a0\u00bbdefault\u00a0\u00bb custom_button=\u00a0\u00bbon\u00a0\u00bb button_text_color=\u00a0\u00bb#FFFFFF\u00a0\u00bb button_bg_color=\u00a0\u00bb#24272A\u00a0\u00bb button_border_width=\u00a0\u00bb0px\u00a0\u00bb button_font=\u00a0\u00bb||||||||\u00a0\u00bb button_icon=\u00a0\u00bb&#x35;||divi||400&Prime; button_icon_color=\u00a0\u00bb#ffffff\u00a0\u00bb hover_enabled=\u00a0\u00bb0&Prime; button_text_shadow_style=\u00a0\u00bbpreset1&Prime; global_colors_info=\u00a0\u00bb{}\u00a0\u00bb button_bg_color__hover=\u00a0\u00bb#3a3f44&Prime; button_bg_color__hover_enabled=\u00a0\u00bbon|hover\u00a0\u00bb sticky_enabled=\u00a0\u00bb0&Prime;][\/et_pb_button][\/et_pb_column][et_pb_column type=\u00a0\u00bb1_2&Prime; _builder_version=\u00a0\u00bb4.27.2&Prime; _module_preset=\u00a0\u00bbdefault\u00a0\u00bb global_colors_info=\u00a0\u00bb{}\u00a0\u00bb][et_pb_button button_url=\u00a0\u00bb@ET-DC@eyJkeW5hbWljIjp0cnVlLCJjb250ZW50IjoicG9zdF9saW5rX3VybF9wYWdlIiwic2V0dGluZ3MiOnsicG9zdF9pZCI6IjExNzI0In19@\u00a0\u00bb button_text=\u00a0\u00bbPostulez d\u00e8s maintenant !\u00a0\u00bb button_alignment=\u00a0\u00bbleft\u00a0\u00bb disabled_on=\u00a0\u00bboff|off|off\u00a0\u00bb _builder_version=\u00a0\u00bb4.27.4&Prime; _dynamic_attributes=\u00a0\u00bbbutton_url\u00a0\u00bb _module_preset=\u00a0\u00bbdefault\u00a0\u00bb custom_button=\u00a0\u00bbon\u00a0\u00bb button_text_color=\u00a0\u00bb#FFFFFF\u00a0\u00bb button_bg_color=\u00a0\u00bb#24272A\u00a0\u00bb button_border_width=\u00a0\u00bb0px\u00a0\u00bb button_font=\u00a0\u00bb||||||||\u00a0\u00bb button_icon=\u00a0\u00bb&#x35;||divi||400&Prime; button_icon_color=\u00a0\u00bb#FFFFFF\u00a0\u00bb hover_enabled=\u00a0\u00bb0&Prime; button_text_shadow_style=\u00a0\u00bbpreset1&Prime; global_colors_info=\u00a0\u00bb{}\u00a0\u00bb button_bg_color__hover=\u00a0\u00bb#3a3f44&Prime; button_bg_color__hover_enabled=\u00a0\u00bbon|hover\u00a0\u00bb sticky_enabled=\u00a0\u00bb0&Prime;][\/et_pb_button][\/et_pb_column][\/et_pb_row][\/et_pb_section]<\/p>\n","protected":false},"excerpt":{"rendered":"<p>Les demandes de prime pour le Programme de reconnaissance communautaire d\u00e9marrent le 1er novembre 2024 et se terminent le 28 f\u00e9vrier 2025! Afin de soutenir les collectivit\u00e9s qui s\u2019efforcent d\u2019obtenir le statut de \u00ab\u00a0quartier homologu\u00e9 Intelli-feu\u00a0\u00bb ou qui l\u2019ont d\u00e9j\u00e0 obtenu, Intelli-feu Canada lance un nouveau programme incitatif. Prime pour le PRC\u00a0: Un montant de [&hellip;]<\/p>\n","protected":false},"author":478,"featured_media":13040,"parent":13042,"menu_order":0,"comment_status":"closed","ping_status":"closed","template":"","meta":{"_et_pb_use_builder":"on","_et_pb_old_content":"","_et_gb_content_width":"","footnotes":""},"class_list":["post-13038","page","type-page","status-publish","has-post-thumbnail","hentry"],"_links":{"self":[{"href":"https:\/\/dev.firesmartcanada.ca\/fr\/wp-json\/wp\/v2\/pages\/13038","targetHints":{"allow":["GET"]}}],"collection":[{"href":"https:\/\/dev.firesmartcanada.ca\/fr\/wp-json\/wp\/v2\/pages"}],"about":[{"href":"https:\/\/dev.firesmartcanada.ca\/fr\/wp-json\/wp\/v2\/types\/page"}],"author":[{"embeddable":true,"href":"https:\/\/dev.firesmartcanada.ca\/fr\/wp-json\/wp\/v2\/users\/478"}],"replies":[{"embeddable":true,"href":"https:\/\/dev.firesmartcanada.ca\/fr\/wp-json\/wp\/v2\/comments?post=13038"}],"version-history":[{"count":3,"href":"https:\/\/dev.firesmartcanada.ca\/fr\/wp-json\/wp\/v2\/pages\/13038\/revisions"}],"predecessor-version":[{"id":14016,"href":"https:\/\/dev.firesmartcanada.ca\/fr\/wp-json\/wp\/v2\/pages\/13038\/revisions\/14016"}],"up":[{"embeddable":true,"href":"https:\/\/dev.firesmartcanada.ca\/fr\/wp-json\/wp\/v2\/pages\/13042"}],"wp:featuredmedia":[{"embeddable":true,"href":"https:\/\/dev.firesmartcanada.ca\/fr\/wp-json\/wp\/v2\/media\/13040"}],"wp:attachment":[{"href":"https:\/\/dev.firesmartcanada.ca\/fr\/wp-json\/wp\/v2\/media?parent=13038"}],"curies":[{"name":"wp","href":"https:\/\/api.w.org\/{rel}","templated":true}]}}