{"id":13048,"date":"2021-11-18T19:24:04","date_gmt":"2021-11-19T01:24:04","guid":{"rendered":"https:\/\/dev.firesmartcanada.ca\/firesmart-a-la-maison\/guide-de-construction\/"},"modified":"2025-09-16T13:56:25","modified_gmt":"2025-09-16T18:56:25","slug":"construction-intelli-feu","status":"publish","type":"page","link":"https:\/\/dev.firesmartcanada.ca\/fr\/intelli-feu-a-la-maison\/construction-intelli-feu\/","title":{"rendered":"Construction Intelli-feu"},"content":{"rendered":"<p>[et_pb_section fb_built=\u00a0\u00bb1&Prime; fullwidth=\u00a0\u00bbon\u00a0\u00bb disabled_on=\u00a0\u00bboff|off|off\u00a0\u00bb admin_label=\u00a0\u00bbSection\u00a0\u00bb _builder_version=\u00a0\u00bb4.27.0&Prime; _module_preset=\u00a0\u00bbdefault\u00a0\u00bb background_color=\u00a0\u00bb#24272A\u00a0\u00bb locked=\u00a0\u00bboff\u00a0\u00bb global_colors_info=\u00a0\u00bb{}\u00a0\u00bb][et_pb_fullwidth_post_title meta=\u00a0\u00bboff\u00a0\u00bb featured_image=\u00a0\u00bboff\u00a0\u00bb text_color=\u00a0\u00bblight\u00a0\u00bb _builder_version=\u00a0\u00bb4.27.4&Prime; _module_preset=\u00a0\u00bbdefault\u00a0\u00bb title_font=\u00a0\u00bb|800||on|||||\u00a0\u00bb title_text_align=\u00a0\u00bbcenter\u00a0\u00bb title_text_color=\u00a0\u00bb#FFFFFF\u00a0\u00bb title_font_size=\u00a0\u00bb4em\u00a0\u00bb meta_font=\u00a0\u00bb|&#8211;et_global_heading_font_weight|||||||\u00a0\u00bb meta_text_align=\u00a0\u00bbright\u00a0\u00bb background_color=\u00a0\u00bbRGBA(255,255,255,0)\u00a0\u00bb background_image=\u00a0\u00bbhttps:\/\/firesmartcanada.ca\/wp-content\/uploads\/2025\/04\/Ajouter-un-titre.png\u00a0\u00bb parallax=\u00a0\u00bbon\u00a0\u00bb text_orientation=\u00a0\u00bbright\u00a0\u00bb max_width=\u00a0\u00bb100%\u00a0\u00bb custom_padding=\u00a0\u00bb119px||119px||true|false\u00a0\u00bb custom_css_main_element=\u00a0\u00bbz-index: 1;\u00a0\u00bb title_text_shadow_style=\u00a0\u00bbpreset1&Prime; title_text_shadow_color=\u00a0\u00bb#000000&Prime; text_shadow_style=\u00a0\u00bbpreset1&Prime; global_colors_info=\u00a0\u00bb{}\u00a0\u00bb][\/et_pb_fullwidth_post_title][\/et_pb_section][et_pb_section fb_built=\u00a0\u00bb1&Prime; _builder_version=\u00a0\u00bb4.16&Prime; _module_preset=\u00a0\u00bbdefault\u00a0\u00bb custom_padding=\u00a0\u00bb||4px|||\u00a0\u00bb global_colors_info=\u00a0\u00bb{}\u00a0\u00bb][et_pb_row _builder_version=\u00a0\u00bb4.16&Prime; _module_preset=\u00a0\u00bbdefault\u00a0\u00bb global_colors_info=\u00a0\u00bb{}\u00a0\u00bb][et_pb_column type=\u00a0\u00bb4_4&Prime; _builder_version=\u00a0\u00bb4.16&Prime; _module_preset=\u00a0\u00bbdefault\u00a0\u00bb global_colors_info=\u00a0\u00bb{}\u00a0\u00bb][et_pb_text _builder_version=\u00a0\u00bb4.27.4&Prime; _module_preset=\u00a0\u00bbdefault\u00a0\u00bb text_font_size=\u00a0\u00bb20px\u00a0\u00bb text_line_height=\u00a0\u00bb1.6em\u00a0\u00bb header_2_font=\u00a0\u00bb|700|||||||\u00a0\u00bb header_2_font_size=\u00a0\u00bb50px\u00a0\u00bb hover_enabled=\u00a0\u00bb0&Prime; global_colors_info=\u00a0\u00bb{}\u00a0\u00bb sticky_enabled=\u00a0\u00bb0&Prime;]<\/p>\n<h2>Construction d\u2019habitations Intelli-feu<\/h2>\n<p>En \u00e9tendant nos modes de vie et nos collectivit\u00e9s plus loin dans les zones foresti\u00e8res, nous nous exposons davantage au danger des feux de for\u00eat. Vivre dans un endroit o\u00f9 les feux de for\u00eat peuvent se produire expose vos maisons \u00e0 des risques, mais il est possible de vivre en s\u00e9curit\u00e9 et de faire preuve de r\u00e9silience face \u00e0 cet \u00e9v\u00e9nement naturel.<\/p>\n<p>Les normes d\u2019am\u00e9nagement jouent un r\u00f4le important dans la r\u00e9duction de l\u2019impact potentiel d\u2019un feu de for\u00eat sur une collectivit\u00e9. La probabilit\u00e9 qu\u2019un b\u00e2timent soit d\u00e9truit par un feu de for\u00eat est plus \u00e9lev\u00e9e lorsque celui-ci est situ\u00e9 dans une zone \u00e0 forte densit\u00e9 o\u00f9 le feu peut facilement se propager d\u2019un b\u00e2timent \u00e0 l\u2019autre. Le potentiel de dommages s\u2019intensifie lorsque des mat\u00e9riaux de construction inflammables sont utilis\u00e9s.<\/p>\n<p>Les recommandations suivantes concernant l\u2019am\u00e9nagement de maisons Intelli-feu permettront de r\u00e9duire les menaces des feux de for\u00eat pour votre maison et votre collectivit\u00e9:<\/p>\n<p>[\/et_pb_text][\/et_pb_column][\/et_pb_row][\/et_pb_section][et_pb_section fb_built=\u00a0\u00bb1&Prime; _builder_version=\u00a0\u00bb4.16&Prime; _module_preset=\u00a0\u00bbdefault\u00a0\u00bb custom_padding=\u00a0\u00bb4px|||||\u00a0\u00bb global_colors_info=\u00a0\u00bb{}\u00a0\u00bb][et_pb_row _builder_version=\u00a0\u00bb4.16&Prime; _module_preset=\u00a0\u00bbdefault\u00a0\u00bb width=\u00a0\u00bb100%\u00a0\u00bb max_width=\u00a0\u00bb100%\u00a0\u00bb global_colors_info=\u00a0\u00bb{}\u00a0\u00bb][et_pb_column type=\u00a0\u00bb4_4&Prime; _builder_version=\u00a0\u00bb4.16&Prime; _module_preset=\u00a0\u00bbdefault\u00a0\u00bb global_colors_info=\u00a0\u00bb{}\u00a0\u00bb][dmpro_image_hotspot img_src=\u00a0\u00bbhttps:\/\/firesmartcanada.ca\/wp-content\/uploads\/2021\/11\/Firesmart_canada_home-construction-graphic_01-1920-x-1080.png\u00a0\u00bb _builder_version=\u00a0\u00bb4.27.4&Prime; _module_preset=\u00a0\u00bbdefault\u00a0\u00bb width=\u00a0\u00bb100%\u00a0\u00bb max_width=\u00a0\u00bb100%\u00a0\u00bb global_colors_info=\u00a0\u00bb{}\u00a0\u00bb][dmpro_image_hotspot_child title=\u00a0\u00bbMat\u00e9riau de toiture\u00a0\u00bb hotspot_image=\u00a0\u00bbhttps:\/\/firesmartcanada.ca\/wp-content\/uploads\/2021\/11\/RoofFS-1.png\u00a0\u00bb img_alt=\u00a0\u00bbside ventgs\u00a0\u00bb hotspot_image_width=\u00a0\u00bb120px\u00a0\u00bb hotspot_ripple_effect=\u00a0\u00bbon\u00a0\u00bb hotspot_ripple_effect_color=\u00a0\u00bb#FFFFFF\u00a0\u00bb hotspot_position_vertical=\u00a0\u00bb7%\u00a0\u00bb hotspot_position_horizontal=\u00a0\u00bb55%\u00a0\u00bb tooltip_img_alt=\u00a0\u00bbfiresmart canada vent icon\u00a0\u00bb tooltip_title=\u00a0\u00bbMat\u00e9riau de toiture\u00a0\u00bb tooltip_desc=\u00a0\u00bbLa toiture est l&rsquo;\u00e9l\u00e9ment le plus vuln\u00e9rable de votre maison. Les \u00e9tincelles et les braises d&rsquo;un feu de for\u00eat peuvent parcourir de longues distances et enflammer rapidement les mat\u00e9riaux de toiture inflammables. Une toiture coupe-feu de classe A offre la meilleure protection. Parmi les mat\u00e9riaux de toiture de classe A, on trouve les tuiles en terre cuite, les tuiles en b\u00e9ton, les bardeaux m\u00e9talliques et les bardeaux d&rsquo;asphalte.\u00a0\u00bb show_tooltip_button=\u00a0\u00bbon\u00a0\u00bb tooltip_button_text=\u00a0\u00bbApprendre encore plus\u00a0\u00bb tooltip_button_link=\u00a0\u00bbhttps:\/\/firesmartcanada.ca\/wp-content\/uploads\/2022\/01\/FSA_FireSmart-Fact-Sheet_Roof.pdf\u00a0\u00bb tooltip_button_link_target=\u00a0\u00bbon\u00a0\u00bb tooltip_position=\u00a0\u00bbbottom\u00a0\u00bb tooltip_content_align=\u00a0\u00bbcenter\u00a0\u00bb use_tooltip_arrow=\u00a0\u00bbon\u00a0\u00bb arrow_color=\u00a0\u00bb#FFFFFF\u00a0\u00bb hotspot_image_width_tablet=\u00a0\u00bb70px\u00a0\u00bb hotspot_image_width_phone=\u00a0\u00bb40px\u00a0\u00bb hotspot_image_width_last_edited=\u00a0\u00bbon|phone\u00a0\u00bb _builder_version=\u00a0\u00bb4.27.4&Prime; _module_preset=\u00a0\u00bbdefault\u00a0\u00bb custom_tooltip_button=\u00a0\u00bbon\u00a0\u00bb tooltip_button_text_size=\u00a0\u00bb20px\u00a0\u00bb tooltip_button_text_color=\u00a0\u00bb#FFFFFF\u00a0\u00bb tooltip_button_bg_color=\u00a0\u00bb#efcb17&Prime; tooltip_button_border_width=\u00a0\u00bb0px\u00a0\u00bb tooltip_button_border_color=\u00a0\u00bbRGBA(255,255,255,0)\u00a0\u00bb tooltip_button_border_radius=\u00a0\u00bb20px\u00a0\u00bb tooltip_button_icon=\u00a0\u00bb&#xf019;||fa||900&Prime; tooltip_button_on_hover=\u00a0\u00bbon\u00a0\u00bb border_radii_tooltip_box=\u00a0\u00bbon|40px|40px|40px|40px\u00a0\u00bb border_width_all_tooltip_box=\u00a0\u00bb3px\u00a0\u00bb border_color_all_tooltip_box=\u00a0\u00bb#efcb17&Prime; box_shadow_style_tooltip_box=\u00a0\u00bbpreset2&Prime; box_shadow_style_tooltip_button=\u00a0\u00bbpreset2&Prime; global_colors_info=\u00a0\u00bb{}\u00a0\u00bb][\/dmpro_image_hotspot_child][dmpro_image_hotspot_child title=\u00a0\u00bbVentilation\u00a0\u00bb hotspot_image=\u00a0\u00bbhttps:\/\/firesmartcanada.ca\/wp-content\/uploads\/2021\/11\/VentsFS-1.png\u00a0\u00bb img_alt=\u00a0\u00bbside ventgs\u00a0\u00bb hotspot_image_width=\u00a0\u00bb120px\u00a0\u00bb hotspot_ripple_effect=\u00a0\u00bbon\u00a0\u00bb hotspot_ripple_effect_color=\u00a0\u00bb#FFFFFF\u00a0\u00bb hotspot_position_vertical=\u00a0\u00bb52%\u00a0\u00bb hotspot_position_horizontal=\u00a0\u00bb72%\u00a0\u00bb tooltip_img_alt=\u00a0\u00bbfiresmart canada vent icon\u00a0\u00bb tooltip_title=\u00a0\u00bbRev\u00eatement, \u00e9vents et ouvertures\u00a0\u00bb tooltip_desc=\u00a0\u00bb\u00c0 l&rsquo;exception du toit, le rev\u00eatement est l&rsquo;\u00e9l\u00e9ment structurel le plus vuln\u00e9rable aux incendies de for\u00eat. Des d\u00e9bris combustibles peuvent s&rsquo;accumuler au niveau des \u00e9vents et des ouvertures de votre maison et \u00eatre enflamm\u00e9s par les braises lors d&rsquo;un incendie de for\u00eat. Rev\u00eatement : Certains types de mat\u00e9riaux de construction, comme le rev\u00eatement en vinyle, peuvent fondre lorsqu&rsquo;ils sont expos\u00e9s \u00e0 des temp\u00e9ratures \u00e9lev\u00e9es, permettant au feu d&rsquo;atteindre les \u00e9l\u00e9ments muraux sous-jacents et de p\u00e9n\u00e9trer \u00e0 l&rsquo;int\u00e9rieur du b\u00e2timent. Le stuc, la brique, les panneaux de fibrociment et le b\u00e9ton coul\u00e9 offrent tous une r\u00e9sistance au feu sup\u00e9rieure. \u00c9vents : Installez un mat\u00e9riau incombustible pour tous les \u00e9vents. Il doit s&rsquo;agir d&rsquo;un \u00e9cran de 3 mm ou d&rsquo;\u00e9vents class\u00e9s au feu ASTM. Des produits m\u00e9talliques sont recommand\u00e9s pour les \u00e9vents et les solins d&rsquo;\u00e9vent.\u00a0\u00bb show_tooltip_button=\u00a0\u00bbon\u00a0\u00bb tooltip_button_text=\u00a0\u00bbApprendre encore plus\u00a0\u00bb tooltip_button_link=\u00a0\u00bbhttps:\/\/firesmartcanada.ca\/wp-content\/uploads\/2022\/01\/FSA_FireSmart-Fact-Sheet_Siding.pdf\u00a0\u00bb tooltip_button_link_target=\u00a0\u00bbon\u00a0\u00bb tooltip_content_align=\u00a0\u00bbcenter\u00a0\u00bb use_tooltip_arrow=\u00a0\u00bbon\u00a0\u00bb arrow_color=\u00a0\u00bb#FFFFFF\u00a0\u00bb hotspot_image_width_tablet=\u00a0\u00bb70px\u00a0\u00bb hotspot_image_width_phone=\u00a0\u00bb40px\u00a0\u00bb hotspot_image_width_last_edited=\u00a0\u00bbon|phone\u00a0\u00bb _builder_version=\u00a0\u00bb4.27.4&Prime; _module_preset=\u00a0\u00bbdefault\u00a0\u00bb custom_tooltip_button=\u00a0\u00bbon\u00a0\u00bb tooltip_button_text_size=\u00a0\u00bb20px\u00a0\u00bb tooltip_button_text_color=\u00a0\u00bb#FFFFFF\u00a0\u00bb tooltip_button_bg_color=\u00a0\u00bb#efcb17&Prime; tooltip_button_border_width=\u00a0\u00bb0px\u00a0\u00bb tooltip_button_border_color=\u00a0\u00bbRGBA(255,255,255,0)\u00a0\u00bb tooltip_button_border_radius=\u00a0\u00bb20px\u00a0\u00bb tooltip_button_icon=\u00a0\u00bb&#xf019;||fa||900&Prime; tooltip_button_on_hover=\u00a0\u00bbon\u00a0\u00bb border_radii_tooltip_box=\u00a0\u00bbon|40px|40px|40px|40px\u00a0\u00bb border_width_all_tooltip_box=\u00a0\u00bb3px\u00a0\u00bb border_color_all_tooltip_box=\u00a0\u00bb#efcb17&Prime; box_shadow_style_tooltip_box=\u00a0\u00bbpreset2&Prime; box_shadow_style_tooltip_button=\u00a0\u00bbpreset2&Prime; global_colors_info=\u00a0\u00bb{}\u00a0\u00bb][\/dmpro_image_hotspot_child][dmpro_image_hotspot_child title=\u00a0\u00bbGoutti\u00e8res\u00a0\u00bb hotspot_image=\u00a0\u00bbhttps:\/\/firesmartcanada.ca\/wp-content\/uploads\/2021\/11\/GutterFS-1.png\u00a0\u00bb img_alt=\u00a0\u00bbside ventgs\u00a0\u00bb hotspot_image_width=\u00a0\u00bb120px\u00a0\u00bb hotspot_ripple_effect=\u00a0\u00bbon\u00a0\u00bb hotspot_ripple_effect_color=\u00a0\u00bb#FFFFFF\u00a0\u00bb hotspot_position_vertical=\u00a0\u00bb40%\u00a0\u00bb hotspot_position_horizontal=\u00a0\u00bb4%\u00a0\u00bb tooltip_img_alt=\u00a0\u00bbfiresmart canada vent icon\u00a0\u00bb tooltip_title=\u00a0\u00bbGoutti\u00e8res et avant-toits\u00a0\u00bb tooltip_desc=\u00a0\u00bbLes goutti\u00e8res de votre maison favorisent l&rsquo;accumulation de d\u00e9bris combustibles, et les avant-toits ouverts constituent un point d&rsquo;entr\u00e9e pour les \u00e9tincelles et les braises. Choisissez des goutti\u00e8res et des descentes pluviales en mat\u00e9riaux incombustibles, comme l&rsquo;acier galvanis\u00e9, le cuivre et l&rsquo;aluminium. Assurez-vous que le larmier m\u00e9tallique est bien en place sur la toiture. Il est important d&rsquo;inspecter r\u00e9guli\u00e8rement vos goutti\u00e8res et avant-toits afin d&rsquo;identifier les points vuln\u00e9rables ou n\u00e9cessitant une intervention. Gardez ces zones exemptes de d\u00e9bris combustibles et entretenez-les correctement.\u00a0\u00bb show_tooltip_button=\u00a0\u00bbon\u00a0\u00bb tooltip_button_text=\u00a0\u00bbApprendre encore plus\u00a0\u00bb tooltip_button_link=\u00a0\u00bbhttps:\/\/firesmartcanada.ca\/wp-content\/uploads\/2021\/11\/FSA_FireSmart-Fact-Sheet_Gutters-1.pdf\u00a0\u00bb tooltip_button_link_target=\u00a0\u00bbon\u00a0\u00bb tooltip_position=\u00a0\u00bbright\u00a0\u00bb tooltip_content_align=\u00a0\u00bbcenter\u00a0\u00bb use_tooltip_arrow=\u00a0\u00bbon\u00a0\u00bb arrow_color=\u00a0\u00bb#FFFFFF\u00a0\u00bb hotspot_image_width_tablet=\u00a0\u00bb70px\u00a0\u00bb hotspot_image_width_phone=\u00a0\u00bb40px\u00a0\u00bb hotspot_image_width_last_edited=\u00a0\u00bbon|phone\u00a0\u00bb _builder_version=\u00a0\u00bb4.27.4&Prime; _module_preset=\u00a0\u00bbdefault\u00a0\u00bb custom_tooltip_button=\u00a0\u00bbon\u00a0\u00bb tooltip_button_text_size=\u00a0\u00bb20px\u00a0\u00bb tooltip_button_text_color=\u00a0\u00bb#FFFFFF\u00a0\u00bb tooltip_button_bg_color=\u00a0\u00bb#efcb17&Prime; tooltip_button_border_width=\u00a0\u00bb0px\u00a0\u00bb tooltip_button_border_color=\u00a0\u00bbRGBA(255,255,255,0)\u00a0\u00bb tooltip_button_border_radius=\u00a0\u00bb20px\u00a0\u00bb tooltip_button_icon=\u00a0\u00bb&#xf019;||fa||900&Prime; tooltip_button_on_hover=\u00a0\u00bbon\u00a0\u00bb border_radii_tooltip_box=\u00a0\u00bbon|40px|40px|40px|40px\u00a0\u00bb border_width_all_tooltip_box=\u00a0\u00bb3px\u00a0\u00bb border_color_all_tooltip_box=\u00a0\u00bb#efcb17&Prime; box_shadow_style_tooltip_box=\u00a0\u00bbpreset2&Prime; box_shadow_style_tooltip_button=\u00a0\u00bbpreset2&Prime; global_colors_info=\u00a0\u00bb{}\u00a0\u00bb][\/dmpro_image_hotspot_child][dmpro_image_hotspot_child title=\u00a0\u00bbTerrasse et porches\u00a0\u00bb hotspot_image=\u00a0\u00bbhttps:\/\/firesmartcanada.ca\/wp-content\/uploads\/2021\/11\/DesksFS-1.png\u00a0\u00bb img_alt=\u00a0\u00bbside ventgs\u00a0\u00bb hotspot_image_width=\u00a0\u00bb120px\u00a0\u00bb hotspot_ripple_effect=\u00a0\u00bbon\u00a0\u00bb hotspot_ripple_effect_color=\u00a0\u00bb#FFFFFF\u00a0\u00bb hotspot_position_horizontal=\u00a0\u00bb18%\u00a0\u00bb tooltip_img_alt=\u00a0\u00bbfiresmart canada vent icon\u00a0\u00bb tooltip_title=\u00a0\u00bbTerrasse et porches\u00a0\u00bb tooltip_desc=\u00a0\u00bbDe nombreuses maisons sont \u00e9quip\u00e9es de terrasses attenantes, ce qui peut favoriser la propagation du feu directement \u00e0 l&rsquo;int\u00e9rieur de la maison en cas d&rsquo;incendie. Les mat\u00e9riaux utilis\u00e9s pour la construction de la terrasse, les mat\u00e9riaux combustibles stock\u00e9s dessus et dessous, ainsi que la v\u00e9g\u00e9tation environnante contribuent \u00e0 leur vuln\u00e9rabilit\u00e9. Envisagez de remplacer les mat\u00e9riaux combustibles de la terrasse ou du porche par des mat\u00e9riaux incombustibles ou r\u00e9sistants au feu.\u00a0\u00bb show_tooltip_button=\u00a0\u00bbon\u00a0\u00bb tooltip_button_text=\u00a0\u00bbApprendre encore plus\u00a0\u00bb tooltip_button_link=\u00a0\u00bbhttps:\/\/firesmartcanada.ca\/wp-content\/uploads\/2022\/01\/FSA_FireSmart-Fact-Sheet_Decks.pdf\u00a0\u00bb tooltip_button_link_target=\u00a0\u00bbon\u00a0\u00bb tooltip_position=\u00a0\u00bbright\u00a0\u00bb tooltip_content_align=\u00a0\u00bbcenter\u00a0\u00bb use_tooltip_arrow=\u00a0\u00bbon\u00a0\u00bb arrow_color=\u00a0\u00bb#FFFFFF\u00a0\u00bb hotspot_image_width_tablet=\u00a0\u00bb70px\u00a0\u00bb hotspot_image_width_phone=\u00a0\u00bb40px\u00a0\u00bb hotspot_image_width_last_edited=\u00a0\u00bbon|phone\u00a0\u00bb _builder_version=\u00a0\u00bb4.27.4&Prime; _module_preset=\u00a0\u00bbdefault\u00a0\u00bb custom_tooltip_button=\u00a0\u00bbon\u00a0\u00bb tooltip_button_text_size=\u00a0\u00bb20px\u00a0\u00bb tooltip_button_text_color=\u00a0\u00bb#FFFFFF\u00a0\u00bb tooltip_button_bg_color=\u00a0\u00bb#efcb17&Prime; tooltip_button_border_width=\u00a0\u00bb0px\u00a0\u00bb tooltip_button_border_color=\u00a0\u00bbRGBA(255,255,255,0)\u00a0\u00bb tooltip_button_border_radius=\u00a0\u00bb20px\u00a0\u00bb tooltip_button_icon=\u00a0\u00bb&#xf019;||fa||900&Prime; tooltip_button_on_hover=\u00a0\u00bbon\u00a0\u00bb border_radii_tooltip_box=\u00a0\u00bbon|40px|40px|40px|40px\u00a0\u00bb border_width_all_tooltip_box=\u00a0\u00bb3px\u00a0\u00bb border_color_all_tooltip_box=\u00a0\u00bb#efcb17&Prime; box_shadow_style_tooltip_box=\u00a0\u00bbpreset2&Prime; box_shadow_style_tooltip_button=\u00a0\u00bbpreset2&Prime; global_colors_info=\u00a0\u00bb{}\u00a0\u00bb][\/dmpro_image_hotspot_child][dmpro_image_hotspot_child title=\u00a0\u00bbCl\u00f4tures\u00a0\u00bb hotspot_image=\u00a0\u00bbhttps:\/\/firesmartcanada.ca\/wp-content\/uploads\/2021\/11\/FencesFS-1.png\u00a0\u00bb img_alt=\u00a0\u00bbside ventgs\u00a0\u00bb hotspot_image_width=\u00a0\u00bb120px\u00a0\u00bb hotspot_ripple_effect=\u00a0\u00bbon\u00a0\u00bb hotspot_ripple_effect_color=\u00a0\u00bb#FFFFFF\u00a0\u00bb hotspot_position_vertical=\u00a0\u00bb8%\u00a0\u00bb hotspot_position_horizontal=\u00a0\u00bb74%\u00a0\u00bb tooltip_img_alt=\u00a0\u00bbfiresmart canada vent icon\u00a0\u00bb tooltip_title=\u00a0\u00bbCl\u00f4tures\u00a0\u00bb tooltip_desc=\u00a0\u00bbLes cl\u00f4tures et trottoirs en bois cr\u00e9ent une ligne directe avec votre maison et peuvent contribuer \u00e0 la propagation des feux de for\u00eat. \u00c9vitez de fixer des cl\u00f4tures et des murs en mat\u00e9riaux combustibles directement \u00e0 votre maison ou \u00e0 votre b\u00e2timent. Utilisez un portail m\u00e9tallique ou un panneau de cl\u00f4ture incombustible situ\u00e9 \u00e0 au moins 1,5 m\u00e8tre (5 pieds) de la saillie la plus \u00e9loign\u00e9e (surplomb, toit, etc.) de la maison.\u00a0\u00bb show_tooltip_button=\u00a0\u00bbon\u00a0\u00bb tooltip_button_text=\u00a0\u00bbApprendre encore plus\u00a0\u00bb tooltip_button_link=\u00a0\u00bbhttps:\/\/firesmartcanada.ca\/wp-content\/uploads\/2022\/01\/FSA_FireSmart-Fact-Sheet_Fences.pdf\u00a0\u00bb tooltip_button_link_target=\u00a0\u00bbon\u00a0\u00bb tooltip_content_align=\u00a0\u00bbcenter\u00a0\u00bb use_tooltip_arrow=\u00a0\u00bbon\u00a0\u00bb arrow_color=\u00a0\u00bb#FFFFFF\u00a0\u00bb hotspot_image_width_tablet=\u00a0\u00bb70px\u00a0\u00bb hotspot_image_width_phone=\u00a0\u00bb40px\u00a0\u00bb hotspot_image_width_last_edited=\u00a0\u00bbon|phone\u00a0\u00bb _builder_version=\u00a0\u00bb4.27.4&Prime; _module_preset=\u00a0\u00bbdefault\u00a0\u00bb custom_tooltip_button=\u00a0\u00bbon\u00a0\u00bb tooltip_button_text_size=\u00a0\u00bb20px\u00a0\u00bb tooltip_button_text_color=\u00a0\u00bb#FFFFFF\u00a0\u00bb tooltip_button_bg_color=\u00a0\u00bb#efcb17&Prime; tooltip_button_border_width=\u00a0\u00bb0px\u00a0\u00bb tooltip_button_border_color=\u00a0\u00bbRGBA(255,255,255,0)\u00a0\u00bb tooltip_button_border_radius=\u00a0\u00bb20px\u00a0\u00bb tooltip_button_icon=\u00a0\u00bb&#xf019;||fa||900&Prime; tooltip_button_on_hover=\u00a0\u00bbon\u00a0\u00bb border_radii_tooltip_box=\u00a0\u00bbon|40px|40px|40px|40px\u00a0\u00bb border_width_all_tooltip_box=\u00a0\u00bb3px\u00a0\u00bb border_color_all_tooltip_box=\u00a0\u00bb#efcb17&Prime; box_shadow_style_tooltip_box=\u00a0\u00bbpreset2&Prime; box_shadow_style_tooltip_button=\u00a0\u00bbpreset2&Prime; global_colors_info=\u00a0\u00bb{}\u00a0\u00bb][\/dmpro_image_hotspot_child][\/dmpro_image_hotspot][\/et_pb_column][\/et_pb_row][\/et_pb_section][et_pb_section fb_built=\u00a0\u00bb1&Prime; fullwidth=\u00a0\u00bbon\u00a0\u00bb _builder_version=\u00a0\u00bb4.16&Prime; _module_preset=\u00a0\u00bbdefault\u00a0\u00bb global_colors_info=\u00a0\u00bb{}\u00a0\u00bb][et_pb_fullwidth_header title=\u00a0\u00bbGUIDE DE CONSTRUCTION\u00a0\u00bb _builder_version=\u00a0\u00bb4.27.4&Prime; _module_preset=\u00a0\u00bbdefault\u00a0\u00bb background_color=\u00a0\u00bb#EFCB17&Prime; background_layout=\u00a0\u00bblight\u00a0\u00bb hover_enabled=\u00a0\u00bb0&Prime; global_colors_info=\u00a0\u00bb{}\u00a0\u00bb sticky_enabled=\u00a0\u00bb0&Prime;][\/et_pb_fullwidth_header][\/et_pb_section][et_pb_section fb_built=\u00a0\u00bb1&Prime; _builder_version=\u00a0\u00bb4.16&Prime; _module_preset=\u00a0\u00bbdefault\u00a0\u00bb global_colors_info=\u00a0\u00bb{}\u00a0\u00bb][et_pb_row column_structure=\u00a0\u00bb2_5,3_5&Prime; _builder_version=\u00a0\u00bb4.16&Prime; _module_preset=\u00a0\u00bbdefault\u00a0\u00bb global_colors_info=\u00a0\u00bb{}\u00a0\u00bb][et_pb_column type=\u00a0\u00bb2_5&Prime; _builder_version=\u00a0\u00bb4.16&Prime; _module_preset=\u00a0\u00bbdefault\u00a0\u00bb border_width_all=\u00a0\u00bb3px\u00a0\u00bb border_color_all=\u00a0\u00bb#efcb17&Prime; global_colors_info=\u00a0\u00bb{}\u00a0\u00bb][et_pb_image src=\u00a0\u00bbhttps:\/\/dev.firesmartcanada.ca\/wp-content\/uploads\/2025\/09\/Guide-de-construction-title.png\u00a0\u00bb title_text=\u00a0\u00bbHome_Dev_Guide_Cover\u00a0\u00bb _builder_version=\u00a0\u00bb4.27.4&Prime; _module_preset=\u00a0\u00bbdefault\u00a0\u00bb transform_scale_linked=\u00a0\u00bboff\u00a0\u00bb transform_translate=\u00a0\u00bb4px|12px\u00a0\u00bb transform_translate_linked=\u00a0\u00bboff\u00a0\u00bb box_shadow_style=\u00a0\u00bbpreset2&Prime; global_colors_info=\u00a0\u00bb{}\u00a0\u00bb][\/et_pb_image][\/et_pb_column][et_pb_column type=\u00a0\u00bb3_5&Prime; _builder_version=\u00a0\u00bb4.16&Prime; _module_preset=\u00a0\u00bbdefault\u00a0\u00bb global_colors_info=\u00a0\u00bb{}\u00a0\u00bb][et_pb_text _builder_version=\u00a0\u00bb4.27.4&Prime; _module_preset=\u00a0\u00bbdefault\u00a0\u00bb text_font_size=\u00a0\u00bb20px\u00a0\u00bb text_line_height=\u00a0\u00bb1.6em\u00a0\u00bb hover_enabled=\u00a0\u00bb0&Prime; global_colors_info=\u00a0\u00bb{}\u00a0\u00bb sticky_enabled=\u00a0\u00bb0&Prime;]<\/p>\n<p>Les feux de for\u00eat sont une composante naturelle de nos \u00e9cosyst\u00e8mes. Sans feu de for\u00eat, le paysage perd sa diversit\u00e9. Les feux de for\u00eat contribuent au recyclage des nutriments, aident les plantes \u00e0 se reproduire et cr\u00e9ent une mosa\u00efque de v\u00e9g\u00e9tation qui offre un habitat \u00e0 une vari\u00e9t\u00e9 d\u2019animaux sauvages. En choisissant d\u2019\u00e9tendre nos modes de vie et nos communaut\u00e9s plus loin dans les zones foresti\u00e8res, nous nous exposons davantage au danger des feux de for\u00eat. Vivre dans un endroit o\u00f9 les feux de for\u00eat peuvent se produire expose vos maisons \u00e0 des risques, mais il est possible de vivre en toute s\u00e9curit\u00e9 avec cet \u00e9v\u00e9nement naturel.<\/p>\n<p>Les normes d\u2019am\u00e9nagement jouent un r\u00f4le important dans la r\u00e9duction de l\u2019impact potentiel d\u2019un feu de for\u00eat sur une communaut\u00e9. La probabilit\u00e9 qu\u2019un b\u00e2timent soit d\u00e9truit par un feu de for\u00eat est plus \u00e9lev\u00e9e lorsque celui-ci est situ\u00e9 dans une zone \u00e0 forte densit\u00e9 o\u00f9 le feu peut facilement se propager d\u2019un b\u00e2timent \u00e0 l\u2019autre. Le potentiel de dommages s\u2019intensifie lorsque des mat\u00e9riaux de construction inflammables sont utilis\u00e9s. Les recommandations formul\u00e9es dans ce guide permettront de r\u00e9duire les menaces des feux de for\u00eat pour votre maison et votre collectivit\u00e9\u00a0:<\/p>\n<p>[\/et_pb_text][et_pb_button button_url=\u00a0\u00bb\/wp-content\/uploads\/2025\/09\/FS_Developer_Booklet_French-WEB-Feb-2019-3.pdf\u00a0\u00bb url_new_window=\u00a0\u00bbon\u00a0\u00bb button_text=\u00a0\u00bbT\u00e9l\u00e9chargez le guide\u00a0\u00bb button_alignment=\u00a0\u00bbcenter\u00a0\u00bb disabled_on=\u00a0\u00bboff|off|off\u00a0\u00bb _builder_version=\u00a0\u00bb4.27.4&Prime; _module_preset=\u00a0\u00bbdefault\u00a0\u00bb custom_button=\u00a0\u00bbon\u00a0\u00bb button_text_color=\u00a0\u00bb#FFFFFF\u00a0\u00bb button_bg_color=\u00a0\u00bb#24272A\u00a0\u00bb button_border_width=\u00a0\u00bb0px\u00a0\u00bb button_font=\u00a0\u00bb||||||||\u00a0\u00bb button_icon=\u00a0\u00bb&#xe092;||divi||400&Prime; button_icon_color=\u00a0\u00bb#FFFFFF\u00a0\u00bb custom_margin=\u00a0\u00bb||||false|false\u00a0\u00bb hover_enabled=\u00a0\u00bb0&Prime; button_text_shadow_style=\u00a0\u00bbpreset1&Prime; global_colors_info=\u00a0\u00bb{}\u00a0\u00bb button_bg_color__hover=\u00a0\u00bb#3a3f44&Prime; button_bg_color__hover_enabled=\u00a0\u00bbon|hover\u00a0\u00bb custom_margin__hover=\u00a0\u00bb||||false|false\u00a0\u00bb custom_margin__hover_enabled=\u00a0\u00bbon|hover\u00a0\u00bb custom_padding__hover=\u00a0\u00bb||||false|false\u00a0\u00bb custom_padding__hover_enabled=\u00a0\u00bbon|hover\u00a0\u00bb transform_styles__hover_enabled=\u00a0\u00bbon|hover\u00a0\u00bb transform_scale__hover_enabled=\u00a0\u00bbon|hover\u00a0\u00bb transform_translate__hover_enabled=\u00a0\u00bbon|hover\u00a0\u00bb transform_rotate__hover_enabled=\u00a0\u00bbon|hover\u00a0\u00bb transform_skew__hover_enabled=\u00a0\u00bbon|hover\u00a0\u00bb transform_origin__hover_enabled=\u00a0\u00bbon|hover\u00a0\u00bb sticky_enabled=\u00a0\u00bb0&Prime;][\/et_pb_button][\/et_pb_column][\/et_pb_row][\/et_pb_section]<\/p>\n","protected":false},"excerpt":{"rendered":"<p>Construction d\u2019habitations Intelli-feu En \u00e9tendant nos modes de vie et nos collectivit\u00e9s plus loin dans les zones foresti\u00e8res, nous nous exposons davantage au danger des feux de for\u00eat. Vivre dans un endroit o\u00f9 les feux de for\u00eat peuvent se produire expose vos maisons \u00e0 des risques, mais il est possible de vivre en s\u00e9curit\u00e9 et [&hellip;]<\/p>\n","protected":false},"author":1,"featured_media":13051,"parent":13014,"menu_order":0,"comment_status":"closed","ping_status":"closed","template":"","meta":{"_et_pb_use_builder":"on","_et_pb_old_content":"","_et_gb_content_width":"","footnotes":""},"class_list":["post-13048","page","type-page","status-publish","has-post-thumbnail","hentry"],"_links":{"self":[{"href":"https:\/\/dev.firesmartcanada.ca\/fr\/wp-json\/wp\/v2\/pages\/13048","targetHints":{"allow":["GET"]}}],"collection":[{"href":"https:\/\/dev.firesmartcanada.ca\/fr\/wp-json\/wp\/v2\/pages"}],"about":[{"href":"https:\/\/dev.firesmartcanada.ca\/fr\/wp-json\/wp\/v2\/types\/page"}],"author":[{"embeddable":true,"href":"https:\/\/dev.firesmartcanada.ca\/fr\/wp-json\/wp\/v2\/users\/1"}],"replies":[{"embeddable":true,"href":"https:\/\/dev.firesmartcanada.ca\/fr\/wp-json\/wp\/v2\/comments?post=13048"}],"version-history":[{"count":7,"href":"https:\/\/dev.firesmartcanada.ca\/fr\/wp-json\/wp\/v2\/pages\/13048\/revisions"}],"predecessor-version":[{"id":14002,"href":"https:\/\/dev.firesmartcanada.ca\/fr\/wp-json\/wp\/v2\/pages\/13048\/revisions\/14002"}],"up":[{"embeddable":true,"href":"https:\/\/dev.firesmartcanada.ca\/fr\/wp-json\/wp\/v2\/pages\/13014"}],"wp:featuredmedia":[{"embeddable":true,"href":"https:\/\/dev.firesmartcanada.ca\/fr\/wp-json\/wp\/v2\/media\/13051"}],"wp:attachment":[{"href":"https:\/\/dev.firesmartcanada.ca\/fr\/wp-json\/wp\/v2\/media?parent=13048"}],"curies":[{"name":"wp","href":"https:\/\/api.w.org\/{rel}","templated":true}]}}