{"id":13053,"date":"2021-11-04T21:10:13","date_gmt":"2021-11-05T02:10:13","guid":{"rendered":"https:\/\/dev.firesmartcanada.ca\/a-propos-de-firesmart\/les-sept-disciplines-firesmart\/"},"modified":"2025-09-16T13:44:37","modified_gmt":"2025-09-16T18:44:37","slug":"les-sept-volets-intelli-feu","status":"publish","type":"page","link":"https:\/\/dev.firesmartcanada.ca\/fr\/a-propos-dintelli-feu\/les-sept-volets-intelli-feu\/","title":{"rendered":"Les Sept Volets Intelli-feu"},"content":{"rendered":"<p>[et_pb_section fb_built=\u00a0\u00bb1&Prime; fullwidth=\u00a0\u00bbon\u00a0\u00bb disabled_on=\u00a0\u00bboff|off|off\u00a0\u00bb admin_label=\u00a0\u00bbSection\u00a0\u00bb _builder_version=\u00a0\u00bb4.27.0&Prime; _module_preset=\u00a0\u00bbdefault\u00a0\u00bb background_color=\u00a0\u00bb#24272A\u00a0\u00bb locked=\u00a0\u00bboff\u00a0\u00bb global_colors_info=\u00a0\u00bb{}\u00a0\u00bb][et_pb_fullwidth_post_title meta=\u00a0\u00bboff\u00a0\u00bb featured_image=\u00a0\u00bboff\u00a0\u00bb text_color=\u00a0\u00bblight\u00a0\u00bb _builder_version=\u00a0\u00bb4.27.4&Prime; _module_preset=\u00a0\u00bbdefault\u00a0\u00bb title_font=\u00a0\u00bb|800||on|||||\u00a0\u00bb title_text_align=\u00a0\u00bbcenter\u00a0\u00bb title_text_color=\u00a0\u00bb#FFFFFF\u00a0\u00bb title_font_size=\u00a0\u00bb4em\u00a0\u00bb meta_font=\u00a0\u00bb|&#8211;et_global_heading_font_weight|||||||\u00a0\u00bb meta_text_align=\u00a0\u00bbright\u00a0\u00bb background_color=\u00a0\u00bbRGBA(255,255,255,0)\u00a0\u00bb background_image=\u00a0\u00bbhttps:\/\/firesmartcanada.ca\/wp-content\/uploads\/2025\/03\/forest-231066_1280.jpg\u00a0\u00bb parallax=\u00a0\u00bbon\u00a0\u00bb text_orientation=\u00a0\u00bbright\u00a0\u00bb max_width=\u00a0\u00bb100%\u00a0\u00bb custom_padding=\u00a0\u00bb119px||119px||true|false\u00a0\u00bb custom_css_main_element=\u00a0\u00bbz-index: 1;\u00a0\u00bb title_text_shadow_style=\u00a0\u00bbpreset1&Prime; title_text_shadow_color=\u00a0\u00bb#000000&Prime; text_shadow_style=\u00a0\u00bbpreset1&Prime; global_colors_info=\u00a0\u00bb{}\u00a0\u00bb][\/et_pb_fullwidth_post_title][\/et_pb_section][et_pb_section fb_built=\u00a0\u00bb1&Prime; _builder_version=\u00a0\u00bb4.27.4&Prime; _module_preset=\u00a0\u00bbdefault\u00a0\u00bb background_enable_color=\u00a0\u00bboff\u00a0\u00bb custom_padding=\u00a0\u00bb||5px|||\u00a0\u00bb global_colors_info=\u00a0\u00bb{}\u00a0\u00bb][et_pb_row column_structure=\u00a0\u00bb1_2,1_2&Prime; use_custom_gutter=\u00a0\u00bbon\u00a0\u00bb gutter_width=\u00a0\u00bb1&Prime; make_equal=\u00a0\u00bbon\u00a0\u00bb _builder_version=\u00a0\u00bb4.27.4&Prime; _module_preset=\u00a0\u00bbdefault\u00a0\u00bb width=\u00a0\u00bb100%\u00a0\u00bb max_width=\u00a0\u00bb80%\u00a0\u00bb module_alignment=\u00a0\u00bbcenter\u00a0\u00bb custom_margin=\u00a0\u00bb|0px||0px|false|false\u00a0\u00bb custom_padding=\u00a0\u00bb3px|0px|5px|0px|false|false\u00a0\u00bb global_colors_info=\u00a0\u00bb{}\u00a0\u00bb][et_pb_column type=\u00a0\u00bb1_2&Prime; _builder_version=\u00a0\u00bb4.27.4&Prime; _module_preset=\u00a0\u00bbdefault\u00a0\u00bb background_color=\u00a0\u00bb#FFFFFF\u00a0\u00bb custom_padding=\u00a0\u00bb20px|20px|20px|20px|false|false\u00a0\u00bb custom_css_main_element=\u00a0\u00bbdisplay: flex;||flex-direction: column;||justify-content: center;\u00a0\u00bb global_colors_info=\u00a0\u00bb{}\u00a0\u00bb][et_pb_post_title meta=\u00a0\u00bboff\u00a0\u00bb featured_image=\u00a0\u00bboff\u00a0\u00bb _builder_version=\u00a0\u00bb4.16&Prime; _module_preset=\u00a0\u00bbdefault\u00a0\u00bb title_line_height=\u00a0\u00bb1.1em\u00a0\u00bb custom_margin=\u00a0\u00bb-11px||31px|0px|false|false\u00a0\u00bb custom_padding=\u00a0\u00bb|||10px|false|false\u00a0\u00bb border_width_left=\u00a0\u00bb3px\u00a0\u00bb border_color_left=\u00a0\u00bb#efcb17&Prime; global_colors_info=\u00a0\u00bb{}\u00a0\u00bb][\/et_pb_post_title][et_pb_text _builder_version=\u00a0\u00bb4.27.4&Prime; _module_preset=\u00a0\u00bbdefault\u00a0\u00bb text_font_size=\u00a0\u00bb20px\u00a0\u00bb text_line_height=\u00a0\u00bb1.9em\u00a0\u00bb hover_enabled=\u00a0\u00bb0&Prime; global_colors_info=\u00a0\u00bb{}\u00a0\u00bb sticky_enabled=\u00a0\u00bb0&Prime;]<\/p>\n<p>Le programme Intelli-feu contribue \u00e0 r\u00e9duire les risques d&rsquo;incendie de for\u00eat pour les maisons, les quartiers, les infrastructures essentielles et les ressources naturelles essentielles. Il s&rsquo;agit d&rsquo;une responsabilit\u00e9 partag\u00e9e entre nous tous. Les individus, les communaut\u00e9s, les gouvernements et les organisations du secteur priv\u00e9 ont tous un r\u00f4le \u00e0 jouer.<\/p>\n<p>Le programme Intelli-feu est mis en \u0153uvre par le biais de sept volets afin d&rsquo;aider les quartiers \u00e0 faire face \u00e0 la menace des incendies de for\u00eat\u202f: \u00e9ducation, planification d&rsquo;urgence, gestion de la v\u00e9g\u00e9tation, l\u00e9gislation, d\u00e9veloppement, coop\u00e9ration entre les organismes et formation crois\u00e9e.<\/p>\n<p>[\/et_pb_text][\/et_pb_column][et_pb_column type=\u00a0\u00bb1_2&Prime; _builder_version=\u00a0\u00bb4.27.4&Prime; _module_preset=\u00a0\u00bbdefault\u00a0\u00bb global_colors_info=\u00a0\u00bb{}\u00a0\u00bb][et_pb_image src=\u00a0\u00bbhttps:\/\/firesmartcanada.ca\/wp-content\/uploads\/2021\/11\/Firesmart-Canada-_600-x-600.jpg\u00a0\u00bb title_text=\u00a0\u00bbFiresmart-Canada-_600-x-600&Prime; align=\u00a0\u00bbcenter\u00a0\u00bb force_fullwidth=\u00a0\u00bbon\u00a0\u00bb _builder_version=\u00a0\u00bb4.27.4&Prime; _module_preset=\u00a0\u00bbdefault\u00a0\u00bb global_colors_info=\u00a0\u00bb{}\u00a0\u00bb][\/et_pb_image][\/et_pb_column][\/et_pb_row][et_pb_row _builder_version=\u00a0\u00bb4.20.4&Prime; _module_preset=\u00a0\u00bbdefault\u00a0\u00bb width=\u00a0\u00bb100%\u00a0\u00bb max_width=\u00a0\u00bb70%\u00a0\u00bb global_colors_info=\u00a0\u00bb{}\u00a0\u00bb][et_pb_column type=\u00a0\u00bb4_4&Prime; _builder_version=\u00a0\u00bb4.19.0&Prime; _module_preset=\u00a0\u00bbdefault\u00a0\u00bb global_colors_info=\u00a0\u00bb{}\u00a0\u00bb][dipl_tabs tab_trigger=\u00a0\u00bbclick\u00a0\u00bb tab_orientation=\u00a0\u00bbvertical\u00a0\u00bb nav_bg_color=\u00a0\u00bbRGBA(255,255,255,0)\u00a0\u00bb content_bg_color=\u00a0\u00bb#FFFFFF\u00a0\u00bb icon_font_size=\u00a0\u00bb36px\u00a0\u00bb active_tab_background_color=\u00a0\u00bb#EFCB17&Prime; tab_alignment=\u00a0\u00bbleft\u00a0\u00bb icon_alignment=\u00a0\u00bbleft\u00a0\u00bb tab_background_color=\u00a0\u00bb#727272&Prime; tab_max_width=\u00a0\u00bb252px\u00a0\u00bb image_width=\u00a0\u00bb67px\u00a0\u00bb _builder_version=\u00a0\u00bb4.27.4&Prime; _module_preset=\u00a0\u00bbdefault\u00a0\u00bb active_title_text_color=\u00a0\u00bb#000000&Prime; title_text_color=\u00a0\u00bb#FFFFFF\u00a0\u00bb title_font=\u00a0\u00bb|600|||||||\u00a0\u00bb title_font_size=\u00a0\u00bb20px\u00a0\u00bb body_text_font_size=\u00a0\u00bb1.2em\u00a0\u00bb hover_enabled=\u00a0\u00bb0&Prime; global_colors_info=\u00a0\u00bb{}\u00a0\u00bb sticky_enabled=\u00a0\u00bb0&Prime;][dipl_tabs_item title_type=\u00a0\u00bbtext_image\u00a0\u00bb title=\u00a0\u00bb\u00c9ducation\u00a0\u00bb tab_image=\u00a0\u00bbhttps:\/\/firesmartcanada.ca\/wp-content\/uploads\/2023\/11\/7-Disciplines-Education.png\u00a0\u00bb _builder_version=\u00a0\u00bb4.27.4&Prime; _module_preset=\u00a0\u00bbdefault\u00a0\u00bb hover_enabled=\u00a0\u00bb0&Prime; global_colors_info=\u00a0\u00bb{}\u00a0\u00bb sticky_enabled=\u00a0\u00bb0&Prime;]<\/p>\n<h2>\u00c9ducation<\/h2>\n<p>Les collectivit\u00e9s Intelli-feu ont toutes une chose en commun\u00a0: un groupe organis\u00e9 de r\u00e9sidents passionn\u00e9s et inform\u00e9s, soutenus par leur gouvernement local, qui apportent des changements positifs.<\/p>\n<p>Tout le processus commence par un quartier, un groupe ou un individu qui souhaitent en savoir plus sur la menace des feux de for\u00eat et sur la fa\u00e7on de l\u2019att\u00e9nuer. La mise en \u0153uvre d\u2019Intelli-feu sur le terrain par des membres du public habilit\u00e9s donne souvent lieu aux programmes de collectivit\u00e9s les plus solides.<\/p>\n<p>Gr\u00e2ce aux ressources en ligne et imprim\u00e9es disponibles aupr\u00e8s d\u2019Intelli-feu Canada, il est possible de promouvoir et de partager la formation au sein d\u2019un quartier et d\u2019une collectivit\u00e9, suscitant ainsi l\u2019int\u00e9r\u00eat et la sensibilisation d\u2019un plus grand nombre de r\u00e9sidents.<\/p>\n<p>Les voisins se parlent, les amis se parlent, les gens partagent les informations qui sont importantes pour eux, et c\u2019est la m\u00eame chose pour Intelli-feu. Les appels t\u00e9l\u00e9phoniques et les conversations en face \u00e0 face des r\u00e9sidents et des professionnels peuvent avoir un effet plus significatif et durable sur les gens.<\/p>\n<p>[\/dipl_tabs_item][dipl_tabs_item title_type=\u00a0\u00bbtext_image\u00a0\u00bb title=\u00a0\u00bbPlanification des mesures d\u2019urgence\u00a0\u00bb tab_image=\u00a0\u00bbhttps:\/\/firesmartcanada.ca\/wp-content\/uploads\/2023\/11\/7-Disciplines-Planning.png\u00a0\u00bb _builder_version=\u00a0\u00bb4.27.4&Prime; _module_preset=\u00a0\u00bbdefault\u00a0\u00bb hover_enabled=\u00a0\u00bb0&Prime; global_colors_info=\u00a0\u00bb{}\u00a0\u00bb sticky_enabled=\u00a0\u00bb0&Prime;]<\/p>\n<h2>Planification des mesures d\u2019urgence<\/h2>\n<p>Il existe deux fa\u00e7ons d\u2019aborder la discipline de la planification\u00a0: la cr\u00e9ation de plans pr\u00e9cis de pr\u00e9vention et d\u2019att\u00e9nuation des feux de for\u00eat, et la prise en compte des feux de for\u00eat dans les interventions d\u2019urgence existantes et la pr\u00e9paration des collectivit\u00e9s.<\/p>\n<p>Lorsque plusieurs organismes unissent leurs forces pour r\u00e9pondre \u00e0 une urgence, le processus peut \u00eatre complexe.<\/p>\n<p>La prise en compte des caract\u00e9ristiques de l\u2019interface et des strat\u00e9gies de r\u00e9ponse vous aidera \u00e0 vous pr\u00e9parer aux feux de for\u00eat. Les \u00e9vacuations, l\u2019intervention et la r\u00e9cup\u00e9ration apr\u00e8s un feu de for\u00eat doivent \u00eatre prises en compte dans vos plans d\u2019urgence.<\/p>\n<p>[\/dipl_tabs_item][dipl_tabs_item title_type=\u00a0\u00bbtext_image\u00a0\u00bb title=\u00a0\u00bbGestion de la v\u00e9g\u00e9tation\u00a0\u00bb tab_image=\u00a0\u00bbhttps:\/\/firesmartcanada.ca\/wp-content\/uploads\/2023\/11\/7-Disciplines-Vegetation-Management.png\u00a0\u00bb _builder_version=\u00a0\u00bb4.27.4&Prime; _module_preset=\u00a0\u00bbdefault\u00a0\u00bb hover_enabled=\u00a0\u00bb0&Prime; global_colors_info=\u00a0\u00bb{}\u00a0\u00bb sticky_enabled=\u00a0\u00bb0&Prime;]<\/p>\n<h2>Gestion de la v\u00e9g\u00e9tation<\/h2>\n<p>La gestion de la v\u00e9g\u00e9tation, au sens large, correspond \u00e0 l\u2019augmentation des combustibles sauvages (la v\u00e9g\u00e9tation qui peut contribuer aux feux de for\u00eat est appel\u00e9e simplement \u00ab\u00a0combustible\u00a0\u00bb) dans le but d\u2019att\u00e9nuer l\u2019intensit\u00e9 et l\u2019impact potentiels des feux de for\u00eat. Intuitivement, la gestion de la v\u00e9g\u00e9tation en tant que strat\u00e9gie de r\u00e9duction des risques de feux de for\u00eat est logique\u00a0: le feu a besoin de combustible, sous forme de v\u00e9g\u00e9tation, pour br\u00fbler; si nous pouvons augmenter le combustible, nous pouvons accro\u00eetre le feu.<\/p>\n<p>Les projets peuvent servir de nombreux objectifs diff\u00e9rents\u00a0: r\u00e9duire l\u2019intensit\u00e9, la gravit\u00e9 et la vitesse de propagation d\u2019incendies forestiers, fournir un outil strat\u00e9gique aux \u00e9quipes de gestion des incidents qui interviennent en cas de feux de for\u00eat \u00e0 proximit\u00e9 d\u2019une collectivit\u00e9. Ils peuvent \u00e9galement cr\u00e9er des zones dans une collectivit\u00e9 pour promouvoir l\u2019\u00e9ducation sur les feux de for\u00eat et les principes d\u2019Intelli-feu.<br \/>Le traitement des combustibles peut \u00eatre mod\u00e9r\u00e9 ou intensif, selon les objectifs poursuivis par l\u2019agence gouvernementale, la collectivit\u00e9 ou le propri\u00e9taire qui les met en \u0153uvre.<\/p>\n<p>En g\u00e9n\u00e9ral, la gestion de la v\u00e9g\u00e9tation peut \u00eatre effectu\u00e9e de trois mani\u00e8res diff\u00e9rentes\u00a0: l\u2019\u00e9limination, la r\u00e9duction et la conversion du combustible. Tous les traitements des combustibles incorporent g\u00e9n\u00e9ralement une combinaison de ces trois m\u00e9thodologies. Le traitement des combustibles peut \u00e9galement varier de plusieurs hectares \u00e0 des arbres et d\u00e9bris de sol particuliers, selon les objectifs et l\u2019\u00e9chelle du projet.<\/p>\n<p>\u00c9limination du combustible \u2013 la v\u00e9g\u00e9tation inflammable est retir\u00e9e. Par exemple, l\u2019\u00e9limination des \u00e9pinettes matures adjacentes \u00e0 sa maison.<br \/>R\u00e9duction du combustible \u2013 la v\u00e9g\u00e9tation inflammable est r\u00e9duite. Exemples\u00a0: \u00e9lagage, \u00e9claircissement, fauche, p\u00e2turage, paillage, br\u00fblages dirig\u00e9s ou br\u00fblage de d\u00e9chets de coupe.<br \/>Conversion d\u2019esp\u00e8ces \u2013 \u00e9limination des esp\u00e8ces inflammables et remplacement par des esp\u00e8ces moins inflammables. L\u2019exemple est le remplacement des conif\u00e8res par des esp\u00e8ces \u00e0 feuilles caduques.<br \/>La r\u00e9duction, l\u2019\u00e9limination et la conversion de la v\u00e9g\u00e9tation combustible dans la zone d\u2019inflammation r\u00e9sidentielle sur nos propri\u00e9t\u00e9s priv\u00e9es sont d\u2019une importance capitale.<br \/>Plus de 90 % des maisons endommag\u00e9es ou d\u00e9truites par les feux de for\u00eat sont enflamm\u00e9es par des braises. En maintenant une surface incombustible de 1,5 m\u00e8tre autour de votre maison, vous r\u00e9duirez le risque que des braises souffl\u00e9es par le vent enflamment des mat\u00e9riaux \u00e0 proximit\u00e9 de celle-ci.<\/p>\n<p>[\/dipl_tabs_item][dipl_tabs_item title_type=\u00a0\u00bbtext_image\u00a0\u00bb title=\u00a0\u00bbL\u00e9gislation\u00a0\u00bb tab_image=\u00a0\u00bbhttps:\/\/firesmartcanada.ca\/wp-content\/uploads\/2023\/11\/7-Disciplines-Legislation.png\u00a0\u00bb _builder_version=\u00a0\u00bb4.27.4&Prime; _module_preset=\u00a0\u00bbdefault\u00a0\u00bb hover_enabled=\u00a0\u00bb0&Prime; global_colors_info=\u00a0\u00bb{}\u00a0\u00bb sticky_enabled=\u00a0\u00bb0&Prime;]<\/p>\n<h2>L\u00e9gislation<\/h2>\n<p>Les \u00e9tudes, exp\u00e9riences et mod\u00e8les r\u00e9alis\u00e9s apr\u00e8s un incendie ont montr\u00e9 que les maisons s\u2019enflamment en raison de l\u2019\u00e9tat de la structure et de tout ce qui l\u2019entoure, jusqu\u2019\u00e0 100\u00a0m\u00e8tres des fondations. Les lois, r\u00e8glements, plans, politiques et normes d\u2019am\u00e9nagement jouent un r\u00f4le important dans la cr\u00e9ation et le maintien de collectivit\u00e9s Intelli-feu. La prise en compte des feux de for\u00eat au stade de la planification de l\u2019am\u00e9nagement est une \u00e9tape cl\u00e9 de la protection des collectivit\u00e9s contre ce ph\u00e9nom\u00e8ne.<br \/>Il existe de nombreuses fa\u00e7ons d\u2019int\u00e9grer les principes Intelli-feu dans la planification et l\u2019am\u00e9nagement d\u2019un quartier. Chaque collectivit\u00e9 doit d\u00e9terminer les m\u00e9canismes les plus appropri\u00e9s pour atteindre ses objectifs Intelli-feu. La d\u00e9termination du m\u00e9canisme qui sera le plus efficace est \u00e0 la discr\u00e9tion des \u00e9quipes locales.<\/p>\n<p>[\/dipl_tabs_item][dipl_tabs_item title_type=\u00a0\u00bbtext_image\u00a0\u00bb title=\u00a0\u00bbD\u00e9veloppement\u00a0\u00bb tab_image=\u00a0\u00bbhttps:\/\/firesmartcanada.ca\/wp-content\/uploads\/2023\/11\/7-Disciplines-Development.png\u00a0\u00bb _builder_version=\u00a0\u00bb4.27.4&Prime; _module_preset=\u00a0\u00bbdefault\u00a0\u00bb hover_enabled=\u00a0\u00bb0&Prime; global_colors_info=\u00a0\u00bb{}\u00a0\u00bb sticky_enabled=\u00a0\u00bb0&Prime;]<\/p>\n<h2>D\u00e9veloppement<\/h2>\n<p>\u00c0 mesure que les collectivit\u00e9s s\u2019\u00e9tendent plus loin dans les zones bois\u00e9es, les maisons et les quartiers deviennent plus expos\u00e9s aux feux de for\u00eat. La probabilit\u00e9 qu\u2019une structure soit d\u00e9truite par un feu de for\u00eat est plus \u00e9lev\u00e9e lorsqu\u2019elle est situ\u00e9e dans une zone \u00e0 forte densit\u00e9 o\u00f9 les maisons peuvent s\u2019enflammer et o\u00f9 le feu peut facilement se propager d\u2019un b\u00e2timent \u00e0 l\u2019autre.<br \/>Les normes d\u2019am\u00e9nagement jouent un r\u00f4le important dans la r\u00e9duction de l\u2019impact potentiel d\u2019un feu de for\u00eat sur une collectivit\u00e9. Le potentiel de dommages s\u2019intensifie lorsque des mat\u00e9riaux de construction inflammables sont utilis\u00e9s.<\/p>\n<p>[\/dipl_tabs_item][dipl_tabs_item title_type=\u00a0\u00bbtext_image\u00a0\u00bb title=\u00a0\u00bbCoop\u00e9ration entre les organismes\u00a0\u00bb tab_image=\u00a0\u00bbhttps:\/\/firesmartcanada.ca\/wp-content\/uploads\/2023\/11\/7-Disciplines-Interagency-Cooperation.png\u00a0\u00bb _builder_version=\u00a0\u00bb4.27.4&Prime; _module_preset=\u00a0\u00bbdefault\u00a0\u00bb hover_enabled=\u00a0\u00bb0&Prime; global_colors_info=\u00a0\u00bb{}\u00a0\u00bb sticky_enabled=\u00a0\u00bb0&Prime;]<\/p>\n<h2>Coop\u00e9ration entre les organismes<\/h2>\n<p>La r\u00e9ussite d\u2019un programme de collectivit\u00e9 Intelli-feu exige un engagement et des partenariats solides. Les \u00e9lus, les planificateurs en am\u00e9nagement de quartiers, les promoteurs, le gouvernement, les entreprises et les r\u00e9sidents ont tous un r\u00f4le important \u00e0 jouer.<br \/>L\u2019\u00e9ducation du public est l\u2019un des composants les plus difficiles dans la cr\u00e9ation d\u2019une collectivit\u00e9 Intelli-feu, car de nombreux r\u00e9sidents ne comprennent pas la menace locale des feux de for\u00eat et supposent que les services d\u2019urgence seront en mesure de prot\u00e9ger le quartier lors d\u2019un feu de for\u00eat en milieu p\u00e9riurbain.<br \/>La m\u00e9thode Intelli-feu traite de ces probl\u00e8mes complexes dont la r\u00e9solution n\u00e9cessite une approche collaborative. L\u2019\u00e9ducation continue de toutes les parties prenantes est essentielle pour garantir une prise de d\u00e9cision \u00e9clair\u00e9e. Un groupe d\u2019intervenants bien inform\u00e9s contribuera \u00e0 susciter un soutien pour l\u2019adoption des principes Intelli-feu, ce qui peut \u00eatre co\u00fbteux en argent et en temps. La transparence au cours du processus de planification Intelli-feu dans les collectivit\u00e9s peut \u00e9galement contribuer \u00e0 accro\u00eetre l\u2019int\u00e9r\u00eat et les connaissances du grand public; au bout du compte, une meilleure compr\u00e9hension globale des principes Intelli-feu am\u00e9liorera l\u2019efficacit\u00e9 de la mise en \u0153uvre des strat\u00e9gies d\u2019att\u00e9nuation.<\/p>\n<p>[\/dipl_tabs_item][dipl_tabs_item title_type=\u00a0\u00bbtext_image\u00a0\u00bb title=\u00a0\u00bbFormation crois\u00e9e\u00a0\u00bb tab_image=\u00a0\u00bbhttps:\/\/firesmartcanada.ca\/wp-content\/uploads\/2023\/11\/7-Disciplines-Cross-Training.png\u00a0\u00bb _builder_version=\u00a0\u00bb4.27.4&Prime; _module_preset=\u00a0\u00bbdefault\u00a0\u00bb hover_enabled=\u00a0\u00bb0&Prime; global_colors_info=\u00a0\u00bb{}\u00a0\u00bb sticky_enabled=\u00a0\u00bb0&Prime;]<\/p>\n<h2>Formation crois\u00e9e<\/h2>\n<p>Les feux de for\u00eat ne respectent pas les limites de juridiction et peuvent se d\u00e9placer des terres foresti\u00e8res vers les quartiers et vice-versa. Dans de nombreux cas, les \u00e9v\u00e9nements survenant dans le milieu p\u00e9riurbain n\u00e9cessitent l\u2019intervention de nombreuses organisations d\u2019intervention d\u2019urgence diff\u00e9rentes. Pour que l\u2019intervention soit efficace, s\u00fbre et organis\u00e9e, la planification et la formation doivent \u00eatre faites \u00e0 l\u2019avance; la formation ne peut pas \u00eatre efficace si elle est r\u00e9alis\u00e9e de mani\u00e8re isol\u00e9e.<br \/>La formation crois\u00e9e vise \u00e0 rassembler les organisations d\u2019intervention d\u2019urgence dans le but d\u2019identifier les faiblesses et les lacunes potentielles des efforts d\u2019intervention avant une urgence r\u00e9elle.<br \/>La formation peut \u00e9galement \u00eatre men\u00e9e \u00e0 bien pour permettre aux organisations de se familiariser avec l\u2019\u00e9quipement, les proc\u00e9dures et les strat\u00e9gies des autres organismes qui peuvent potentiellement \u00eatre sollicit\u00e9s en cas d\u2019urgence li\u00e9e \u00e0 un feu de for\u00eat. L\u2019objectif global est de r\u00e9duire tout apprentissage sur le terrain qui pourrait \u00eatre n\u00e9cessaire en cas d\u2019urgence.<\/p>\n<p>[\/dipl_tabs_item][\/dipl_tabs][\/et_pb_column][\/et_pb_row][\/et_pb_section]<\/p>\n","protected":false},"excerpt":{"rendered":"<p>Le programme Intelli-feu contribue \u00e0 r\u00e9duire les risques d&rsquo;incendie de for\u00eat pour les maisons, les quartiers, les infrastructures essentielles et les ressources naturelles essentielles. Il s&rsquo;agit d&rsquo;une responsabilit\u00e9 partag\u00e9e entre nous tous. Les individus, les communaut\u00e9s, les gouvernements et les organisations du secteur priv\u00e9 ont tous un r\u00f4le \u00e0 jouer. Le programme Intelli-feu est mis [&hellip;]<\/p>\n","protected":false},"author":1,"featured_media":13054,"parent":12990,"menu_order":0,"comment_status":"closed","ping_status":"closed","template":"","meta":{"_et_pb_use_builder":"on","_et_pb_old_content":"","_et_gb_content_width":"","footnotes":""},"class_list":["post-13053","page","type-page","status-publish","has-post-thumbnail","hentry"],"_links":{"self":[{"href":"https:\/\/dev.firesmartcanada.ca\/fr\/wp-json\/wp\/v2\/pages\/13053","targetHints":{"allow":["GET"]}}],"collection":[{"href":"https:\/\/dev.firesmartcanada.ca\/fr\/wp-json\/wp\/v2\/pages"}],"about":[{"href":"https:\/\/dev.firesmartcanada.ca\/fr\/wp-json\/wp\/v2\/types\/page"}],"author":[{"embeddable":true,"href":"https:\/\/dev.firesmartcanada.ca\/fr\/wp-json\/wp\/v2\/users\/1"}],"replies":[{"embeddable":true,"href":"https:\/\/dev.firesmartcanada.ca\/fr\/wp-json\/wp\/v2\/comments?post=13053"}],"version-history":[{"count":4,"href":"https:\/\/dev.firesmartcanada.ca\/fr\/wp-json\/wp\/v2\/pages\/13053\/revisions"}],"predecessor-version":[{"id":13996,"href":"https:\/\/dev.firesmartcanada.ca\/fr\/wp-json\/wp\/v2\/pages\/13053\/revisions\/13996"}],"up":[{"embeddable":true,"href":"https:\/\/dev.firesmartcanada.ca\/fr\/wp-json\/wp\/v2\/pages\/12990"}],"wp:featuredmedia":[{"embeddable":true,"href":"https:\/\/dev.firesmartcanada.ca\/fr\/wp-json\/wp\/v2\/media\/13054"}],"wp:attachment":[{"href":"https:\/\/dev.firesmartcanada.ca\/fr\/wp-json\/wp\/v2\/media?parent=13053"}],"curies":[{"name":"wp","href":"https:\/\/api.w.org\/{rel}","templated":true}]}}